{"id":26295,"date":"2025-04-02T17:48:23","date_gmt":"2025-04-02T15:48:23","guid":{"rendered":"https:\/\/dupescents.co\/products\/huele-a-acqua-di-gio-2\/"},"modified":"2026-02-21T19:22:17","modified_gmt":"2026-02-21T18:22:17","slug":"huele-a-acqua-di-gio-2","status":"publish","type":"product","link":"https:\/\/dupescents.co\/es\/productos\/huele-a-acqua-di-gio-2\/","title":{"rendered":"Huele a&#8230; Acqua Di Gio"},"content":{"rendered":"<p>EAU DE PARFUM NO 110W - CORRESPONDE A GIORGIO ARMANI ACQUA DI GIO<\/p>\n<p>NOTAS DE FRAGANCIA DE NUESTRO SUSTITUTO:<\/p>\n<p>VODKA DE ALMIZCLE<br \/>\nPIWONIA<br \/>\nCONWALIA<br \/>\nHIACINT<br \/>\nLILY<br \/>\nANANAS<br \/>\nJASMINE<br \/>\nFRISCHER<br \/>\nCITRON<br \/>\nHOJA DE PL\u00c1TANO<br \/>\nBROSCOSE<br \/>\nPI\u017bMO<br \/>\nVIOLETA<br \/>\nCALONE<br \/>\nCEDRO<br \/>\nSANDALWOOD<br \/>\nYLANG-YLANG<br \/>\nROSA<br \/>\nSTYRAX<br \/>\nBURSHINE<br \/>\nDESCRIPCI\u00d3N DE LA FRAGANCIA ACQUA DI GIO (MUJER):<\/p>\n<p>Una fragancia que se asocia a una brisa marina maravillosamente fresca. Nuestro hom\u00f3logo de Giorgio Armani Acqua di Gio recuerda los relajantes d\u00edas de verano en una playa ba\u00f1ada por olas espumosas. La armoniosa combinaci\u00f3n de notas florales con c\u00edtricos y c\u00e1lidos tonos amaderados es relajante y evoca unas vacaciones junto al mar. Es una fragancia vigorizante que evoca asociaciones con la naturaleza y el romanticismo.   <\/p>\n<p>CARACTER\u00cdSTICAS DE LA FRAGANCIA ACQUA DI GIO:<br \/>\nTipo de fragancia: afrutada, floral<br \/>\nIndicado para: Mujeres<br \/>\nContenido: 30 ml \/ 50 ml \/ 100 ml<br \/>\nC\u00f3digo de producto: 110W<\/p>\n<p>\u00bfA qu\u00e9 huele el equivalente del perfume Acqua Di Gio?<br \/>\nSe trata de un hermoso perfume cuya fragancia se describe como floral pero tambi\u00e9n afrutada. Puedes oler notas de p\u00e9talos de rosa, violeta, melocot\u00f3n, lim\u00f3n, s\u00e1ndalo o flor de lirio de los valles, entre otras. Sin embargo, la composici\u00f3n contiene muchos otros acentos y el aroma general recuerda a la luz del sol y a un ambiente que invita a la calma y a la relajaci\u00f3n.  <\/p>\n<p>\u00bfCu\u00e1ndo merece la pena recurrir al sustituto de Acqua Di Gio?<br \/>\nEs una fragancia moderna que se adapta a muchas ocasiones y puede recomendarse tanto para el d\u00eda como para la noche. Tambi\u00e9n cabe destacar su longevidad, que es una ventaja a\u00f1adida. <\/p>\n","protected":false},"excerpt":{"rendered":"<p class=\"product__text inline-richtext\">Inspiraci\u00f3n: Giorgio Armani Acqua Di Gio EDT 100ML<\/p>\n<p class=\"product__text inline-richtext\"><strong>\u2705 Eau de Toilette 19-21% Perfume<\/strong><\/p>\n<p class=\"product__text inline-richtext\"><strong>\u2705 La fragancia dura un segundo d\u00eda<\/strong><\/p>\n<p class=\"product__text inline-richtext\"><strong>Compra la fragancia, no la marca: ahorra dinero<\/strong><\/p>\n","protected":false},"featured_media":35764,"comment_status":"open","ping_status":"closed","template":"","meta":{"_acf_changed":false},"product_brand":[],"product_cat":[212,204],"product_tag":[],"class_list":{"0":"post-26295","1":"product","2":"type-product","3":"status-publish","4":"has-post-thumbnail","6":"product_cat-los-mas-vendidos","7":"product_cat-para-mujeres","9":"first","10":"instock","11":"shipping-taxable","12":"purchasable","13":"product-type-variable"},"acf":[],"aioseo_notices":[],"jetpack_sharing_enabled":true,"_links":{"self":[{"href":"https:\/\/dupescents.co\/es\/wp-json\/wp\/v2\/product\/26295","targetHints":{"allow":["GET"]}}],"collection":[{"href":"https:\/\/dupescents.co\/es\/wp-json\/wp\/v2\/product"}],"about":[{"href":"https:\/\/dupescents.co\/es\/wp-json\/wp\/v2\/types\/product"}],"replies":[{"embeddable":true,"href":"https:\/\/dupescents.co\/es\/wp-json\/wp\/v2\/comments?post=26295"}],"wp:featuredmedia":[{"embeddable":true,"href":"https:\/\/dupescents.co\/es\/wp-json\/wp\/v2\/media\/35764"}],"wp:attachment":[{"href":"https:\/\/dupescents.co\/es\/wp-json\/wp\/v2\/media?parent=26295"}],"wp:term":[{"taxonomy":"product_brand","embeddable":true,"href":"https:\/\/dupescents.co\/es\/wp-json\/wp\/v2\/product_brand?post=26295"},{"taxonomy":"product_cat","embeddable":true,"href":"https:\/\/dupescents.co\/es\/wp-json\/wp\/v2\/product_cat?post=26295"},{"taxonomy":"product_tag","embeddable":true,"href":"https:\/\/dupescents.co\/es\/wp-json\/wp\/v2\/product_tag?post=26295"}],"curies":[{"name":"wp","href":"https:\/\/api.w.org\/{rel}","templated":true}]}}