{"id":26243,"date":"2025-04-02T17:50:49","date_gmt":"2025-04-02T15:50:49","guid":{"rendered":"https:\/\/dupescents.co\/products\/huele-a-mademoiselle-intenso\/"},"modified":"2026-02-15T11:24:45","modified_gmt":"2026-02-15T10:24:45","slug":"huele-a-mademoiselle-intenso","status":"publish","type":"product","link":"https:\/\/dupescents.co\/es\/productos\/huele-a-mademoiselle-intenso\/","title":{"rendered":"Huele a&#8230; Mademoiselle Intenso"},"content":{"rendered":"<p>067W - Ersatz f\u00fcr Chanel Coco Mademoiselle Intense<br \/>\nEAU DE PARFUM NR. 067W - ERSATZ F\u00dcR CHANEL COCO MADEMOISELLE INTENSE<\/p>\n<p>DUFTNOTEN UNSERES ERSATZES:<\/p>\n<p>PACULA<br \/>\nTONKA BASK<br \/>\nMADAGASSISCHE VANILLE<br \/>\nSIZILIANISCHE ORANGE<br \/>\nROSE<br \/>\nFR\u00dcCHTIGKEITSNOTEN<br \/>\nJASMINE<br \/>\nKALABRISCHE BERGAMOTTE<br \/>\nLABDANUM<br \/>\nWEISSE PIZZE<br \/>\nZITRONE<br \/>\nDUFTBESCHREIBUNG:<\/p>\n<p>Der wunderbar feminine Duft befl\u00fcgelt die Sinne und entfesselt die Weiblichkeit der Tr\u00e4gerin. Unser \u00c4quivalent zum Chanel-Duft Coco Mademoiselle Intense ist f\u00fcr selbstbewusste, elegante Frauen, die ihre Sinnlichkeit betonen wollen. Die sch\u00f6ne Kombination von Zitrusfr\u00fcchten mit wei\u00dfem Moschus und Patchouli erfrischt und belebt die Sinne zugleich. Dieses Parf\u00fcm ist sowohl f\u00fcr besondere Anl\u00e4sse als auch f\u00fcr den Alltag geeignet.<\/p>\n","protected":false},"excerpt":{"rendered":"<p class=\"product__text inline-richtext\">Inspiraci\u00f3n: Chanel Coco Mademoiselle Intense EDP 50ML<\/p>\n<p class=\"product__text inline-richtext\"><strong>\u2705 Eau de Toilette 19-21% Perfume<\/strong><\/p>\n<p class=\"product__text inline-richtext\"><strong>\u2705 La fragancia dura un segundo d\u00eda<\/strong><\/p>\n<p class=\"product__text inline-richtext\"><strong>Compra la fragancia, no la marca: ahorra dinero<\/strong><\/p>\n","protected":false},"featured_media":35282,"comment_status":"open","ping_status":"closed","template":"","meta":{"_acf_changed":false},"product_brand":[],"product_cat":[212,204],"product_tag":[],"class_list":{"0":"post-26243","1":"product","2":"type-product","3":"status-publish","4":"has-post-thumbnail","6":"product_cat-los-mas-vendidos","7":"product_cat-para-mujeres","9":"first","10":"instock","11":"shipping-taxable","12":"purchasable","13":"product-type-variable"},"acf":[],"aioseo_notices":[],"jetpack_sharing_enabled":true,"_links":{"self":[{"href":"https:\/\/dupescents.co\/es\/wp-json\/wp\/v2\/product\/26243","targetHints":{"allow":["GET"]}}],"collection":[{"href":"https:\/\/dupescents.co\/es\/wp-json\/wp\/v2\/product"}],"about":[{"href":"https:\/\/dupescents.co\/es\/wp-json\/wp\/v2\/types\/product"}],"replies":[{"embeddable":true,"href":"https:\/\/dupescents.co\/es\/wp-json\/wp\/v2\/comments?post=26243"}],"wp:featuredmedia":[{"embeddable":true,"href":"https:\/\/dupescents.co\/es\/wp-json\/wp\/v2\/media\/35282"}],"wp:attachment":[{"href":"https:\/\/dupescents.co\/es\/wp-json\/wp\/v2\/media?parent=26243"}],"wp:term":[{"taxonomy":"product_brand","embeddable":true,"href":"https:\/\/dupescents.co\/es\/wp-json\/wp\/v2\/product_brand?post=26243"},{"taxonomy":"product_cat","embeddable":true,"href":"https:\/\/dupescents.co\/es\/wp-json\/wp\/v2\/product_cat?post=26243"},{"taxonomy":"product_tag","embeddable":true,"href":"https:\/\/dupescents.co\/es\/wp-json\/wp\/v2\/product_tag?post=26243"}],"curies":[{"name":"wp","href":"https:\/\/api.w.org\/{rel}","templated":true}]}}