{"id":26220,"date":"2025-03-28T19:38:16","date_gmt":"2025-03-28T18:38:16","guid":{"rendered":"https:\/\/dupescents.co\/products\/huele-a-fantasma\/"},"modified":"2026-02-21T20:36:29","modified_gmt":"2026-02-21T19:36:29","slug":"huele-a-fantasma","status":"publish","type":"product","link":"https:\/\/dupescents.co\/es\/productos\/huele-a-fantasma\/","title":{"rendered":"Huele a&#8230; Fantasma"},"content":{"rendered":"<p>399M - UN PERFUME SUSTITUTIVO DE Paco Rabanne PHANTOM<br \/>\nEFUME PERFUMADO NO. 399M - PERFUME SUSTITUTIVO DE Paco Rabanne Phantom<\/p>\n<p>NOTAS DE FRAGANCIA DE NUESTRO SUSTITUTO:<\/p>\n<p>Lavanda,<br \/>\nC\u00e1scara de lim\u00f3n<br \/>\nLim\u00f3n de Amalfi<br \/>\nManzana<br \/>\nHumo<br \/>\nNotas terrosas<br \/>\nPachul\u00ed<br \/>\nVainilla<br \/>\nVetiver<br \/>\nDESCRIPCI\u00d3N DE LA FRAGANCIA:<\/p>\n<p>Frescor c\u00edtrico y un toque moderno: eso es lo que combina el equivalente de Paco Rabanne Phantom. Las notas perfectamente compuestas de lavanda perfumada, piel de lim\u00f3n y lim\u00f3n Amalfi te llenar\u00e1n de energ\u00eda de inmediato. Una fragancia perfecta para los entusiastas del bricolaje y los aficionados a la tecnolog\u00eda moderna: esta composici\u00f3n desata la creatividad y sin duda inspira soluciones originales. Las notas terrosas, la vainilla, el pachul\u00ed y el vetiver te devuelven a la tierra, mientras que las dulces notas de manzana redondean la mezcla de forma agradable y ligeramente sexy. Alcanza m\u00e1s, crea y descubre con la sustituci\u00f3n extremadamente fresca, coqueta y energizante de Paco Rabanne Phantom.    <\/p>\n<p>CARACTER\u00cdSTICAS DEL PERFUMADOR FANTASMA:<br \/>\nTipo de fragancia: amaderada, arom\u00e1tica<br \/>\nPara qui\u00e9n: masculino<br \/>\nContenido: 10ml \/ 30ml \/ 50ml \/ 100ml<br \/>\nC\u00f3digo de producto: 399M<\/p>\n<p>\u00bfA qu\u00e9 huele el equivalente del perfume Paco Rabanne Phantom?<br \/>\nEs una fragancia futurista con aromas de lim\u00f3n, vainilla y lavanda, entre otros. El conjunto puede describirse como una composici\u00f3n amaderada y muy arom\u00e1tica. Es un perfume muy bueno para hombres que buscan una fragancia muy atrevida que al mismo tiempo siga siendo muy motivadora y estimulante durante todo el d\u00eda.  <\/p>\n","protected":false},"excerpt":{"rendered":"<p>Inspiraci\u00f3n: Paco Rabanne Phantom EDT 100ML<\/p>\n<p class=\"product__text inline-richtext\"><strong>\u2705 Eau de Toilette 19-21% Perfume<\/strong><\/p>\n<p class=\"product__text inline-richtext\"><strong>\u2705 La fragancia dura un segundo d\u00eda<\/strong><\/p>\n<p class=\"product__text inline-richtext\"><strong>Compra la fragancia, no la marca: ahorra dinero<\/strong><\/p>\n","protected":false},"featured_media":35825,"comment_status":"open","ping_status":"closed","template":"","meta":{"_acf_changed":false},"product_brand":[],"product_cat":[199],"product_tag":[],"class_list":{"0":"post-26220","1":"product","2":"type-product","3":"status-publish","4":"has-post-thumbnail","6":"product_cat-para-hombre","8":"first","9":"instock","10":"shipping-taxable","11":"purchasable","12":"product-type-variable"},"acf":[],"aioseo_notices":[],"jetpack_sharing_enabled":true,"_links":{"self":[{"href":"https:\/\/dupescents.co\/es\/wp-json\/wp\/v2\/product\/26220","targetHints":{"allow":["GET"]}}],"collection":[{"href":"https:\/\/dupescents.co\/es\/wp-json\/wp\/v2\/product"}],"about":[{"href":"https:\/\/dupescents.co\/es\/wp-json\/wp\/v2\/types\/product"}],"replies":[{"embeddable":true,"href":"https:\/\/dupescents.co\/es\/wp-json\/wp\/v2\/comments?post=26220"}],"wp:featuredmedia":[{"embeddable":true,"href":"https:\/\/dupescents.co\/es\/wp-json\/wp\/v2\/media\/35825"}],"wp:attachment":[{"href":"https:\/\/dupescents.co\/es\/wp-json\/wp\/v2\/media?parent=26220"}],"wp:term":[{"taxonomy":"product_brand","embeddable":true,"href":"https:\/\/dupescents.co\/es\/wp-json\/wp\/v2\/product_brand?post=26220"},{"taxonomy":"product_cat","embeddable":true,"href":"https:\/\/dupescents.co\/es\/wp-json\/wp\/v2\/product_cat?post=26220"},{"taxonomy":"product_tag","embeddable":true,"href":"https:\/\/dupescents.co\/es\/wp-json\/wp\/v2\/product_tag?post=26220"}],"curies":[{"name":"wp","href":"https:\/\/api.w.org\/{rel}","templated":true}]}}