{"id":26211,"date":"2025-03-28T19:33:45","date_gmt":"2025-03-28T18:33:45","guid":{"rendered":"https:\/\/dupescents.co\/products\/huele-a-codigo-armani\/"},"modified":"2026-02-15T11:08:26","modified_gmt":"2026-02-15T10:08:26","slug":"huele-a-codigo-armani","status":"publish","type":"product","link":"https:\/\/dupescents.co\/es\/productos\/huele-a-codigo-armani\/","title":{"rendered":"Huele a&#8230; C\u00f3digo Armani"},"content":{"rendered":"<p>260M - Ersatz f\u00fcr Giorgio Armani Code<br \/>\n260M EAU DE PARFUM - ERSATZ F\u00dcR GIORGIO ARMANI ARMANI CODE<\/p>\n<p>DUFTNOTEN UNSERES ERSATZES:<\/p>\n<p>HAUT<br \/>\nSTERNANIS<br \/>\nOLIVENBAUMBL\u00dcTE<br \/>\nTONKA FASOL<br \/>\nTOAST<br \/>\nZITRONE<br \/>\nBERGAMOT<br \/>\nGUAIAC-HOLZ<br \/>\nDUFTBESCHREIBUNG:<\/p>\n<p>Ein Duft aus Zitrusfr\u00fcchten und Gew\u00fcrzen f\u00fcr verf\u00fchrerische M\u00e4nner, die sich ihrer Vorz\u00fcge bewusst sind und sich nicht scheuen, sie zu zeigen. Dieses Eau de Parfum ist das Gegenst\u00fcck zu Giorgio Armani Armani Code und wurde f\u00fcr sinnliche, die Sinne anregende Abende entwickelt. Dieser Duft wird von jedem modernen Gentleman mit unverhohlenem Erfolg gesch\u00e4tzt werden.<\/p>\n<p>MERKMALE DES PARFUMS ARMANI CODE EQUIVALENT:<br \/>\nDufttyp: orientalisch, w\u00fcrzig<br \/>\nF\u00fcr wen: m\u00e4nnlich<br \/>\nInhalt: 10 ml \/ 30 ml \/ 50 ml \/ 100 ml<br \/>\nProdukt-Code: 260M<br \/>\nDer Preis f\u00fcr dieses Parf\u00fcm h\u00e4ngt von der angegebenen Menge ab.<br \/>\nBitte geben Sie uns Ihr Feedback nach dem Kauf!<\/p>\n<p>Sehen Sie auch andere Giorgio Armani Parfums und ihre Ersatzprodukte.<\/p>\n","protected":false},"excerpt":{"rendered":"<p class=\"product__text inline-richtext\">Inspiraci\u00f3n: Giorgio Armani Armani Code EDT 50ML<\/p>\n<p class=\"product__text inline-richtext\"><strong>\u2705 Eau de Toilette 19-21% Perfume<\/strong><\/p>\n<p class=\"product__text inline-richtext\"><strong>\u2705 La fragancia dura un segundo d\u00eda<\/strong><\/p>\n<p class=\"product__text inline-richtext\"><strong>Compra la fragancia, no la marca: ahorra dinero<\/strong><\/p>\n","protected":false},"featured_media":35321,"comment_status":"open","ping_status":"closed","template":"","meta":{"_acf_changed":false},"product_brand":[],"product_cat":[199],"product_tag":[],"class_list":{"0":"post-26211","1":"product","2":"type-product","3":"status-publish","4":"has-post-thumbnail","6":"product_cat-para-hombre","8":"first","9":"instock","10":"shipping-taxable","11":"purchasable","12":"product-type-variable"},"acf":[],"aioseo_notices":[],"jetpack_sharing_enabled":true,"_links":{"self":[{"href":"https:\/\/dupescents.co\/es\/wp-json\/wp\/v2\/product\/26211","targetHints":{"allow":["GET"]}}],"collection":[{"href":"https:\/\/dupescents.co\/es\/wp-json\/wp\/v2\/product"}],"about":[{"href":"https:\/\/dupescents.co\/es\/wp-json\/wp\/v2\/types\/product"}],"replies":[{"embeddable":true,"href":"https:\/\/dupescents.co\/es\/wp-json\/wp\/v2\/comments?post=26211"}],"wp:featuredmedia":[{"embeddable":true,"href":"https:\/\/dupescents.co\/es\/wp-json\/wp\/v2\/media\/35321"}],"wp:attachment":[{"href":"https:\/\/dupescents.co\/es\/wp-json\/wp\/v2\/media?parent=26211"}],"wp:term":[{"taxonomy":"product_brand","embeddable":true,"href":"https:\/\/dupescents.co\/es\/wp-json\/wp\/v2\/product_brand?post=26211"},{"taxonomy":"product_cat","embeddable":true,"href":"https:\/\/dupescents.co\/es\/wp-json\/wp\/v2\/product_cat?post=26211"},{"taxonomy":"product_tag","embeddable":true,"href":"https:\/\/dupescents.co\/es\/wp-json\/wp\/v2\/product_tag?post=26211"}],"curies":[{"name":"wp","href":"https:\/\/api.w.org\/{rel}","templated":true}]}}