{"id":26201,"date":"2025-03-28T19:40:29","date_gmt":"2025-03-28T18:40:29","guid":{"rendered":"https:\/\/dupescents.co\/products\/huele-a-elixir-de-un-millon\/"},"modified":"2025-11-05T19:22:26","modified_gmt":"2025-11-05T18:22:26","slug":"huele-a-elixir-de-un-millon","status":"publish","type":"product","link":"https:\/\/dupescents.co\/es\/productos\/huele-a-elixir-de-un-millon\/","title":{"rendered":"Huele a&#8230; Elixir de un mill\u00f3n"},"content":{"rendered":"<p>334M - Ersatz f\u00fcr Paco Rabanne One Million Elixir<br \/>\nEAU DE PARFUM NR. 334M - ERSATZ F\u00dcR PACO RABANNE ONE MILLION ELIXIR<\/p>\n<p>DUFTNOTEN UNSERES ERSATZES:<\/p>\n<p>JABEL<br \/>\nDAVANA<br \/>\nDAMASK ROSE<br \/>\nCEDR<br \/>\nOSMANTUS<br \/>\nVANILLE ABSOLUT<br \/>\nTONKA FASOL<br \/>\nPACULA<br \/>\nDUFTBESCHREIBUNG:<\/p>\n<p>Das von Paco Rabanne One Million Elixir inspirierte Parfum vereint Kraft, Eleganz, Intensit\u00e4t und Exklusivit\u00e4t. Die holzig-aromatische Komposition enth\u00e4lt Rosennoten, Zedernholz, Patchouli, Tonkabohne und Apfel. Es unterstreicht perfekt Ihre Individualit\u00e4t und M\u00e4nnlichkeit. Ideal f\u00fcr einen Abend - vor allem, wenn Sie die Aufmerksamkeit auf sich ziehen wollen!<\/p>\n<p>EIGENSCHAFTEN VON PACO RABANNE ONE MILLION ELIXIR :<br \/>\nDufttyp: holzig, aromatisch.<br \/>\nF\u00fcr wen: m\u00e4nnlich<br \/>\nInhalt 10 ml \/ 30 ml \/ 50 ml \/ 100 ml<br \/>\nProdukt-Code: 334M<br \/>\nDer Preis f\u00fcr dieses Parf\u00fcm h\u00e4ngt von der angegebenen Menge ab.<br \/>\nBitte geben Sie uns nach dem Kauf Ihr Feedback!<\/p>\n","protected":false},"excerpt":{"rendered":"<p>Inspiraci\u00f3n: Paco Rabanne One Million Elixir 100ML<\/p>\n<p class=\"product__text inline-richtext\"><strong>\u2705 Eau de Toilette 19-21% Perfume<\/strong><\/p>\n<p class=\"product__text inline-richtext\"><strong>\u2705 La fragancia dura un segundo d\u00eda<\/strong><\/p>\n<p class=\"product__text inline-richtext\"><strong>Compra la fragancia, no la marca: ahorra dinero<\/strong><\/p>\n","protected":false},"featured_media":36380,"comment_status":"open","ping_status":"closed","template":"","meta":{"_acf_changed":false},"product_brand":[],"product_cat":[199],"product_tag":[],"class_list":{"0":"post-26201","1":"product","2":"type-product","3":"status-publish","4":"has-post-thumbnail","6":"product_cat-para-hombre","8":"first","9":"instock","10":"shipping-taxable","11":"purchasable","12":"product-type-variable"},"acf":[],"aioseo_notices":[],"jetpack_sharing_enabled":true,"_links":{"self":[{"href":"https:\/\/dupescents.co\/es\/wp-json\/wp\/v2\/product\/26201","targetHints":{"allow":["GET"]}}],"collection":[{"href":"https:\/\/dupescents.co\/es\/wp-json\/wp\/v2\/product"}],"about":[{"href":"https:\/\/dupescents.co\/es\/wp-json\/wp\/v2\/types\/product"}],"replies":[{"embeddable":true,"href":"https:\/\/dupescents.co\/es\/wp-json\/wp\/v2\/comments?post=26201"}],"wp:featuredmedia":[{"embeddable":true,"href":"https:\/\/dupescents.co\/es\/wp-json\/wp\/v2\/media\/36380"}],"wp:attachment":[{"href":"https:\/\/dupescents.co\/es\/wp-json\/wp\/v2\/media?parent=26201"}],"wp:term":[{"taxonomy":"product_brand","embeddable":true,"href":"https:\/\/dupescents.co\/es\/wp-json\/wp\/v2\/product_brand?post=26201"},{"taxonomy":"product_cat","embeddable":true,"href":"https:\/\/dupescents.co\/es\/wp-json\/wp\/v2\/product_cat?post=26201"},{"taxonomy":"product_tag","embeddable":true,"href":"https:\/\/dupescents.co\/es\/wp-json\/wp\/v2\/product_tag?post=26201"}],"curies":[{"name":"wp","href":"https:\/\/api.w.org\/{rel}","templated":true}]}}