{"id":26196,"date":"2025-03-28T19:50:21","date_gmt":"2025-03-28T18:50:21","guid":{"rendered":"https:\/\/dupescents.co\/products\/huele-a-bad-boy\/"},"modified":"2026-02-22T00:45:46","modified_gmt":"2026-02-21T23:45:46","slug":"huele-a-bad-boy","status":"publish","type":"product","link":"https:\/\/dupescents.co\/es\/productos\/huele-a-bad-boy\/","title":{"rendered":"Huele a&#8230; BAD BOY"},"content":{"rendered":"<p>219M - Eau de Parfum Equivalente de Carolina Herrera BAD BOY<br \/>\nPARF\u00dcMWASSER NR. 219M - CAROLINA HERRERA BAD BOY \u00c4QUIVALENT<\/p>\n<p>NOTAS DE FRAGANCIA DE NUESTRO SUSTITUTO:<\/p>\n<p>BERGAMOTA<br \/>\nPR\u00cdNCIPE NEGRO<br \/>\nPASTEL BLANCO<br \/>\nCEDRO<br \/>\nSALVIA<br \/>\nFRUTOS DE TONKA<br \/>\nMADERA DE \u00c1MBAR<br \/>\nCOCO<br \/>\nDESCRIPCI\u00d3N DEL PERFUME BAD BOY:<\/p>\n<p>Una fragancia distintiva para hombres audaces que no conocen el compromiso. Nuestro hom\u00f3logo de Carolina Herrera Bad Boy es un eau de parfum perfecto para salir por la noche. Un c\u00f3ctel de notas profundas y especiadas combinadas con fuertes tonos picantes hace que sea dif\u00edcil resistirse a quien lleva este perfume.  <\/p>\n<p>CARACTER\u00cdSTICAS DEL EQUIVALENTE CAROLINA HERRERA BAD BOY FRAGANCIA:<br \/>\nTipo de fragancia: oriental, especiada<br \/>\nPara qui\u00e9n: masculino<br \/>\nVolumen: 10 ml \/ 30 ml \/ 50 ml \/ 100 ml<br \/>\nC\u00f3digo del producto: 219M<br \/>\nEl precio de este perfume depende de la cantidad indicada.<br \/>\n\u00a1Por favor, danos tu opini\u00f3n despu\u00e9s de la compra!<\/p>\n<p>Mira tambi\u00e9n otros perfumes Carolina Herrera y sus sustitutos.<\/p>\n<p>\u00bfA qu\u00e9 huele el perfume Bad Boy correspondiente?<br \/>\nEs una fragancia que se clasifica como especiada, pero tambi\u00e9n oriental y a veces ambarina. Las notas de fragancia incluidas en esta composici\u00f3n incluyen salvia, pimienta, bergamota y cacao. La fragancia tambi\u00e9n tiene un toque de frescor y estimula definitivamente la imaginaci\u00f3n.  <\/p>\n<p>\u00bfEl equivalente a chico malo es duradero?<br \/>\nEl contenido de perfume del sustituto del chico malo es del 19%, para que la fragancia dure mucho tiempo en la piel.<\/p>\n<p>Echa tambi\u00e9n un vistazo al sustituto del perfume Good Girl.<\/p>\n","protected":false},"excerpt":{"rendered":"<p>Inspiraci\u00f3n: Carolina Herrera BAD BOY EDT<\/p>\n<p class=\"product__text inline-richtext\"><strong>\u2705 Eau de Toilette 19-21% Perfume<\/strong><\/p>\n<p class=\"product__text inline-richtext\"><strong>\u2705 La fragancia dura un segundo d\u00eda<\/strong><\/p>\n<p class=\"product__text inline-richtext\"><strong>Compra la fragancia, no la marca: ahorra dinero<\/strong><\/p>\n","protected":false},"featured_media":35942,"comment_status":"open","ping_status":"closed","template":"","meta":{"_acf_changed":false},"product_brand":[],"product_cat":[199],"product_tag":[],"class_list":{"0":"post-26196","1":"product","2":"type-product","3":"status-publish","4":"has-post-thumbnail","6":"product_cat-para-hombre","8":"first","9":"instock","10":"shipping-taxable","11":"purchasable","12":"product-type-variable"},"acf":[],"aioseo_notices":[],"jetpack_sharing_enabled":true,"_links":{"self":[{"href":"https:\/\/dupescents.co\/es\/wp-json\/wp\/v2\/product\/26196","targetHints":{"allow":["GET"]}}],"collection":[{"href":"https:\/\/dupescents.co\/es\/wp-json\/wp\/v2\/product"}],"about":[{"href":"https:\/\/dupescents.co\/es\/wp-json\/wp\/v2\/types\/product"}],"replies":[{"embeddable":true,"href":"https:\/\/dupescents.co\/es\/wp-json\/wp\/v2\/comments?post=26196"}],"wp:featuredmedia":[{"embeddable":true,"href":"https:\/\/dupescents.co\/es\/wp-json\/wp\/v2\/media\/35942"}],"wp:attachment":[{"href":"https:\/\/dupescents.co\/es\/wp-json\/wp\/v2\/media?parent=26196"}],"wp:term":[{"taxonomy":"product_brand","embeddable":true,"href":"https:\/\/dupescents.co\/es\/wp-json\/wp\/v2\/product_brand?post=26196"},{"taxonomy":"product_cat","embeddable":true,"href":"https:\/\/dupescents.co\/es\/wp-json\/wp\/v2\/product_cat?post=26196"},{"taxonomy":"product_tag","embeddable":true,"href":"https:\/\/dupescents.co\/es\/wp-json\/wp\/v2\/product_tag?post=26196"}],"curies":[{"name":"wp","href":"https:\/\/api.w.org\/{rel}","templated":true}]}}