{"id":26174,"date":"2025-03-28T19:54:20","date_gmt":"2025-03-28T18:54:20","guid":{"rendered":"https:\/\/dupescents.co\/products\/huele-a-aqva-pour-homme\/"},"modified":"2026-02-21T19:53:41","modified_gmt":"2026-02-21T18:53:41","slug":"huele-a-aqva-pour-homme","status":"publish","type":"product","link":"https:\/\/dupescents.co\/es\/productos\/huele-a-aqva-pour-homme\/","title":{"rendered":"Huele a&#8230; Aqva Pour Homme"},"content":{"rendered":"<p>305M - Recambio para Bvlgari Aqva Pour Homme<br \/>\nEAU DE PARFUM NO 305M - RECAMBIO PARA BVLGARI AQVA POUR HOMME<\/p>\n<p>NOTAS DE FRAGANCIA DE NUESTRO SUSTITUTO:<\/p>\n<p>MANDARINA<br \/>\nNARANJA<br \/>\nPETITGRAIN<br \/>\nOLOROSA<br \/>\nLAVANDA<br \/>\nFLOR DE ALGOD\u00d3N<br \/>\nCEDRO DE VIRGINIA<br \/>\nNOTAS AMADERADAS<br \/>\nPACULA<br \/>\nSALVIA PEQUE\u00d1A<br \/>\nBURSHINE<br \/>\nDESCRIPCI\u00d3N DE LA FRAGANCIA:<\/p>\n<p>Atractivo, profundo como el oc\u00e9ano, fresco como la brisa marina. Da una sensaci\u00f3n de armon\u00eda. Como contrapartida al perfume AQVA de Bvlgari, esta sensual fragancia contiene notas de naranja y mandarina, \u00e1mbar, algas y salvia. Te da una sensaci\u00f3n fresca y misteriosa, \u00a1y acent\u00faa tu carisma natural!   <\/p>\n<p>CARACTER\u00cdSTICAS DEL PERFUME BVLGARI AQVA POUR HOMME EQUIVALENT:<br \/>\nTipo de fragancia: arom\u00e1tica, acu\u00e1tica.<br \/>\nPara qui\u00e9n: masculino<br \/>\nVolumen: 10 ml \/ 30 ml \/ 50 ml \/ 100 ml<br \/>\nC\u00f3digo del producto: 305M<br \/>\nEl precio de este perfume depende de la cantidad indicada.<br \/>\n\u00a1Por favor, danos tu opini\u00f3n despu\u00e9s de la compra!<\/p>\n","protected":false},"excerpt":{"rendered":"<p>Inspiraci\u00f3n: Bvlgari Aqva Pour Homme EDT 100ML<\/p>\n<p class=\"product__text inline-richtext\"><strong>\u2705 Eau de Toilette 19-21% Perfume<\/strong><\/p>\n<p class=\"product__text inline-richtext\"><strong>\u2705 La fragancia dura un segundo d\u00eda<\/strong><\/p>\n<p class=\"product__text inline-richtext\"><strong>Compra la fragancia, no la marca: ahorra dinero<\/strong><\/p>\n","protected":false},"featured_media":35801,"comment_status":"open","ping_status":"closed","template":"","meta":{"_acf_changed":false},"product_brand":[],"product_cat":[199],"product_tag":[],"class_list":{"0":"post-26174","1":"product","2":"type-product","3":"status-publish","4":"has-post-thumbnail","6":"product_cat-para-hombre","8":"first","9":"instock","10":"shipping-taxable","11":"purchasable","12":"product-type-variable"},"acf":[],"aioseo_notices":[],"jetpack_sharing_enabled":true,"_links":{"self":[{"href":"https:\/\/dupescents.co\/es\/wp-json\/wp\/v2\/product\/26174","targetHints":{"allow":["GET"]}}],"collection":[{"href":"https:\/\/dupescents.co\/es\/wp-json\/wp\/v2\/product"}],"about":[{"href":"https:\/\/dupescents.co\/es\/wp-json\/wp\/v2\/types\/product"}],"replies":[{"embeddable":true,"href":"https:\/\/dupescents.co\/es\/wp-json\/wp\/v2\/comments?post=26174"}],"wp:featuredmedia":[{"embeddable":true,"href":"https:\/\/dupescents.co\/es\/wp-json\/wp\/v2\/media\/35801"}],"wp:attachment":[{"href":"https:\/\/dupescents.co\/es\/wp-json\/wp\/v2\/media?parent=26174"}],"wp:term":[{"taxonomy":"product_brand","embeddable":true,"href":"https:\/\/dupescents.co\/es\/wp-json\/wp\/v2\/product_brand?post=26174"},{"taxonomy":"product_cat","embeddable":true,"href":"https:\/\/dupescents.co\/es\/wp-json\/wp\/v2\/product_cat?post=26174"},{"taxonomy":"product_tag","embeddable":true,"href":"https:\/\/dupescents.co\/es\/wp-json\/wp\/v2\/product_tag?post=26174"}],"curies":[{"name":"wp","href":"https:\/\/api.w.org\/{rel}","templated":true}]}}