{"id":26164,"date":"2025-03-28T19:46:59","date_gmt":"2025-03-28T18:46:59","guid":{"rendered":"https:\/\/dupescents.co\/products\/huele-a-allure-homme-sport-eau-extreme\/"},"modified":"2026-02-21T19:51:01","modified_gmt":"2026-02-21T18:51:01","slug":"huele-a-allure-homme-sport-eau-extreme","status":"publish","type":"product","link":"https:\/\/dupescents.co\/es\/productos\/huele-a-allure-homme-sport-eau-extreme\/","title":{"rendered":"Huele a&#8230; Allure Homme Sport EAU EXTREME"},"content":{"rendered":"<p>273M - Recambio para Chanel Allure Homme Sport Eau Extreme<br \/>\nEAU DE PARFUM NO 273M - RECAMBIO PARA CHANEL ALLURE HOMME SPORT EXTREME<\/p>\n<p>NOTAS DE FRAGANCIA DE NUESTRO SUSTITUTO:<\/p>\n<p>MANDARINA<br \/>\nMENTA<br \/>\nCHIPRE<br \/>\nSALVIA<br \/>\nPIMIENTA<br \/>\nTONKA FASOL<br \/>\nPI\u017bMO<br \/>\nS\u00c1NDALO<br \/>\nCEDRO<br \/>\nDESCRIPCI\u00d3N DE LA FRAGANCIA:<\/p>\n<p>\u00a1Haz hincapi\u00e9 en tu fuerza! Ve m\u00e1s all\u00e1 de tus l\u00edmites. \u00a1Prueba una fragancia que saque a relucir tu fuerza interior y original! Una composici\u00f3n arom\u00e1tica y amaderada con un toque de almizcle, acentuada por el fresco aroma de la menta y la salvia, te da energ\u00eda para el d\u00eda.   <\/p>\n<p>Prueba el 273M, inspiraci\u00f3n del perfume Allure Homme Sport Extreme de Chanel, \u00a1que te da un subid\u00f3n de adrenalina nada m\u00e1s abrir el frasco!<\/p>\n<p>PROPIEDADES DEL EQUIVALENTE:<\/p>\n<p>Tipo de fragancia: amaderada, arom\u00e1tica<br \/>\nPara qui\u00e9n: hombre<br \/>\nContenido 10 ml \/ 30 ml \/ 50 ml \/ 100 ml<br \/>\nC\u00f3digo de producto: 273M<br \/>\nEl precio de este perfume depende de la cantidad indicada.<br \/>\n\u00a1Por favor, danos tu opini\u00f3n despu\u00e9s de la compra!<\/p>\n<p>Consulta tambi\u00e9n otros perfumes Chanel y sus sustitutos.<\/p>\n","protected":false},"excerpt":{"rendered":"<p class=\"product__text inline-richtext\">Inspiraci\u00f3n: Chanel Allure Homme Sport EAU EXTREME EDT 50ML<\/p>\n<p class=\"product__text inline-richtext\"><strong>\u2705 Eau de Toilette 19-21% Perfume<\/strong><\/p>\n<p class=\"product__text inline-richtext\"><strong>\u2705 La fragancia dura un segundo d\u00eda<\/strong><\/p>\n<p class=\"product__text inline-richtext\"><strong>Compra la fragancia, no la marca: ahorra dinero<\/strong><\/p>\n","protected":false},"featured_media":35796,"comment_status":"open","ping_status":"closed","template":"","meta":{"_acf_changed":false},"product_brand":[],"product_cat":[199],"product_tag":[],"class_list":{"0":"post-26164","1":"product","2":"type-product","3":"status-publish","4":"has-post-thumbnail","6":"product_cat-para-hombre","8":"first","9":"instock","10":"shipping-taxable","11":"purchasable","12":"product-type-variable"},"acf":[],"aioseo_notices":[],"jetpack_sharing_enabled":true,"_links":{"self":[{"href":"https:\/\/dupescents.co\/es\/wp-json\/wp\/v2\/product\/26164","targetHints":{"allow":["GET"]}}],"collection":[{"href":"https:\/\/dupescents.co\/es\/wp-json\/wp\/v2\/product"}],"about":[{"href":"https:\/\/dupescents.co\/es\/wp-json\/wp\/v2\/types\/product"}],"replies":[{"embeddable":true,"href":"https:\/\/dupescents.co\/es\/wp-json\/wp\/v2\/comments?post=26164"}],"wp:featuredmedia":[{"embeddable":true,"href":"https:\/\/dupescents.co\/es\/wp-json\/wp\/v2\/media\/35796"}],"wp:attachment":[{"href":"https:\/\/dupescents.co\/es\/wp-json\/wp\/v2\/media?parent=26164"}],"wp:term":[{"taxonomy":"product_brand","embeddable":true,"href":"https:\/\/dupescents.co\/es\/wp-json\/wp\/v2\/product_brand?post=26164"},{"taxonomy":"product_cat","embeddable":true,"href":"https:\/\/dupescents.co\/es\/wp-json\/wp\/v2\/product_cat?post=26164"},{"taxonomy":"product_tag","embeddable":true,"href":"https:\/\/dupescents.co\/es\/wp-json\/wp\/v2\/product_tag?post=26164"}],"curies":[{"name":"wp","href":"https:\/\/api.w.org\/{rel}","templated":true}]}}