{"id":26159,"date":"2025-03-28T19:57:10","date_gmt":"2025-03-28T18:57:10","guid":{"rendered":"https:\/\/dupescents.co\/products\/huele-a-extremo\/"},"modified":"2026-02-22T01:03:14","modified_gmt":"2026-02-22T00:03:14","slug":"huele-a-extremo","status":"publish","type":"product","link":"https:\/\/dupescents.co\/es\/productos\/huele-a-extremo\/","title":{"rendered":"Huele a&#8230; Extremo"},"content":{"rendered":"<p>286M - Tom Ford Extreme Sustituci\u00f3n<br \/>\nEAU DE PARFUM NO 286M - TOM FORD EXTREME SUSTITUCI\u00d3N<\/p>\n<p>NOTAS DE FRAGANCIA DE NUESTRO SUSTITUTO:<\/p>\n<p>TRUFLA<br \/>\nFIGA<br \/>\nPACULA<br \/>\nCEDRO<br \/>\nLIM\u00d3N<br \/>\nDESCRIPCI\u00d3N DE LA FRAGANCIA:<\/p>\n<p>Una composici\u00f3n extremadamente seductora y ligeramente misteriosa para individualistas modernos. Nuestro Eau de Parfum n.\u00ba 286M es la contrapartida de la fragancia Tom Ford Extreme, apreciada por los hombres valientes, distantes de s\u00ed mismos y del mundo, y que mantienen cierta moderaci\u00f3n a la hora de expresar sus sentimientos. <\/p>\n<p>CARACTER\u00cdSTICAS DEL ART\u00cdCULO:<br \/>\nTipo de fragancia: oriental, amaderada<br \/>\nPara qui\u00e9n: hombre<br \/>\nVolumen: 30 ml \/ 50 ml \/ 100 ml<br \/>\nC\u00f3digo del producto: 286M<br \/>\nEl precio de este perfume depende de la cantidad indicada.<br \/>\n\u00a1Por favor, danos tu opini\u00f3n despu\u00e9s de la compra!<\/p>\n<p>Mira tambi\u00e9n otros perfumes Tom Ford y sus sustitutos.<\/p>\n<p>\u00bfA qu\u00e9 huele el perfume correspondiente Tom Ford Extreme?<br \/>\nEs una rica composici\u00f3n olfativa que alberga tanto interesantes notas amaderadas como frescor c\u00edtrico. Hay acentos de higuera, madera de cedro y pachul\u00ed, entre otros. El conjunto puede clasificarse como oriental o simplemente amaderado y es ideal para acentuar la confianza en uno mismo.  <\/p>\n","protected":false},"excerpt":{"rendered":"<p>Inspiraci\u00f3n: Tom Ford Extreme EDT 50ML<\/p>\n<p class=\"product__text inline-richtext\"><strong>\u2705 Eau de Toilette 19-21% Perfume<\/strong><\/p>\n<p class=\"product__text inline-richtext\"><strong>\u2705 La fragancia dura un segundo d\u00eda<\/strong><\/p>\n<p class=\"product__text inline-richtext\"><strong>Compra la fragancia, no la marca: ahorra dinero<\/strong><\/p>\n","protected":false},"featured_media":35971,"comment_status":"open","ping_status":"closed","template":"","meta":{"_acf_changed":false},"product_brand":[],"product_cat":[199],"product_tag":[],"class_list":{"0":"post-26159","1":"product","2":"type-product","3":"status-publish","4":"has-post-thumbnail","6":"product_cat-para-hombre","8":"first","9":"instock","10":"shipping-taxable","11":"purchasable","12":"product-type-variable"},"acf":[],"aioseo_notices":[],"jetpack_sharing_enabled":true,"_links":{"self":[{"href":"https:\/\/dupescents.co\/es\/wp-json\/wp\/v2\/product\/26159","targetHints":{"allow":["GET"]}}],"collection":[{"href":"https:\/\/dupescents.co\/es\/wp-json\/wp\/v2\/product"}],"about":[{"href":"https:\/\/dupescents.co\/es\/wp-json\/wp\/v2\/types\/product"}],"replies":[{"embeddable":true,"href":"https:\/\/dupescents.co\/es\/wp-json\/wp\/v2\/comments?post=26159"}],"wp:featuredmedia":[{"embeddable":true,"href":"https:\/\/dupescents.co\/es\/wp-json\/wp\/v2\/media\/35971"}],"wp:attachment":[{"href":"https:\/\/dupescents.co\/es\/wp-json\/wp\/v2\/media?parent=26159"}],"wp:term":[{"taxonomy":"product_brand","embeddable":true,"href":"https:\/\/dupescents.co\/es\/wp-json\/wp\/v2\/product_brand?post=26159"},{"taxonomy":"product_cat","embeddable":true,"href":"https:\/\/dupescents.co\/es\/wp-json\/wp\/v2\/product_cat?post=26159"},{"taxonomy":"product_tag","embeddable":true,"href":"https:\/\/dupescents.co\/es\/wp-json\/wp\/v2\/product_tag?post=26159"}],"curies":[{"name":"wp","href":"https:\/\/api.w.org\/{rel}","templated":true}]}}