{"id":26124,"date":"2025-03-28T20:06:58","date_gmt":"2025-03-28T19:06:58","guid":{"rendered":"https:\/\/dupescents.co\/products\/huele-a-pour-homme\/"},"modified":"2025-11-05T19:22:16","modified_gmt":"2025-11-05T18:22:16","slug":"huele-a-pour-homme","status":"publish","type":"product","link":"https:\/\/dupescents.co\/es\/productos\/huele-a-pour-homme\/","title":{"rendered":"Huele a&#8230; Pour Homme"},"content":{"rendered":"<p>202M - Ersatz f\u00fcr Kenzo Pour Homme<br \/>\nEAU DE PARFUM NO 202M - ERSATZ F\u00dcR KENZO POUR HOMME<\/p>\n<p>DUFTNOTEN UNSERES ERSATZES:<\/p>\n<p>MARINE-NOTEN<br \/>\nSANDELHOLZ<br \/>\nBALSAM-TANNE<br \/>\nKIEFER<br \/>\nMAHOAN<br \/>\nSAGE<br \/>\nZEDER<br \/>\nSCHLAUCHPFLANZ<br \/>\nWACHOLDERBEEREN<br \/>\nPI\u017bMO<br \/>\nEICHENMOSS<br \/>\nBERGAMOTTE<br \/>\nNUTMEG<br \/>\nZITRONE<br \/>\nROSE<br \/>\nHORSETAIL<br \/>\nCONVALIA<br \/>\nVETIVIA<br \/>\nBURSHINE<br \/>\nJASMINE<br \/>\nIRIS BARK<br \/>\nBROSCOSE<br \/>\nLABDANUM<br \/>\nDUFTBESCHREIBUNG:<\/p>\n<p>Ein wahrer Reichtum an leichten und aquatischen Noten, perfekt f\u00fcr den Alltag. Unser Eau de Parfum No. 202M ist das maskuline Gegenst\u00fcck zu Kenzo Pour Homme, ein Duft, der durch seine frische Dimension begeistert. Energetische, saubere Blumennoten stimulieren und motivieren. Ein perfekter Duft f\u00fcr den Tag.<\/p>\n<p>EIGENSCHAFTEN DES \u00c4QUIVALENTS VON KENZO POUR HOMME PARF\u00dcM:<br \/>\nDufttyp: blumig, aquatisch<br \/>\nF\u00fcr wen: m\u00e4nnlich<br \/>\nInhalt 10 ml \/ 30 ml \/ 50 ml \/ 100 ml<br \/>\nProdukt-Code: 202M<\/p>\n<p>&nbsp;<\/p>\n<p>Wonach riecht das \u00c4quivalent von Kenzo Pour Homme Parf\u00fcm?<br \/>\nEs handelt sich um eine Komposition, die sich durch einen maskulinen Duft auszeichnet, der sehr unterschiedliche Akzente setzt. Der Reichtum der Duftnoten umfasst Maigl\u00f6ckchen- und Jasminbl\u00fcten, Zitronenaroma, Meeresnoten, Salbei, Mahagoni oder Sandelholz. Das Parf\u00fcm kann als aquatisch und blumig eingestuft werden.<\/p>\n<p>Welche anderen Kenzo-Parf\u00fcms sind einen Blick wert?<br \/>\nDas Herrenparf\u00fcm Kenzo Homme ist nicht die einzige Komposition, die sich lohnt. Bei den Damend\u00fcften lohnt es sich, nach D\u00fcften wie dem Kenzo Flower Replacement Ausschau zu halten. Auch das \u00c4quivalent Kenzo Jungle Elephant kann f\u00fcr Damen eine interessante Wahl sein. Man muss zugeben, dass sie \u00fcberraschen k\u00f6nnen.<\/p>\n","protected":false},"excerpt":{"rendered":"<p>Inspiraci\u00f3n: Kenzo Pour Homme EDT 100ML<\/p>\n<p class=\"product__text inline-richtext\"><strong>\u2705 Eau de Toilette 19-21% Perfume<\/strong><\/p>\n<p class=\"product__text inline-richtext\"><strong>\u2705 La fragancia dura un segundo d\u00eda<\/strong><\/p>\n<p class=\"product__text inline-richtext\"><strong>Compra la fragancia, no la marca: ahorra dinero<\/strong><\/p>\n","protected":false},"featured_media":36373,"comment_status":"open","ping_status":"closed","template":"","meta":{"_acf_changed":false},"product_brand":[],"product_cat":[199],"product_tag":[],"class_list":{"0":"post-26124","1":"product","2":"type-product","3":"status-publish","4":"has-post-thumbnail","6":"product_cat-para-hombre","8":"first","9":"instock","10":"shipping-taxable","11":"purchasable","12":"product-type-variable"},"acf":[],"aioseo_notices":[],"jetpack_sharing_enabled":true,"_links":{"self":[{"href":"https:\/\/dupescents.co\/es\/wp-json\/wp\/v2\/product\/26124","targetHints":{"allow":["GET"]}}],"collection":[{"href":"https:\/\/dupescents.co\/es\/wp-json\/wp\/v2\/product"}],"about":[{"href":"https:\/\/dupescents.co\/es\/wp-json\/wp\/v2\/types\/product"}],"replies":[{"embeddable":true,"href":"https:\/\/dupescents.co\/es\/wp-json\/wp\/v2\/comments?post=26124"}],"wp:featuredmedia":[{"embeddable":true,"href":"https:\/\/dupescents.co\/es\/wp-json\/wp\/v2\/media\/36373"}],"wp:attachment":[{"href":"https:\/\/dupescents.co\/es\/wp-json\/wp\/v2\/media?parent=26124"}],"wp:term":[{"taxonomy":"product_brand","embeddable":true,"href":"https:\/\/dupescents.co\/es\/wp-json\/wp\/v2\/product_brand?post=26124"},{"taxonomy":"product_cat","embeddable":true,"href":"https:\/\/dupescents.co\/es\/wp-json\/wp\/v2\/product_cat?post=26124"},{"taxonomy":"product_tag","embeddable":true,"href":"https:\/\/dupescents.co\/es\/wp-json\/wp\/v2\/product_tag?post=26124"}],"curies":[{"name":"wp","href":"https:\/\/api.w.org\/{rel}","templated":true}]}}