{"id":26119,"date":"2025-03-28T20:01:48","date_gmt":"2025-03-28T19:01:48","guid":{"rendered":"https:\/\/dupescents.co\/products\/huele-a-egoiste-platino\/"},"modified":"2026-02-22T00:48:23","modified_gmt":"2026-02-21T23:48:23","slug":"huele-a-egoiste-platino","status":"publish","type":"product","link":"https:\/\/dupescents.co\/es\/productos\/huele-a-egoiste-platino\/","title":{"rendered":"Huele a&#8230; Egoiste Platino"},"content":{"rendered":"<p>236M - Recambio para Chanel Egoiste Platinum<br \/>\nEAU DE PARFUM NR. 236M - EQUIVALENTE A CHANEL EGOISTE PLATINUM<\/p>\n<p>NOTAS DE FRAGANCIA DE NUESTRO SUSTITUTO:<\/p>\n<p>LAWENDA<br \/>\nGERANIO<br \/>\nROMERO<br \/>\nSALVIA PEQUE\u00d1A<br \/>\nMUSGO DE ROBLE<br \/>\nG\u00c1LBANO<br \/>\nNEROLI<br \/>\nVETIVER<br \/>\nPETITGRAIN<br \/>\nS\u00c1NDALO<br \/>\nCEDRO<br \/>\nBURSHINE<br \/>\nJAZM\u00cdN<br \/>\nDESCRIPCI\u00d3N DE LA FRAGANCIA:<\/p>\n<p>Una fragancia floral y amaderada para el hombre seguro de s\u00ed mismo. Nuestro hom\u00f3logo de Chanel Egoiste Platinum es un eau de parfum de larga duraci\u00f3n. Con seductoras y sensuales notas amaderadas rodeadas de seductoras flores, nadie la dejar\u00e1 pasar indiferente. \u00a1Un encuentro con la portadora de este perfume ser\u00e1 recordado durante mucho tiempo!   <\/p>\n<p>CARACTER\u00cdSTICAS DEL ART\u00cdCULO:<br \/>\nTipo de fragancia: floral, amaderada<br \/>\nPara qui\u00e9n: hombre<br \/>\nContenido: 10 ml \/ 30 ml \/ 50 ml \/ 100 ml<br \/>\nC\u00f3digo del producto: 236M<br \/>\nEl precio de este perfume depende de la cantidad indicada.<br \/>\n\u00a1Por favor, danos tu opini\u00f3n despu\u00e9s de la compra!<\/p>\n<p>Consulta tambi\u00e9n otros perfumes Chanel y sus sustitutos.<\/p>\n","protected":false},"excerpt":{"rendered":"<p class=\"product__text inline-richtext\">Inspiraci\u00f3n: Chanel Egoiste Platinum EDT 50ML<\/p>\n<p class=\"product__text inline-richtext\"><strong>\u2705 Eau de Toilette 19-21% Perfume<\/strong><\/p>\n<p class=\"product__text inline-richtext\"><strong>\u2705 La fragancia dura un segundo d\u00eda<\/strong><\/p>\n<p class=\"product__text inline-richtext\"><strong>Compra la fragancia, no la marca: ahorra dinero<\/strong><\/p>\n","protected":false},"featured_media":35948,"comment_status":"open","ping_status":"closed","template":"","meta":{"_acf_changed":false},"product_brand":[],"product_cat":[199],"product_tag":[],"class_list":{"0":"post-26119","1":"product","2":"type-product","3":"status-publish","4":"has-post-thumbnail","6":"product_cat-para-hombre","8":"first","9":"instock","10":"shipping-taxable","11":"purchasable","12":"product-type-variable"},"acf":[],"aioseo_notices":[],"jetpack_sharing_enabled":true,"_links":{"self":[{"href":"https:\/\/dupescents.co\/es\/wp-json\/wp\/v2\/product\/26119","targetHints":{"allow":["GET"]}}],"collection":[{"href":"https:\/\/dupescents.co\/es\/wp-json\/wp\/v2\/product"}],"about":[{"href":"https:\/\/dupescents.co\/es\/wp-json\/wp\/v2\/types\/product"}],"replies":[{"embeddable":true,"href":"https:\/\/dupescents.co\/es\/wp-json\/wp\/v2\/comments?post=26119"}],"wp:featuredmedia":[{"embeddable":true,"href":"https:\/\/dupescents.co\/es\/wp-json\/wp\/v2\/media\/35948"}],"wp:attachment":[{"href":"https:\/\/dupescents.co\/es\/wp-json\/wp\/v2\/media?parent=26119"}],"wp:term":[{"taxonomy":"product_brand","embeddable":true,"href":"https:\/\/dupescents.co\/es\/wp-json\/wp\/v2\/product_brand?post=26119"},{"taxonomy":"product_cat","embeddable":true,"href":"https:\/\/dupescents.co\/es\/wp-json\/wp\/v2\/product_cat?post=26119"},{"taxonomy":"product_tag","embeddable":true,"href":"https:\/\/dupescents.co\/es\/wp-json\/wp\/v2\/product_tag?post=26119"}],"curies":[{"name":"wp","href":"https:\/\/api.w.org\/{rel}","templated":true}]}}