{"id":26109,"date":"2025-03-28T20:08:52","date_gmt":"2025-03-28T19:08:52","guid":{"rendered":"https:\/\/dupescents.co\/products\/huele-a-caballero\/"},"modified":"2026-02-22T01:01:19","modified_gmt":"2026-02-22T00:01:19","slug":"huele-a-caballero","status":"publish","type":"product","link":"https:\/\/dupescents.co\/es\/productos\/huele-a-caballero\/","title":{"rendered":"Huele a&#8230; Caballero"},"content":{"rendered":"<p>284M - REPUESTO PARA GENTLEMAN DE GIVENCHY<br \/>\nEAU DE PARFUM NR. 284M - REPUESTO PARA GENTLEMAN DE GIVENCHY<\/p>\n<p>NOTAS DE FRAGANCIA DE NUESTRO SUSTITUTO:<\/p>\n<p>B\u00c1LSAMO DE TOLU<br \/>\nBENZOES<br \/>\nBERGAMOTA<br \/>\nCANELA<br \/>\nPASTEL NEGRO<br \/>\nTONKA FASOL<br \/>\nCLAVO ESPECIA<br \/>\nIRIS<br \/>\nLAVANDA<br \/>\nPACULA<br \/>\nDESCRIPCI\u00d3N DE LA FRAGANCIA GIVENCHY GENTELMEN:<\/p>\n<p>Sensual, vivaz y, sin embargo, llena de clase. El iris, combinado con la c\u00e1lida canela, confiere a esta fragancia un encanto magn\u00e9tico. La nota de pimienta, en cambio, es la que hace que este perfume sea inolvidable y evita que se pierda entre la multitud gris.  <\/p>\n<p>La contrapartida del 284M - GIVENCHY GENTLEMAN es una fragancia para el caballero moderno que seduce y estimula la imaginaci\u00f3n. Y todo ello de una forma extremadamente elegante. <\/p>\n<p>CARACTER\u00cdSTICAS DEL ART\u00cdCULO:<br \/>\nTipo de fragancia: amaderada, arom\u00e1tica<br \/>\nPara qui\u00e9n: masculino<br \/>\nContenido: 10 ml \/ 30 ml \/ 50 ml \/ 100 ml<br \/>\nC\u00f3digo del producto: 284M<br \/>\nEl precio de este perfume depende de la cantidad indicada.<\/p>\n<p>\u00bfA qu\u00e9 huele el equivalente del perfume Givenchy Gentleman?<br \/>\nEs una fragancia masculina muy interesante y chic que se considera amaderada y muy arom\u00e1tica. Entre las notas de la fragancia se encuentran notas de lavanda, canela, bergamota e iris. Toda la composici\u00f3n llama la atenci\u00f3n.  <\/p>\n<p>\u00bfCu\u00e1ndo merece la pena utilizar el perfume Givenchy Gentleman como sustituto?<br \/>\nEsta composici\u00f3n es muy vers\u00e1til y va bien con distintas estaciones, tanto las m\u00e1s c\u00e1lidas, como la primavera y el verano, como las m\u00e1s fr\u00edas, como el oto\u00f1o y el invierno. Adem\u00e1s, puede utilizarse en la vida cotidiana, en la oficina y en situaciones menos formales. <\/p>\n","protected":false},"excerpt":{"rendered":"<p>Inspiraci\u00f3n: Givenchy Gentleman EDP 50ML<\/p>\n<p class=\"product__text inline-richtext\"><strong>\u2705 Eau de Toilette 19-21% Perfume<\/strong><\/p>\n<p class=\"product__text inline-richtext\"><strong>\u2705 La fragancia dura un segundo d\u00eda<\/strong><\/p>\n<p class=\"product__text inline-richtext\"><strong>Compra la fragancia, no la marca: ahorra dinero<\/strong><\/p>\n","protected":false},"featured_media":35968,"comment_status":"open","ping_status":"closed","template":"","meta":{"_acf_changed":false},"product_brand":[],"product_cat":[199],"product_tag":[],"class_list":{"0":"post-26109","1":"product","2":"type-product","3":"status-publish","4":"has-post-thumbnail","6":"product_cat-para-hombre","8":"first","9":"instock","10":"shipping-taxable","11":"purchasable","12":"product-type-variable"},"acf":[],"aioseo_notices":[],"jetpack_sharing_enabled":true,"_links":{"self":[{"href":"https:\/\/dupescents.co\/es\/wp-json\/wp\/v2\/product\/26109","targetHints":{"allow":["GET"]}}],"collection":[{"href":"https:\/\/dupescents.co\/es\/wp-json\/wp\/v2\/product"}],"about":[{"href":"https:\/\/dupescents.co\/es\/wp-json\/wp\/v2\/types\/product"}],"replies":[{"embeddable":true,"href":"https:\/\/dupescents.co\/es\/wp-json\/wp\/v2\/comments?post=26109"}],"wp:featuredmedia":[{"embeddable":true,"href":"https:\/\/dupescents.co\/es\/wp-json\/wp\/v2\/media\/35968"}],"wp:attachment":[{"href":"https:\/\/dupescents.co\/es\/wp-json\/wp\/v2\/media?parent=26109"}],"wp:term":[{"taxonomy":"product_brand","embeddable":true,"href":"https:\/\/dupescents.co\/es\/wp-json\/wp\/v2\/product_brand?post=26109"},{"taxonomy":"product_cat","embeddable":true,"href":"https:\/\/dupescents.co\/es\/wp-json\/wp\/v2\/product_cat?post=26109"},{"taxonomy":"product_tag","embeddable":true,"href":"https:\/\/dupescents.co\/es\/wp-json\/wp\/v2\/product_tag?post=26109"}],"curies":[{"name":"wp","href":"https:\/\/api.w.org\/{rel}","templated":true}]}}