{"id":26090,"date":"2025-03-28T20:15:29","date_gmt":"2025-03-28T19:15:29","guid":{"rendered":"https:\/\/dupescents.co\/products\/huele-a-noche-embotellada\/"},"modified":"2026-02-22T00:59:31","modified_gmt":"2026-02-21T23:59:31","slug":"huele-a-noche-embotellada","status":"publish","type":"product","link":"https:\/\/dupescents.co\/es\/productos\/huele-a-noche-embotellada\/","title":{"rendered":"Huele a&#8230; Noche embotellada"},"content":{"rendered":"<p>274M - Hugo Boss REEMPLAZO BOTELLA NOCHE<br \/>\nEAU DE PARFUM NO 274M - HUGO BOSS REEMPLAZO BOTELLA NOCHE<\/p>\n<p>NOTAS DE FRAGANCIA DE NUESTRO SUSTITUTO:<\/p>\n<p>VIOLETA<br \/>\nLAVANDA<br \/>\nFLORAL<br \/>\nNOTAS AMADERADAS<br \/>\nPI\u017bMO<br \/>\nDESCRIPCI\u00d3N DE LA FRAGANCIA:<\/p>\n<p>Una fragancia seductora para hombres amantes de la vida nocturna. Nuestro hom\u00f3logo Hugo Boss Boss Bottled Night es un eau de parfum de larga duraci\u00f3n ideal para la noche y las ocasiones especiales. Esta fragancia despierta la sensualidad latente y la confianza en s\u00ed mismo de su propietario.  <\/p>\n<p>CARACTER\u00cdSTICAS DEL PERFUME RELLENO NOCTURNO CONTRAPARTE:<br \/>\nTipo de fragancia: especiada, amaderada<br \/>\nPara qui\u00e9n: masculino<br \/>\nContenido 10 ml \/ 30 ml \/ 50 ml \/ 100 ml<br \/>\nC\u00f3digo de producto: 274M<br \/>\nEl precio de este perfume depende de la cantidad indicada.<br \/>\n\u00a1Por favor, danos tu opini\u00f3n despu\u00e9s de la compra!<\/p>\n<p>Mira tambi\u00e9n otros perfumes Hugo Boss y sus sustitutos.<\/p>\n","protected":false},"excerpt":{"rendered":"<p class=\"product__text inline-richtext\">Inspiraci\u00f3n: Hugo Boss Boss Bottled Night EDT 50ML<\/p>\n<p class=\"product__text inline-richtext\"><strong>\u2705 Eau de Toilette 19-21% Perfume<\/strong><\/p>\n<p class=\"product__text inline-richtext\"><strong>\u2705 La fragancia dura un segundo d\u00eda<\/strong><\/p>\n<p class=\"product__text inline-richtext\"><strong>Compra la fragancia, no la marca: ahorra dinero<\/strong><\/p>\n","protected":false},"featured_media":35965,"comment_status":"open","ping_status":"closed","template":"","meta":{"_acf_changed":false},"product_brand":[],"product_cat":[199],"product_tag":[],"class_list":{"0":"post-26090","1":"product","2":"type-product","3":"status-publish","4":"has-post-thumbnail","6":"product_cat-para-hombre","8":"first","9":"instock","10":"shipping-taxable","11":"purchasable","12":"product-type-variable"},"acf":[],"aioseo_notices":[],"jetpack_sharing_enabled":true,"_links":{"self":[{"href":"https:\/\/dupescents.co\/es\/wp-json\/wp\/v2\/product\/26090","targetHints":{"allow":["GET"]}}],"collection":[{"href":"https:\/\/dupescents.co\/es\/wp-json\/wp\/v2\/product"}],"about":[{"href":"https:\/\/dupescents.co\/es\/wp-json\/wp\/v2\/types\/product"}],"replies":[{"embeddable":true,"href":"https:\/\/dupescents.co\/es\/wp-json\/wp\/v2\/comments?post=26090"}],"wp:featuredmedia":[{"embeddable":true,"href":"https:\/\/dupescents.co\/es\/wp-json\/wp\/v2\/media\/35965"}],"wp:attachment":[{"href":"https:\/\/dupescents.co\/es\/wp-json\/wp\/v2\/media?parent=26090"}],"wp:term":[{"taxonomy":"product_brand","embeddable":true,"href":"https:\/\/dupescents.co\/es\/wp-json\/wp\/v2\/product_brand?post=26090"},{"taxonomy":"product_cat","embeddable":true,"href":"https:\/\/dupescents.co\/es\/wp-json\/wp\/v2\/product_cat?post=26090"},{"taxonomy":"product_tag","embeddable":true,"href":"https:\/\/dupescents.co\/es\/wp-json\/wp\/v2\/product_tag?post=26090"}],"curies":[{"name":"wp","href":"https:\/\/api.w.org\/{rel}","templated":true}]}}