{"id":26089,"date":"2025-03-28T20:11:53","date_gmt":"2025-03-28T19:11:53","guid":{"rendered":"https:\/\/dupescents.co\/products\/huele-a-emporio-armani-el\/"},"modified":"2026-02-22T00:51:06","modified_gmt":"2026-02-21T23:51:06","slug":"huele-a-emporio-armani-el","status":"publish","type":"product","link":"https:\/\/dupescents.co\/es\/productos\/huele-a-emporio-armani-el\/","title":{"rendered":"Huele a&#8230; Emporio Armani \u00c9l"},"content":{"rendered":"<p>242M - REPUESTO PARA GIORGIO ARMANI EMPORIO ARMANI HE<br \/>\nEAU DE PARFUM NR. 242M - REPUESTO PARA GIORGIO ARMANI EMPORIO ARMANI HE<\/p>\n<p>NOTAS DE FRAGANCIA DE NUESTRO SUSTITUTO:<\/p>\n<p>SANDELWOOD<br \/>\nSAGE<br \/>\nMOOS DE ROBLE<br \/>\n\u00c1MBAR<br \/>\nTONKA FRUIT<br \/>\nPI\u017bMO<br \/>\nCEDRO<br \/>\nYUZU<br \/>\nNUTMEG<br \/>\nBERGAMOTTE<br \/>\nMANDAR\u00cdN<br \/>\nANANAS<br \/>\nCITRON<br \/>\nCARDAM\u00d3N<br \/>\nRA\u00cdZ DE IRIS<br \/>\nBURSHINE<br \/>\nCICLAMAS<br \/>\nJASMINE<br \/>\nROSA<br \/>\nDESCRIPCI\u00d3N DE LA FRAGANCIA:<\/p>\n<p>Esta fragancia c\u00edtrica y amaderada, profunda, ser\u00e1 apreciada por cualquier hombre fuerte con energ\u00eda juvenil al que le guste superar los l\u00edmites. Nuestro hom\u00f3logo de Giorgio Armani Emporio Armani \u00c9l es un eau de parfum de larga duraci\u00f3n que atrae la atenci\u00f3n de quienes te rodean. Deja que te acompa\u00f1e cada d\u00eda y ver\u00e1s que \u00a1todo es posible!  <\/p>\n<p>CARACTER\u00cdSTICAS DE LA FRAGANCIA EMPORIO ARMANI HE ART\u00cdCULO:<br \/>\nTipo de fragancia: c\u00edtrica, amaderada<br \/>\nPara qui\u00e9n: masculino<br \/>\nContenido: 10 ml \/ 30 ml \/ 50 ml \/ 100 ml<br \/>\nC\u00f3digo de producto: 242M<br \/>\nEl precio de este perfume depende de la cantidad indicada.<br \/>\n\u00a1Por favor, danos tu opini\u00f3n despu\u00e9s de la compra!<\/p>\n<p>Consulta tambi\u00e9n otros perfumes Giorgio Armani y sus sustitutos.<\/p>\n<p>Echa tambi\u00e9n un vistazo al equivalente Emporio Diamantes y al sustituto Emporio Ella.<\/p>\n","protected":false},"excerpt":{"rendered":"<p class=\"product__text inline-richtext\">Inspiraci\u00f3n: Giorgio Armani Emporio Armani He EDT 30ML<\/p>\n<p class=\"product__text inline-richtext\"><strong>\u2705 Eau de Toilette 19-21% Perfume<\/strong><\/p>\n<p class=\"product__text inline-richtext\"><strong>\u2705 La fragancia dura un segundo d\u00eda<\/strong><\/p>\n<p class=\"product__text inline-richtext\"><strong>Compra la fragancia, no la marca: ahorra dinero<\/strong><\/p>\n","protected":false},"featured_media":35951,"comment_status":"open","ping_status":"closed","template":"","meta":{"_acf_changed":false},"product_brand":[],"product_cat":[199],"product_tag":[],"class_list":{"0":"post-26089","1":"product","2":"type-product","3":"status-publish","4":"has-post-thumbnail","6":"product_cat-para-hombre","8":"first","9":"instock","10":"shipping-taxable","11":"purchasable","12":"product-type-variable"},"acf":[],"aioseo_notices":[],"jetpack_sharing_enabled":true,"_links":{"self":[{"href":"https:\/\/dupescents.co\/es\/wp-json\/wp\/v2\/product\/26089","targetHints":{"allow":["GET"]}}],"collection":[{"href":"https:\/\/dupescents.co\/es\/wp-json\/wp\/v2\/product"}],"about":[{"href":"https:\/\/dupescents.co\/es\/wp-json\/wp\/v2\/types\/product"}],"replies":[{"embeddable":true,"href":"https:\/\/dupescents.co\/es\/wp-json\/wp\/v2\/comments?post=26089"}],"wp:featuredmedia":[{"embeddable":true,"href":"https:\/\/dupescents.co\/es\/wp-json\/wp\/v2\/media\/35951"}],"wp:attachment":[{"href":"https:\/\/dupescents.co\/es\/wp-json\/wp\/v2\/media?parent=26089"}],"wp:term":[{"taxonomy":"product_brand","embeddable":true,"href":"https:\/\/dupescents.co\/es\/wp-json\/wp\/v2\/product_brand?post=26089"},{"taxonomy":"product_cat","embeddable":true,"href":"https:\/\/dupescents.co\/es\/wp-json\/wp\/v2\/product_cat?post=26089"},{"taxonomy":"product_tag","embeddable":true,"href":"https:\/\/dupescents.co\/es\/wp-json\/wp\/v2\/product_tag?post=26089"}],"curies":[{"name":"wp","href":"https:\/\/api.w.org\/{rel}","templated":true}]}}