{"id":26069,"date":"2025-03-28T20:13:41","date_gmt":"2025-03-28T19:13:41","guid":{"rendered":"https:\/\/dupescents.co\/products\/huele-a-la-nuit-de-lhomme-lintense\/"},"modified":"2025-11-05T19:22:08","modified_gmt":"2025-11-05T18:22:08","slug":"huele-a-la-nuit-de-lhomme-lintense","status":"publish","type":"product","link":"https:\/\/dupescents.co\/es\/productos\/huele-a-la-nuit-de-lhomme-lintense\/","title":{"rendered":"Huele a&#8230; La Nuit de L&#8217;Homme L&#8217;Intense"},"content":{"rendered":"<p>242M - Ersatz f\u00fcr Giorgio Armani Emporio Armani He<br \/>\nEAU DE PARFUM NR. 242M - ERSATZ F\u00dcR GIORGIO ARMANI EMPORIO ARMANI HE<\/p>\n<p>DUFTNOTEN UNSERES ERSATZES:<\/p>\n<p>SANDELHOLZ<br \/>\nSAGE<br \/>\nEICHENMOOS<br \/>\nAMBER<br \/>\nTONKA FR\u00dcCHTE<br \/>\nPI\u017bMO<br \/>\nZEDER<br \/>\nYUZU<br \/>\nNUTMEG<br \/>\nBERGAMOTTE<br \/>\nMANDARIN<br \/>\nANANAS<br \/>\nZITRONE<br \/>\nKARDAMON<br \/>\nIRIS-WURZEL<br \/>\nBURSHINE<br \/>\nZYKLAMEN<br \/>\nJASMINE<br \/>\nROSE<br \/>\nDUFTBESCHREIBUNG:<\/p>\n<p>Dieser zitrusartige und holzige, tiefgr\u00fcndige Duft wird von jedem starken Mann mit jugendlicher Energie gesch\u00e4tzt, der gerne Grenzen \u00fcberschreitet. Unser Pendant zu Giorgio Armani Emporio Armani He ist ein lang anhaltendes Eau de Parfum, das die Aufmerksamkeit der Menschen um Sie herum auf sich zieht. Lassen Sie sich von ihm jeden Tag begleiten und Sie werden sehen, dass alles m\u00f6glich ist!<\/p>\n<p>EIGENSCHAFTEN DES EMPORIO ARMANI HE PARF\u00dcM GEGENST\u00dcCKS:<br \/>\nDufttyp: zitrisch, holzig<br \/>\nF\u00fcr wen: m\u00e4nnlich<br \/>\nInhalt: 10 ml \/ 30 ml \/ 50 ml \/ 100 ml<br \/>\nProdukt-Code: 242M<br \/>\nDer Preis f\u00fcr dieses Parf\u00fcm h\u00e4ngt von der angegebenen Menge ab.<br \/>\nBitte geben Sie uns Ihr Feedback nach dem Kauf!<\/p>\n<p>Sehen Sie auch andere Giorgio Armani Parfums und ihre Ersatzprodukte.<\/p>\n<p>Sehen Sie sich auch das \u00c4quivalent Emporio Diamonds und den Ersatz Emporio She an.<\/p>\n","protected":false},"excerpt":{"rendered":"<p class=\"product__text inline-richtext\">Inspiraci\u00f3n: Yves Saint Laurent La Nuit de L&#8217;Homme L&#8217;Intense EDP 60ML<\/p>\n<p class=\"product__text inline-richtext\"><strong>\u2705 Eau de Toilette 19-21% Perfume<\/strong><\/p>\n<p class=\"product__text inline-richtext\"><strong>\u2705 La fragancia dura un segundo d\u00eda<\/strong><\/p>\n<p class=\"product__text inline-richtext\"><strong>Compra la fragancia, no la marca: ahorra dinero<\/strong><\/p>\n","protected":false},"featured_media":25260,"comment_status":"open","ping_status":"closed","template":"","meta":{"_acf_changed":false},"product_brand":[],"product_cat":[199],"product_tag":[],"class_list":{"0":"post-26069","1":"product","2":"type-product","3":"status-publish","4":"has-post-thumbnail","6":"product_cat-para-hombre","8":"first","9":"instock","10":"shipping-taxable","11":"purchasable","12":"product-type-variable"},"acf":[],"aioseo_notices":[],"jetpack_sharing_enabled":true,"_links":{"self":[{"href":"https:\/\/dupescents.co\/es\/wp-json\/wp\/v2\/product\/26069","targetHints":{"allow":["GET"]}}],"collection":[{"href":"https:\/\/dupescents.co\/es\/wp-json\/wp\/v2\/product"}],"about":[{"href":"https:\/\/dupescents.co\/es\/wp-json\/wp\/v2\/types\/product"}],"replies":[{"embeddable":true,"href":"https:\/\/dupescents.co\/es\/wp-json\/wp\/v2\/comments?post=26069"}],"wp:featuredmedia":[{"embeddable":true,"href":"https:\/\/dupescents.co\/es\/wp-json\/wp\/v2\/media\/25260"}],"wp:attachment":[{"href":"https:\/\/dupescents.co\/es\/wp-json\/wp\/v2\/media?parent=26069"}],"wp:term":[{"taxonomy":"product_brand","embeddable":true,"href":"https:\/\/dupescents.co\/es\/wp-json\/wp\/v2\/product_brand?post=26069"},{"taxonomy":"product_cat","embeddable":true,"href":"https:\/\/dupescents.co\/es\/wp-json\/wp\/v2\/product_cat?post=26069"},{"taxonomy":"product_tag","embeddable":true,"href":"https:\/\/dupescents.co\/es\/wp-json\/wp\/v2\/product_tag?post=26069"}],"curies":[{"name":"wp","href":"https:\/\/api.w.org\/{rel}","templated":true}]}}