{"id":26065,"date":"2025-03-29T15:34:51","date_gmt":"2025-03-29T14:34:51","guid":{"rendered":"https:\/\/dupescents.co\/products\/huele-a-acqua-di-gio-profumo\/"},"modified":"2026-02-21T19:51:39","modified_gmt":"2026-02-21T18:51:39","slug":"huele-a-acqua-di-gio-profumo","status":"publish","type":"product","link":"https:\/\/dupescents.co\/es\/productos\/huele-a-acqua-di-gio-profumo\/","title":{"rendered":"Huele a&#8230; Acqua Di Gio Profumo"},"content":{"rendered":"<p>296M - Repuesto para Giorgio Armani Acqua Di Gio Profumo<br \/>\nREPUESTO PARA GIORGIO ARMANI ACQUA DI GIO PROFUMO PARF\u00dcMWASSER NO 296M<\/p>\n<p>NOTAS DE FRAGANCIA DE NUESTRO SUSTITUTO:<\/p>\n<p>NOTAS MARINAS<br \/>\nT\u00c1RTAGO<br \/>\nBERGAMOTA<br \/>\nPACULA<br \/>\nROMERO<br \/>\nSALVIA<br \/>\nGERANIO<br \/>\nDESCRIPCI\u00d3N DE LA FRAGANCIA:<\/p>\n<p>Una composici\u00f3n de fragancia sofisticada para hombres aventureros. Como contrapartida al Giorgio Armani Acqua di Gio Profuomo, esta eau de parfum contiene una combinaci\u00f3n de refrescantes notas marinas, c\u00e1lido incienso y especias arom\u00e1ticas. Gracias a su car\u00e1cter dualista, este perfume es perfecto para llevar a diario y en ocasiones especiales.  <\/p>\n<p>CARACTER\u00cdSTICAS DEL PERFUME ACQUA DI GIO PROFUMO EQUIVALENTE:<br \/>\nTipo de fragancia: arom\u00e1tica, acu\u00e1tica<br \/>\nPara qui\u00e9n: masculino<br \/>\nContenido: 10 ml \/ 30 ml \/ 50 ml \/ 100 ml<br \/>\nC\u00f3digo de producto: 296M<br \/>\nEl precio de este perfume depende de la cantidad indicada.<br \/>\n\u00a1Por favor, danos tu opini\u00f3n despu\u00e9s de la compra!<\/p>\n<p>&nbsp;<\/p>\n<p>Consulta tambi\u00e9n otros perfumes Giorgio Armani y sus sustitutos.<\/p>\n","protected":false},"excerpt":{"rendered":"<p class=\"product__text inline-richtext\">Inspiraci\u00f3n: Giorgio Armani Acqua Di Gio Profumo EDP 75ML<\/p>\n<p class=\"product__text inline-richtext\"><strong>\u2705 Eau de Toilette 19-21% Perfume<\/strong><\/p>\n<p class=\"product__text inline-richtext\"><strong>\u2705 La fragancia dura un segundo d\u00eda<\/strong><\/p>\n<p class=\"product__text inline-richtext\"><strong>Compra la fragancia, no la marca: ahorra dinero<\/strong><\/p>\n","protected":false},"featured_media":35798,"comment_status":"open","ping_status":"closed","template":"","meta":{"_acf_changed":false},"product_brand":[],"product_cat":[199],"product_tag":[],"class_list":{"0":"post-26065","1":"product","2":"type-product","3":"status-publish","4":"has-post-thumbnail","6":"product_cat-para-hombre","8":"first","9":"instock","10":"shipping-taxable","11":"purchasable","12":"product-type-variable"},"acf":[],"aioseo_notices":[],"jetpack_sharing_enabled":true,"_links":{"self":[{"href":"https:\/\/dupescents.co\/es\/wp-json\/wp\/v2\/product\/26065","targetHints":{"allow":["GET"]}}],"collection":[{"href":"https:\/\/dupescents.co\/es\/wp-json\/wp\/v2\/product"}],"about":[{"href":"https:\/\/dupescents.co\/es\/wp-json\/wp\/v2\/types\/product"}],"replies":[{"embeddable":true,"href":"https:\/\/dupescents.co\/es\/wp-json\/wp\/v2\/comments?post=26065"}],"wp:featuredmedia":[{"embeddable":true,"href":"https:\/\/dupescents.co\/es\/wp-json\/wp\/v2\/media\/35798"}],"wp:attachment":[{"href":"https:\/\/dupescents.co\/es\/wp-json\/wp\/v2\/media?parent=26065"}],"wp:term":[{"taxonomy":"product_brand","embeddable":true,"href":"https:\/\/dupescents.co\/es\/wp-json\/wp\/v2\/product_brand?post=26065"},{"taxonomy":"product_cat","embeddable":true,"href":"https:\/\/dupescents.co\/es\/wp-json\/wp\/v2\/product_cat?post=26065"},{"taxonomy":"product_tag","embeddable":true,"href":"https:\/\/dupescents.co\/es\/wp-json\/wp\/v2\/product_tag?post=26065"}],"curies":[{"name":"wp","href":"https:\/\/api.w.org\/{rel}","templated":true}]}}