{"id":26044,"date":"2025-03-29T15:31:45","date_gmt":"2025-03-29T14:31:45","guid":{"rendered":"https:\/\/dupescents.co\/products\/huele-a-fahrenheit-le-parfum\/"},"modified":"2026-02-21T20:07:43","modified_gmt":"2026-02-21T19:07:43","slug":"huele-a-fahrenheit-le-parfum","status":"publish","type":"product","link":"https:\/\/dupescents.co\/es\/productos\/huele-a-fahrenheit-le-parfum\/","title":{"rendered":"Huele a&#8230; Fahrenheit Le Parfum"},"content":{"rendered":"<p>350M - Una fragancia similar a Dior Fahrenheit Le Parfum<\/p>\n<p>NOTAS DE FRAGANCIA DE NUESTRO SUSTITUTO:<\/p>\n<p>Ante<br \/>\nRegaliz<br \/>\nMandarina de Sicilia<br \/>\nHoja de Violeta<br \/>\nRon<br \/>\nCilantro<br \/>\nComino<br \/>\nVainilla Bourbon<br \/>\nDESCRIPCI\u00d3N DE LA FRAGANCIA:<\/p>\n<p>Seductora y extravagante, la 350M es una mezcla polifac\u00e9tica. En su composici\u00f3n encontramos mandarina, violeta, cuero y vainilla. Esta fragancia de la categor\u00eda oriental-especiada es la elecci\u00f3n perfecta para los hombres que quieren destacar entre la multitud y llamar la atenci\u00f3n con clase.  <\/p>\n<p>350M PROPIEDADES:<br \/>\nTipo de fragancia: oriental, especiada<br \/>\nPara qui\u00e9n: para hombres<br \/>\nContenido: 30 ml \/ 50 ml \/ 100 ml<br \/>\nC\u00f3digo de producto: 350M<br \/>\nEl precio de este perfume depende de la cantidad indicada.<br \/>\n\u00a1Por favor, inf\u00f3rmanos despu\u00e9s de tu compra!<\/p>\n","protected":false},"excerpt":{"rendered":"<p class=\"product__text inline-richtext\">Inspiraci\u00f3n: Dior Fahrenheit Le Parfum EDP 75ML<\/p>\n<p class=\"product__text inline-richtext\"><strong>\u2705 Eau de Toilette 19-21% Perfume<\/strong><\/p>\n<p class=\"product__text inline-richtext\"><strong>\u2705 La fragancia dura un segundo d\u00eda<\/strong><\/p>\n<p class=\"product__text inline-richtext\"><strong>Compra la fragancia, no la marca: ahorra dinero<\/strong><\/p>\n","protected":false},"featured_media":35821,"comment_status":"open","ping_status":"closed","template":"","meta":{"_acf_changed":false},"product_brand":[],"product_cat":[199],"product_tag":[],"class_list":{"0":"post-26044","1":"product","2":"type-product","3":"status-publish","4":"has-post-thumbnail","6":"product_cat-para-hombre","8":"first","9":"instock","10":"shipping-taxable","11":"purchasable","12":"product-type-variable"},"acf":[],"aioseo_notices":[],"jetpack_sharing_enabled":true,"_links":{"self":[{"href":"https:\/\/dupescents.co\/es\/wp-json\/wp\/v2\/product\/26044","targetHints":{"allow":["GET"]}}],"collection":[{"href":"https:\/\/dupescents.co\/es\/wp-json\/wp\/v2\/product"}],"about":[{"href":"https:\/\/dupescents.co\/es\/wp-json\/wp\/v2\/types\/product"}],"replies":[{"embeddable":true,"href":"https:\/\/dupescents.co\/es\/wp-json\/wp\/v2\/comments?post=26044"}],"wp:featuredmedia":[{"embeddable":true,"href":"https:\/\/dupescents.co\/es\/wp-json\/wp\/v2\/media\/35821"}],"wp:attachment":[{"href":"https:\/\/dupescents.co\/es\/wp-json\/wp\/v2\/media?parent=26044"}],"wp:term":[{"taxonomy":"product_brand","embeddable":true,"href":"https:\/\/dupescents.co\/es\/wp-json\/wp\/v2\/product_brand?post=26044"},{"taxonomy":"product_cat","embeddable":true,"href":"https:\/\/dupescents.co\/es\/wp-json\/wp\/v2\/product_cat?post=26044"},{"taxonomy":"product_tag","embeddable":true,"href":"https:\/\/dupescents.co\/es\/wp-json\/wp\/v2\/product_tag?post=26044"}],"curies":[{"name":"wp","href":"https:\/\/api.w.org\/{rel}","templated":true}]}}