{"id":26036,"date":"2025-03-29T15:36:59","date_gmt":"2025-03-29T14:36:59","guid":{"rendered":"https:\/\/dupescents.co\/products\/huele-a-embotellado-intenso\/"},"modified":"2026-02-21T20:06:04","modified_gmt":"2026-02-21T19:06:04","slug":"huele-a-embotellado-intenso","status":"publish","type":"product","link":"https:\/\/dupescents.co\/es\/productos\/huele-a-embotellado-intenso\/","title":{"rendered":"Huele a&#8230; Embotellado Intenso"},"content":{"rendered":"<p>346M - Hugo Boss BOTTLED INTENSE DE REPUESTO<br \/>\nEAU DE PARFUM NO 346M - HUGO BOSS BOTTLED INTENSE DE REPUESTO<\/p>\n<p>NOTAS DE FRAGANCIA DE NUESTRO SUSTITUTO:<\/p>\n<p>FRUTAL<br \/>\nAZAHAR<br \/>\nBERGAMOTA<br \/>\nCANELA<br \/>\nCLAVO (ESPECIA)<br \/>\nCARDAMOMO<br \/>\nGERANIO<br \/>\nLAWENDA<br \/>\nVAINILLA<br \/>\nS\u00c1NDALO<br \/>\nCUMARINA<br \/>\nCEDRO<br \/>\nVETIVER<br \/>\nDESCRIPCI\u00d3N DE LA FRAGANCIA:<\/p>\n<p>El equivalente de la fragancia Hugo Boss Bottled Intense te dar\u00e1 confianza en ti mismo y valor. Resalta la fuerza \u00fanica de tu car\u00e1cter y te hace vivir la vida con m\u00e1s intensidad. Esta mezcla intensa, sensual y profunda contiene notas de manzana, aceite de naranja amarga, clavo, canela, s\u00e1ndalo, cedro y vainilla.  <\/p>\n<p>CARACTER\u00cdSTICAS DEL EQUIVALENTE DE PARFUM INTENSIVO EN BOTELLA HUGO BOSS :<br \/>\nTipo de fragancia: amaderada, especiada<br \/>\nPara qui\u00e9n: masculino<br \/>\nContenido 10 ml \/ 30 ml \/ 50 ml \/ 100 ml<br \/>\nC\u00f3digo de producto: 346M<br \/>\nEl precio de este perfume depende de la cantidad indicada.<br \/>\n\u00a1Por favor, danos tu opini\u00f3n despu\u00e9s de la compra!<\/p>\n<p>Echa un vistazo a otras fragancias de Hugo Boss.<\/p>\n","protected":false},"excerpt":{"rendered":"<p class=\"product__text inline-richtext\">Inspiraci\u00f3n: Hugo Boss Bottled Intense EDP 100ML<\/p>\n<p class=\"product__text inline-richtext\"><strong>\u2705 Eau de Toilette 19-21% Perfume<\/strong><\/p>\n<p class=\"product__text inline-richtext\"><strong>\u2705 La fragancia dura un segundo d\u00eda<\/strong><\/p>\n<p class=\"product__text inline-richtext\"><strong>Compra la fragancia, no la marca: ahorra dinero<\/strong><\/p>\n","protected":false},"featured_media":35819,"comment_status":"open","ping_status":"closed","template":"","meta":{"_acf_changed":false},"product_brand":[],"product_cat":[199],"product_tag":[],"class_list":{"0":"post-26036","1":"product","2":"type-product","3":"status-publish","4":"has-post-thumbnail","6":"product_cat-para-hombre","8":"first","9":"instock","10":"shipping-taxable","11":"purchasable","12":"product-type-variable"},"acf":[],"aioseo_notices":[],"jetpack_sharing_enabled":true,"_links":{"self":[{"href":"https:\/\/dupescents.co\/es\/wp-json\/wp\/v2\/product\/26036","targetHints":{"allow":["GET"]}}],"collection":[{"href":"https:\/\/dupescents.co\/es\/wp-json\/wp\/v2\/product"}],"about":[{"href":"https:\/\/dupescents.co\/es\/wp-json\/wp\/v2\/types\/product"}],"replies":[{"embeddable":true,"href":"https:\/\/dupescents.co\/es\/wp-json\/wp\/v2\/comments?post=26036"}],"wp:featuredmedia":[{"embeddable":true,"href":"https:\/\/dupescents.co\/es\/wp-json\/wp\/v2\/media\/35819"}],"wp:attachment":[{"href":"https:\/\/dupescents.co\/es\/wp-json\/wp\/v2\/media?parent=26036"}],"wp:term":[{"taxonomy":"product_brand","embeddable":true,"href":"https:\/\/dupescents.co\/es\/wp-json\/wp\/v2\/product_brand?post=26036"},{"taxonomy":"product_cat","embeddable":true,"href":"https:\/\/dupescents.co\/es\/wp-json\/wp\/v2\/product_cat?post=26036"},{"taxonomy":"product_tag","embeddable":true,"href":"https:\/\/dupescents.co\/es\/wp-json\/wp\/v2\/product_tag?post=26036"}],"curies":[{"name":"wp","href":"https:\/\/api.w.org\/{rel}","templated":true}]}}