{"id":26017,"date":"2025-03-29T15:37:57","date_gmt":"2025-03-29T14:37:57","guid":{"rendered":"https:\/\/dupescents.co\/products\/huele-a-ck-uno\/"},"modified":"2026-02-22T00:37:43","modified_gmt":"2026-02-21T23:37:43","slug":"huele-a-ck-uno","status":"publish","type":"product","link":"https:\/\/dupescents.co\/es\/productos\/huele-a-ck-uno\/","title":{"rendered":"Huele a&#8230; CK Uno"},"content":{"rendered":"<p>209M - Sustituci\u00f3n de Calvin Klein CK One<br \/>\nEAU DE PARFUM NO 209M - SUSTITUCI\u00d3N DE CALVIN KLEIN CK ONE<\/p>\n<p>NOTAS DE FRAGANCIA DE NUESTRO SUSTITUTO:<\/p>\n<p>LIM\u00d3N<br \/>\nNUECES VERDES<br \/>\nBERGAMOT<br \/>\nPIZMERE<br \/>\nANANAS<br \/>\nCEDRO<br \/>\nCONWALIA<br \/>\nMANDARINA<br \/>\nJASMINE<br \/>\nSANDALWOOD<br \/>\nCARDAM\u00d3N<br \/>\nVIOLETA<br \/>\nMUSGO DE ROBLE<br \/>\nPAPAYA<br \/>\nNUTMEG<br \/>\nROSA<br \/>\nBURSHINE<br \/>\nRA\u00cdZ DE IRIS<br \/>\nT\u00c9 VERDE<br \/>\nFRESHE<br \/>\nDESCRIPCI\u00d3N DE LA FRAGANCIA:<\/p>\n<p>Un toque ligero de vitalidad juvenil y frescura para hombres y mujeres. El Eau de Parfum n\u00ba 209M es la contrapartida de la fragancia Calvin Klein CK One, que deleita con su sabor c\u00edtrico. Las frutas deliciosamente jugosas se acompa\u00f1an de delicadas flores y expresivas especias que confieren a esta combinaci\u00f3n una dimensi\u00f3n sensual.  <\/p>\n<p>CARACTER\u00cdSTICAS DEL PERFUME CK ONE EQUIVALENT:<br \/>\nTipo de fragancia: C\u00edtrica<br \/>\nPara qui\u00e9n: Unisex<br \/>\nContenido: 10 ml \/ 30 ml \/ 50 ml \/ 100 ml<br \/>\nC\u00f3digo de producto: 209M<br \/>\nEl precio de este perfume depende de la cantidad indicada.<br \/>\n\u00a1Por favor, danos tu opini\u00f3n despu\u00e9s de la compra!<\/p>\n<p>Consulta tambi\u00e9n otros perfumes Calvin Klein y sus sustitutos.<\/p>\n<p>\u00bfA qu\u00e9 huele el perfume correspondiente CK One?<br \/>\nEs una fragancia hermosa y fresca que se clasifica como c\u00edtrica, aunque tambi\u00e9n est\u00e1n presentes acentos afrutados y notas amaderadas. Puedes detectar aromas de t\u00e9 verde, lim\u00f3n, violeta, cardamomo y s\u00e1ndalo, entre otros. La fragancia en general tambi\u00e9n tiene otros acentos que hacen que el aroma sea a\u00fan m\u00e1s interesante.  <\/p>\n<p>\u00bfEl sustituto del perfume CK One es una fragancia unisex?<br \/>\nEs un perfume vers\u00e1til, adecuado tanto para hombres como para mujeres. Se puede utilizar tanto de d\u00eda como en momentos m\u00e1s atmosf\u00e9ricos. <\/p>\n","protected":false},"excerpt":{"rendered":"<p>Inspiraci\u00f3n: Calvin Klein CK One EDT 50ML<\/p>\n<p class=\"product__text inline-richtext\"><strong>\u2705 Eau de Toilette 19-21% Perfume<\/strong><\/p>\n<p class=\"product__text inline-richtext\"><strong>\u2705 La fragancia dura un segundo d\u00eda<\/strong><\/p>\n<p class=\"product__text inline-richtext\"><strong>Compra la fragancia, no la marca: ahorra dinero<\/strong><\/p>\n","protected":false},"featured_media":35927,"comment_status":"open","ping_status":"closed","template":"","meta":{"_acf_changed":false},"product_brand":[],"product_cat":[199],"product_tag":[],"class_list":{"0":"post-26017","1":"product","2":"type-product","3":"status-publish","4":"has-post-thumbnail","6":"product_cat-para-hombre","8":"first","9":"instock","10":"shipping-taxable","11":"purchasable","12":"product-type-variable"},"acf":[],"aioseo_notices":[],"jetpack_sharing_enabled":true,"_links":{"self":[{"href":"https:\/\/dupescents.co\/es\/wp-json\/wp\/v2\/product\/26017","targetHints":{"allow":["GET"]}}],"collection":[{"href":"https:\/\/dupescents.co\/es\/wp-json\/wp\/v2\/product"}],"about":[{"href":"https:\/\/dupescents.co\/es\/wp-json\/wp\/v2\/types\/product"}],"replies":[{"embeddable":true,"href":"https:\/\/dupescents.co\/es\/wp-json\/wp\/v2\/comments?post=26017"}],"wp:featuredmedia":[{"embeddable":true,"href":"https:\/\/dupescents.co\/es\/wp-json\/wp\/v2\/media\/35927"}],"wp:attachment":[{"href":"https:\/\/dupescents.co\/es\/wp-json\/wp\/v2\/media?parent=26017"}],"wp:term":[{"taxonomy":"product_brand","embeddable":true,"href":"https:\/\/dupescents.co\/es\/wp-json\/wp\/v2\/product_brand?post=26017"},{"taxonomy":"product_cat","embeddable":true,"href":"https:\/\/dupescents.co\/es\/wp-json\/wp\/v2\/product_cat?post=26017"},{"taxonomy":"product_tag","embeddable":true,"href":"https:\/\/dupescents.co\/es\/wp-json\/wp\/v2\/product_tag?post=26017"}],"curies":[{"name":"wp","href":"https:\/\/api.w.org\/{rel}","templated":true}]}}