{"id":26009,"date":"2025-03-29T15:47:57","date_gmt":"2025-03-29T14:47:57","guid":{"rendered":"https:\/\/dupescents.co\/products\/huele-a-fahrenheit-32\/"},"modified":"2025-11-05T19:21:54","modified_gmt":"2025-11-05T18:21:54","slug":"huele-a-fahrenheit-32","status":"publish","type":"product","link":"https:\/\/dupescents.co\/es\/productos\/huele-a-fahrenheit-32\/","title":{"rendered":"Huele a&#8230; Fahrenheit 32"},"content":{"rendered":"<p>327M - Ein \u00e4hnlicher Duft wie Dior Fahrenheit 32<\/p>\n<p>DUFTNOTEN UNSERES ERSATZES:<\/p>\n<p>ORANGE BLOSSOM<br \/>\nVETIVER<br \/>\nVANILLA<br \/>\nDUFTBESCHREIBUNG:<\/p>\n<p>Parf\u00fcm 327M ist eine Mischung, die einerseits erfrischend und andererseits warm ist. Die kurze Komposition macht die Aromen ausdrucksstark, stark und kontrastreich. Orangenbl\u00fcte, Vetiver und Vanille verbinden sich zu einem \u00e4u\u00dferst maskulinen und eleganten Duft. Geeignet f\u00fcr jeden Tag. Probieren Sie unser Gegenst\u00fcck!<\/p>\n<p>EIGENSCHAFTEN VON 327M:<br \/>\nDufttyp: orientalisch, holzig<br \/>\nF\u00fcr wen: f\u00fcr M\u00e4nner<br \/>\nInhalt: 10 ml \/ 30 ml \/ 50 ml \/ 100 ml<br \/>\nProdukt-Code: 327M<br \/>\nDer Preis f\u00fcr dieses Parf\u00fcm h\u00e4ngt von der angegebenen Menge ab.<br \/>\nBitte informieren Sie uns nach Ihrem Kauf!<\/p>\n","protected":false},"excerpt":{"rendered":"<p class=\"product__text inline-richtext\">Inspiraci\u00f3n: Dior Fahrenheit 32 EDT 50ML<\/p>\n<p class=\"product__text inline-richtext\"><strong>\u2705 Eau de Toilette 19-21% Perfume<\/strong><\/p>\n<p class=\"product__text inline-richtext\"><strong>\u2705 La fragancia dura un segundo d\u00eda<\/strong><\/p>\n<p class=\"product__text inline-richtext\"><strong>Compra la fragancia, no la marca: ahorra dinero<\/strong><\/p>\n","protected":false},"featured_media":0,"comment_status":"open","ping_status":"closed","template":"","meta":{"_acf_changed":false},"product_brand":[],"product_cat":[199],"product_tag":[],"class_list":{"0":"post-26009","1":"product","2":"type-product","3":"status-publish","5":"product_cat-para-hombre","7":"first","8":"instock","9":"shipping-taxable","10":"purchasable","11":"product-type-variable"},"acf":[],"aioseo_notices":[],"jetpack_sharing_enabled":true,"_links":{"self":[{"href":"https:\/\/dupescents.co\/es\/wp-json\/wp\/v2\/product\/26009","targetHints":{"allow":["GET"]}}],"collection":[{"href":"https:\/\/dupescents.co\/es\/wp-json\/wp\/v2\/product"}],"about":[{"href":"https:\/\/dupescents.co\/es\/wp-json\/wp\/v2\/types\/product"}],"replies":[{"embeddable":true,"href":"https:\/\/dupescents.co\/es\/wp-json\/wp\/v2\/comments?post=26009"}],"wp:attachment":[{"href":"https:\/\/dupescents.co\/es\/wp-json\/wp\/v2\/media?parent=26009"}],"wp:term":[{"taxonomy":"product_brand","embeddable":true,"href":"https:\/\/dupescents.co\/es\/wp-json\/wp\/v2\/product_brand?post=26009"},{"taxonomy":"product_cat","embeddable":true,"href":"https:\/\/dupescents.co\/es\/wp-json\/wp\/v2\/product_cat?post=26009"},{"taxonomy":"product_tag","embeddable":true,"href":"https:\/\/dupescents.co\/es\/wp-json\/wp\/v2\/product_tag?post=26009"}],"curies":[{"name":"wp","href":"https:\/\/api.w.org\/{rel}","templated":true}]}}