{"id":26000,"date":"2025-03-29T15:41:23","date_gmt":"2025-03-29T14:41:23","guid":{"rendered":"https:\/\/dupescents.co\/products\/huele-a-armani-code-sport\/"},"modified":"2026-02-22T00:56:36","modified_gmt":"2026-02-21T23:56:36","slug":"huele-a-armani-code-sport","status":"publish","type":"product","link":"https:\/\/dupescents.co\/es\/productos\/huele-a-armani-code-sport\/","title":{"rendered":"Huele a&#8230; C\u00f3digo Armani Sport"},"content":{"rendered":"<p>267M - Recambio para Giorgio Armani Code Sport<br \/>\nEAU DE PARFUM NO 267M - RECAMBIO PARA GIORGIO ARMANI ARMANI CODE SPORT<\/p>\n<p>NOTAS DE FRAGANCIA DE NUESTRO SUSTITUTO:<\/p>\n<p>LTRY<br \/>\nCOIN<br \/>\nMANDARINA<br \/>\nIMBIRBLUME<br \/>\nVETIVERRY<br \/>\nNOTAS ACU\u00c1TICAS<br \/>\nBURSHINE<br \/>\nDESCRIPCI\u00d3N DE LA FRAGANCIA:<\/p>\n<p>Una fragancia que fascina y atrae con sus marcados contrastes. Nuestro Eau de Parfum n\u00ba 267M es la contrapartida de Giorgio Armani Armani Code Sport, que refresca con sus ricas notas c\u00edtricas y al mismo tiempo calienta con sus seductoras notas amaderadas. A los hombres activos en particular les encantar\u00e1, ya que est\u00e1 llena de vigor juvenil.  <\/p>\n<p>CARACTER\u00cdSTICAS DE LOS EQUIVALENTES ARMANI CODE SPORT:<br \/>\nTipo de fragancia: c\u00edtrica, arom\u00e1tica<br \/>\nPara qui\u00e9n: masculino<br \/>\nContenido 10 ml \/ 30 ml \/ 50 ml \/ 100 ml<br \/>\nC\u00f3digo de producto: 267M<br \/>\nEl precio de este perfume depende de la cantidad indicada.<br \/>\n\u00a1Por favor, danos tu opini\u00f3n despu\u00e9s de la compra!<\/p>\n<p>Consulta tambi\u00e9n otros perfumes Giorgio Armani y sus sustitutos.<\/p>\n","protected":false},"excerpt":{"rendered":"<p class=\"product__text inline-richtext\">Inspiraci\u00f3n: Giorgio Armani Armani Code Sport EDT 50ML<\/p>\n<p class=\"product__text inline-richtext\"><strong>\u2705 Eau de Toilette 19-21% Perfume<\/strong><\/p>\n<p class=\"product__text inline-richtext\"><strong>\u2705 La fragancia dura un segundo d\u00eda<\/strong><\/p>\n<p class=\"product__text inline-richtext\"><strong>Compra la fragancia, no la marca: ahorra dinero<\/strong><\/p>\n","protected":false},"featured_media":35961,"comment_status":"open","ping_status":"closed","template":"","meta":{"_acf_changed":false},"product_brand":[],"product_cat":[199],"product_tag":[],"class_list":{"0":"post-26000","1":"product","2":"type-product","3":"status-publish","4":"has-post-thumbnail","6":"product_cat-para-hombre","8":"first","9":"instock","10":"shipping-taxable","11":"purchasable","12":"product-type-variable"},"acf":[],"aioseo_notices":[],"jetpack_sharing_enabled":true,"_links":{"self":[{"href":"https:\/\/dupescents.co\/es\/wp-json\/wp\/v2\/product\/26000","targetHints":{"allow":["GET"]}}],"collection":[{"href":"https:\/\/dupescents.co\/es\/wp-json\/wp\/v2\/product"}],"about":[{"href":"https:\/\/dupescents.co\/es\/wp-json\/wp\/v2\/types\/product"}],"replies":[{"embeddable":true,"href":"https:\/\/dupescents.co\/es\/wp-json\/wp\/v2\/comments?post=26000"}],"wp:featuredmedia":[{"embeddable":true,"href":"https:\/\/dupescents.co\/es\/wp-json\/wp\/v2\/media\/35961"}],"wp:attachment":[{"href":"https:\/\/dupescents.co\/es\/wp-json\/wp\/v2\/media?parent=26000"}],"wp:term":[{"taxonomy":"product_brand","embeddable":true,"href":"https:\/\/dupescents.co\/es\/wp-json\/wp\/v2\/product_brand?post=26000"},{"taxonomy":"product_cat","embeddable":true,"href":"https:\/\/dupescents.co\/es\/wp-json\/wp\/v2\/product_cat?post=26000"},{"taxonomy":"product_tag","embeddable":true,"href":"https:\/\/dupescents.co\/es\/wp-json\/wp\/v2\/product_tag?post=26000"}],"curies":[{"name":"wp","href":"https:\/\/api.w.org\/{rel}","templated":true}]}}