{"id":25992,"date":"2025-03-29T15:53:23","date_gmt":"2025-03-29T14:53:23","guid":{"rendered":"https:\/\/dupescents.co\/products\/huele-a-ck2\/"},"modified":"2026-02-22T00:44:11","modified_gmt":"2026-02-21T23:44:11","slug":"huele-a-ck2","status":"publish","type":"product","link":"https:\/\/dupescents.co\/es\/productos\/huele-a-ck2\/","title":{"rendered":"Huele a&#8230; CK2"},"content":{"rendered":"<p>216M - Calvin Klein CK2 UNISEX Recambio<br \/>\nPARF\u00dcMWASSER NO. 216M - CALVIN KLEIN CK2 REEMPLAZO<\/p>\n<p>NOTAS DE FRAGANCIA DE NUESTRO SUSTITUTO:<\/p>\n<p>OCUPACI\u00d3N<br \/>\nHOJA DE VIOLETA<br \/>\nWASABI<br \/>\nVETIVER<br \/>\nMANDARINA<br \/>\nHEDIONE<br \/>\nHIERBA<br \/>\nPIWONIA<br \/>\nRA\u00cdZ DE IRIS<br \/>\nPIZMO BLANCO<br \/>\nROSA<br \/>\nS\u00c1NDALO<br \/>\nMIEL<br \/>\nDESCRIPCI\u00d3N DE LA FRAGANCIA:<\/p>\n<p>Una fragancia unisex excepcionalmente ligera y fresca. Nuestro hom\u00f3logo de Calvin Klein CK2 satisface las expectativas de mujeres y hombres llenos de energ\u00eda juvenil y alegr\u00eda de vivir. Las fuertes notas c\u00edtricas se ven realzadas aqu\u00ed por el wasabi y el almizcle blanco, que acent\u00faan el carisma de la persona que lleva este perfume. Esta composici\u00f3n es ideal para llevar durante el d\u00eda.   <\/p>\n<p>CARACTER\u00cdSTICAS DEL PERFUME CK2 EQUIVALENTE UNISEX:<br \/>\nTipo de fragancia: C\u00edtrica<br \/>\nPara qui\u00e9n: Unisex<br \/>\nVolumen: 30 ml \/ 50 ml \/ 100 ml<br \/>\nC\u00f3digo de producto: 216M<br \/>\nEl precio de este perfume depende de la cantidad indicada.<br \/>\n\u00a1Por favor, danos tu opini\u00f3n despu\u00e9s de la compra!<\/p>\n<p>Consulta tambi\u00e9n otros perfumes Calvin Klein y sus sustitutos.<\/p>\n<p>\u00bfA qu\u00e9 huele el perfume correspondiente CK2?<br \/>\nEs una fragancia muy agradable que puede clasificarse como c\u00edtrica, pero tambi\u00e9n fresca y&#8230; urbana. En esta composici\u00f3n se perciben notas de fragancia como s\u00e1ndalo, pera, mandarina, peon\u00eda e incienso. El conjunto tiene un aura juvenil y es un perfume unisex.  <\/p>\n","protected":false},"excerpt":{"rendered":"<p class=\"product__text inline-richtext\">Inspiraci\u00f3n: Calvin Klein CK2 EDT 50ML<\/p>\n<p class=\"product__text inline-richtext\"><strong>\u2705 Eau de Toilette 19-21% Perfume<\/strong><\/p>\n<p class=\"product__text inline-richtext\"><strong>\u2705 La fragancia dura un segundo d\u00eda<\/strong><\/p>\n<p class=\"product__text inline-richtext\"><strong>Compra la fragancia, no la marca: ahorra dinero<\/strong><\/p>\n","protected":false},"featured_media":35939,"comment_status":"open","ping_status":"closed","template":"","meta":{"_acf_changed":false},"product_brand":[],"product_cat":[199,204],"product_tag":[],"class_list":{"0":"post-25992","1":"product","2":"type-product","3":"status-publish","4":"has-post-thumbnail","6":"product_cat-para-hombre","7":"product_cat-para-mujeres","9":"first","10":"instock","11":"shipping-taxable","12":"purchasable","13":"product-type-variable"},"acf":[],"aioseo_notices":[],"jetpack_sharing_enabled":true,"_links":{"self":[{"href":"https:\/\/dupescents.co\/es\/wp-json\/wp\/v2\/product\/25992","targetHints":{"allow":["GET"]}}],"collection":[{"href":"https:\/\/dupescents.co\/es\/wp-json\/wp\/v2\/product"}],"about":[{"href":"https:\/\/dupescents.co\/es\/wp-json\/wp\/v2\/types\/product"}],"replies":[{"embeddable":true,"href":"https:\/\/dupescents.co\/es\/wp-json\/wp\/v2\/comments?post=25992"}],"wp:featuredmedia":[{"embeddable":true,"href":"https:\/\/dupescents.co\/es\/wp-json\/wp\/v2\/media\/35939"}],"wp:attachment":[{"href":"https:\/\/dupescents.co\/es\/wp-json\/wp\/v2\/media?parent=25992"}],"wp:term":[{"taxonomy":"product_brand","embeddable":true,"href":"https:\/\/dupescents.co\/es\/wp-json\/wp\/v2\/product_brand?post=25992"},{"taxonomy":"product_cat","embeddable":true,"href":"https:\/\/dupescents.co\/es\/wp-json\/wp\/v2\/product_cat?post=25992"},{"taxonomy":"product_tag","embeddable":true,"href":"https:\/\/dupescents.co\/es\/wp-json\/wp\/v2\/product_tag?post=25992"}],"curies":[{"name":"wp","href":"https:\/\/api.w.org\/{rel}","templated":true}]}}