{"id":25983,"date":"2025-03-29T16:04:24","date_gmt":"2025-03-29T15:04:24","guid":{"rendered":"https:\/\/dupescents.co\/products\/huele-a-mas-fuerte-contigo\/"},"modified":"2025-11-05T19:21:49","modified_gmt":"2025-11-05T18:21:49","slug":"huele-a-mas-fuerte-contigo","status":"publish","type":"product","link":"https:\/\/dupescents.co\/es\/productos\/huele-a-mas-fuerte-contigo\/","title":{"rendered":"Huele a&#8230; M\u00e1s fuerte contigo"},"content":{"rendered":"<p>291M - Ersatz f\u00fcr Giorgio Armani Stronger with You<br \/>\nEAU DE PARFUM NR. 291M - ERSATZ F\u00dcR GIORGIO ARMANI STRONGER WITH YOU<\/p>\n<p>DUFTNOTEN UNSERES ERSATZES:<\/p>\n<p>VANILLA<br \/>\nKARDAMON<br \/>\nKASSIS<br \/>\nANANAS<br \/>\nSAGE<br \/>\nZEDER<br \/>\nPINKENPFEFFER<br \/>\nMELON<br \/>\nAMBERBAUM<br \/>\nZINNAMON<br \/>\nVIOLETTBLATT<br \/>\nM\u00dcNZE<br \/>\nLAVENDER<br \/>\nGUAIAC-HOLZ<br \/>\nDUFTBESCHREIBUNG:<\/p>\n<p>Ein orientalisch-aromatischer Duftcocktail f\u00fcr originelle und leicht unberechenbare M\u00e4nner. Unser Gegenst\u00fcck zur Komposition Giorgio Armani Stronger With You ist ein Eau de Parfum mit einer au\u00dfergew\u00f6hnlichen, verf\u00fchrerischen Kraft. Ein starkes und maskulines Aroma mit einem Hauch von L\u00e4ssigkeit und jugendlichem Elan verk\u00f6rpert perfekt den Besitzer dieses Flakons.<\/p>\n<p>EIGENSCHAFTEN DES \u00c4QUIVALENTS VON \u201eSTRONGER WITH YOU\u201c PARF\u00dcM:<br \/>\nDufttyp: aromatisch<br \/>\nF\u00fcr wen: m\u00e4nnlich<br \/>\nInhalt 10 ml \/ 30 ml \/ 50 ml \/ 100 ml<br \/>\nProdukt-Code: 291M<br \/>\nDer Preis f\u00fcr dieses Parf\u00fcm h\u00e4ngt von der angegebenen Menge ab.<br \/>\nBitte geben Sie uns Ihr Feedback nach dem Kauf!<\/p>\n<p>Sehen Sie auch andere Giorgio Armani Parfums und ihre Ersatzprodukte.<\/p>\n<p>Wie riecht das \u00c4quivalent des Parfums Stronger With You?<br \/>\nEs ist eine hocharomatische Komposition mit zahlreichen Duftnoten, darunter Lavendel, Minze, Salbei, Melone, Zimt und Kastanie, um nur einige zu nennen. Obwohl es sich um ein Eau de Parfum f\u00fcr M\u00e4nner handelt, k\u00f6nnen Sie es auch als Unisex-Parf\u00fcm ausprobieren und es wird auch dann gut funktionieren.<\/p>\n","protected":false},"excerpt":{"rendered":"<p class=\"product__text inline-richtext\">Inspiraci\u00f3n: Giorgio Armani Stronger with You EDT 30ML<\/p>\n<p class=\"product__text inline-richtext\"><strong>\u2705 Eau de Toilette 19-21% Perfume<\/strong><\/p>\n<p class=\"product__text inline-richtext\"><strong>\u2705 La fragancia dura un segundo d\u00eda<\/strong><\/p>\n<p class=\"product__text inline-richtext\"><strong>Compra la fragancia, no la marca: ahorra dinero<\/strong><\/p>\n","protected":false},"featured_media":36357,"comment_status":"open","ping_status":"closed","template":"","meta":{"_acf_changed":false},"product_brand":[],"product_cat":[199],"product_tag":[],"class_list":{"0":"post-25983","1":"product","2":"type-product","3":"status-publish","4":"has-post-thumbnail","6":"product_cat-para-hombre","8":"first","9":"instock","10":"shipping-taxable","11":"purchasable","12":"product-type-variable"},"acf":[],"aioseo_notices":[],"jetpack_sharing_enabled":true,"_links":{"self":[{"href":"https:\/\/dupescents.co\/es\/wp-json\/wp\/v2\/product\/25983","targetHints":{"allow":["GET"]}}],"collection":[{"href":"https:\/\/dupescents.co\/es\/wp-json\/wp\/v2\/product"}],"about":[{"href":"https:\/\/dupescents.co\/es\/wp-json\/wp\/v2\/types\/product"}],"replies":[{"embeddable":true,"href":"https:\/\/dupescents.co\/es\/wp-json\/wp\/v2\/comments?post=25983"}],"wp:featuredmedia":[{"embeddable":true,"href":"https:\/\/dupescents.co\/es\/wp-json\/wp\/v2\/media\/36357"}],"wp:attachment":[{"href":"https:\/\/dupescents.co\/es\/wp-json\/wp\/v2\/media?parent=25983"}],"wp:term":[{"taxonomy":"product_brand","embeddable":true,"href":"https:\/\/dupescents.co\/es\/wp-json\/wp\/v2\/product_brand?post=25983"},{"taxonomy":"product_cat","embeddable":true,"href":"https:\/\/dupescents.co\/es\/wp-json\/wp\/v2\/product_cat?post=25983"},{"taxonomy":"product_tag","embeddable":true,"href":"https:\/\/dupescents.co\/es\/wp-json\/wp\/v2\/product_tag?post=25983"}],"curies":[{"name":"wp","href":"https:\/\/api.w.org\/{rel}","templated":true}]}}