{"id":25975,"date":"2025-03-29T15:56:40","date_gmt":"2025-03-29T14:56:40","guid":{"rendered":"https:\/\/dupescents.co\/products\/huele-a-culpable\/"},"modified":"2026-02-22T00:40:45","modified_gmt":"2026-02-21T23:40:45","slug":"huele-a-culpable","status":"publish","type":"product","link":"https:\/\/dupescents.co\/es\/productos\/huele-a-culpable\/","title":{"rendered":"Huele a&#8230; Culpable"},"content":{"rendered":"<p>214M - Sustituci\u00f3n para Gucci Guilty<br \/>\nPARF\u00dcMWASSER NO. 214M - SUSTITUCI\u00d3N PARA GUCCI GUILTY<\/p>\n<p>NOTAS DE FRAGANCIA DE NUESTRO SUSTITUTO:<\/p>\n<p>LAWENDA<br \/>\nAMALPHIA LIM\u00d3N<br \/>\nAZAHAR AFRICANO<br \/>\nCEDRO DE VIRGINIA<br \/>\nPACULA<br \/>\nVAINILLA<br \/>\nDESCRIPCI\u00d3N DE LA FRAGANCIA:<\/p>\n<p>Una fragancia seductora para el hombre que sabe exactamente lo que quiere de la vida y lo aprovecha al m\u00e1ximo. Nuestra Eau de Parfum n.\u00ba 214M es el equivalente de la fragancia Guilty de Gucci, adecuada para llevar a diario durante todo el a\u00f1o. La aprecian quienes son atrevidos y no quieren transigir.  <\/p>\n<p>CARACTER\u00cdSTICAS DEL ART\u00cdCULO:<br \/>\nTipo de fragancia: amaderada<br \/>\nPara qui\u00e9n: masculino<br \/>\nContenido: 10 ml \/ 30 ml \/ 50 ml \/ 100 ml<br \/>\nC\u00f3digo del producto: 214M<br \/>\nEl precio de este perfume depende de la cantidad indicada.<br \/>\n\u00a1Por favor, danos tu opini\u00f3n despu\u00e9s de la compra!<\/p>\n<p>Consulta tambi\u00e9n otros perfumes Gucci y sus sustitutos.<\/p>\n<p>\u00bfA qu\u00e9 huele el perfume Gucci Guilty correspondiente?<br \/>\nEs una fragancia masculina muy interesante que perdura durante mucho tiempo, con notas de vainilla, azahar y lim\u00f3n, pero no s\u00f3lo. No deber\u00edas perderte este perfume, ya que es una fragancia verdaderamente memorable. <\/p>\n","protected":false},"excerpt":{"rendered":"<p class=\"product__text inline-richtext\">Inspiraci\u00f3n: Gucci Guilty EDT 50ML<\/p>\n<p class=\"product__text inline-richtext\"><strong>\u2705 Eau de Toilette 19-21% Perfume<\/strong><\/p>\n<p class=\"product__text inline-richtext\"><strong>\u2705 La fragancia dura un segundo d\u00eda<\/strong><\/p>\n<p class=\"product__text inline-richtext\"><strong>Compra la fragancia, no la marca: ahorra dinero<\/strong><\/p>\n","protected":false},"featured_media":35933,"comment_status":"open","ping_status":"closed","template":"","meta":{"_acf_changed":false},"product_brand":[],"product_cat":[199],"product_tag":[],"class_list":{"0":"post-25975","1":"product","2":"type-product","3":"status-publish","4":"has-post-thumbnail","6":"product_cat-para-hombre","8":"first","9":"instock","10":"shipping-taxable","11":"purchasable","12":"product-type-variable"},"acf":[],"aioseo_notices":[],"jetpack_sharing_enabled":true,"_links":{"self":[{"href":"https:\/\/dupescents.co\/es\/wp-json\/wp\/v2\/product\/25975","targetHints":{"allow":["GET"]}}],"collection":[{"href":"https:\/\/dupescents.co\/es\/wp-json\/wp\/v2\/product"}],"about":[{"href":"https:\/\/dupescents.co\/es\/wp-json\/wp\/v2\/types\/product"}],"replies":[{"embeddable":true,"href":"https:\/\/dupescents.co\/es\/wp-json\/wp\/v2\/comments?post=25975"}],"wp:featuredmedia":[{"embeddable":true,"href":"https:\/\/dupescents.co\/es\/wp-json\/wp\/v2\/media\/35933"}],"wp:attachment":[{"href":"https:\/\/dupescents.co\/es\/wp-json\/wp\/v2\/media?parent=25975"}],"wp:term":[{"taxonomy":"product_brand","embeddable":true,"href":"https:\/\/dupescents.co\/es\/wp-json\/wp\/v2\/product_brand?post=25975"},{"taxonomy":"product_cat","embeddable":true,"href":"https:\/\/dupescents.co\/es\/wp-json\/wp\/v2\/product_cat?post=25975"},{"taxonomy":"product_tag","embeddable":true,"href":"https:\/\/dupescents.co\/es\/wp-json\/wp\/v2\/product_tag?post=25975"}],"curies":[{"name":"wp","href":"https:\/\/api.w.org\/{rel}","templated":true}]}}