{"id":25966,"date":"2025-03-29T16:05:45","date_gmt":"2025-03-29T15:05:45","guid":{"rendered":"https:\/\/dupescents.co\/products\/huele-a-codigo-profumo\/"},"modified":"2026-02-22T01:09:34","modified_gmt":"2026-02-22T00:09:34","slug":"huele-a-codigo-profumo","status":"publish","type":"product","link":"https:\/\/dupescents.co\/es\/productos\/huele-a-codigo-profumo\/","title":{"rendered":"Huele a&#8230; C\u00f3digo Profumo"},"content":{"rendered":"<p>304M - REPUESTO PARA GIORGIO ARMANI CODE PROFUMO<br \/>\nPARF\u00dcMIERTES WASSER NR. 304M - REPUESTO PARA GIORGIO ARMANI CODE PROFUMO<\/p>\n<p>NOTAS DE FRAGANCIA DE NUESTRO SUSTITUTO:<\/p>\n<p>CARDAMOMO<br \/>\nMANZANA VERDE<br \/>\nMANDARINA VERDE<br \/>\nNUEZ MOSCADA<br \/>\nLAVANDA<br \/>\nAZAHAR<br \/>\nFRUTA TONKA<br \/>\nBURSHINE<br \/>\nPIEL<br \/>\nDESCRIPCI\u00d3N DE LA FRAGANCIA:<\/p>\n<p>La reposici\u00f3n Giorgio Armani Code Profumo es una fragancia para hombres amantes de la elegancia cl\u00e1sica y aut\u00e9ntica. Tambi\u00e9n funciona si no llevas un atuendo formal. Al fin y al cabo, \u00a1un verdadero caballero no es tanto una cuesti\u00f3n de apariencia como de personalidad! La composici\u00f3n consta de mandarina, manzana verde, cardamomo, lavanda, nuez moscada, haba tonka y \u00e1mbar. Es perfecto para salidas nocturnas.    <\/p>\n<p>CARACTER\u00cdSTICAS DEL PERFUME GIORGIO ARMANI C\u00d3DIGO PROFUMO EQUIVALENTE :<br \/>\nTipo de fragancia: oriental, especiada.<br \/>\nPara qui\u00e9n: masculino<br \/>\nContenido: 10 ml \/ 30 ml \/ 50 ml \/ 100 ml<br \/>\nC\u00f3digo de producto: 304M<br \/>\nEl precio de este perfume depende de la cantidad indicada.<br \/>\n\u00a1Por favor, danos tu opini\u00f3n despu\u00e9s de la compra!<\/p>\n","protected":false},"excerpt":{"rendered":"<p class=\"product__text inline-richtext\">Inspiraci\u00f3n: Armani Code Profumo EDP 50ML<\/p>\n<p class=\"product__text inline-richtext\"><strong>\u2705 Eau de Toilette 19-21% Perfume<\/strong><\/p>\n<p class=\"product__text inline-richtext\"><strong>\u2705 La fragancia dura un segundo d\u00eda<\/strong><\/p>\n<p class=\"product__text inline-richtext\"><strong>Compra la fragancia, no la marca: ahorra dinero<\/strong><\/p>\n","protected":false},"featured_media":35980,"comment_status":"open","ping_status":"closed","template":"","meta":{"_acf_changed":false},"product_brand":[],"product_cat":[199],"product_tag":[],"class_list":{"0":"post-25966","1":"product","2":"type-product","3":"status-publish","4":"has-post-thumbnail","6":"product_cat-para-hombre","8":"first","9":"instock","10":"shipping-taxable","11":"purchasable","12":"product-type-variable"},"acf":[],"aioseo_notices":[],"jetpack_sharing_enabled":true,"_links":{"self":[{"href":"https:\/\/dupescents.co\/es\/wp-json\/wp\/v2\/product\/25966","targetHints":{"allow":["GET"]}}],"collection":[{"href":"https:\/\/dupescents.co\/es\/wp-json\/wp\/v2\/product"}],"about":[{"href":"https:\/\/dupescents.co\/es\/wp-json\/wp\/v2\/types\/product"}],"replies":[{"embeddable":true,"href":"https:\/\/dupescents.co\/es\/wp-json\/wp\/v2\/comments?post=25966"}],"wp:featuredmedia":[{"embeddable":true,"href":"https:\/\/dupescents.co\/es\/wp-json\/wp\/v2\/media\/35980"}],"wp:attachment":[{"href":"https:\/\/dupescents.co\/es\/wp-json\/wp\/v2\/media?parent=25966"}],"wp:term":[{"taxonomy":"product_brand","embeddable":true,"href":"https:\/\/dupescents.co\/es\/wp-json\/wp\/v2\/product_brand?post=25966"},{"taxonomy":"product_cat","embeddable":true,"href":"https:\/\/dupescents.co\/es\/wp-json\/wp\/v2\/product_cat?post=25966"},{"taxonomy":"product_tag","embeddable":true,"href":"https:\/\/dupescents.co\/es\/wp-json\/wp\/v2\/product_tag?post=25966"}],"curies":[{"name":"wp","href":"https:\/\/api.w.org\/{rel}","templated":true}]}}