{"id":25958,"date":"2025-03-29T16:00:32","date_gmt":"2025-03-29T15:00:32","guid":{"rendered":"https:\/\/dupescents.co\/products\/huele-a-un-millon-de-suerte\/"},"modified":"2025-11-05T19:21:46","modified_gmt":"2025-11-05T18:21:46","slug":"huele-a-un-millon-de-suerte","status":"publish","type":"product","link":"https:\/\/dupescents.co\/es\/productos\/huele-a-un-millon-de-suerte\/","title":{"rendered":"Huele a&#8230; Un mill\u00f3n de suerte"},"content":{"rendered":"<p>280M - Ersatz f\u00fcr Paco Rabanne One Million Lucky<br \/>\nEAU DE PARFUM NO 280M - DAS \u00c4QUIVALENT ZU PACO RABANNE ONE MILLION LUCKY<\/p>\n<p>DUFTNOTEN UNSERES ERSATZES:<\/p>\n<p>OZONIC NOTES<br \/>\nPFLAUME<br \/>\nGRAUFRUCHT<br \/>\nBERGAMOT<br \/>\nHAZELNUSS<br \/>\nZEDER<br \/>\nCASHMERE HOLZ<br \/>\nJASMINE<br \/>\nHONIG<br \/>\nORANGE BLOSSOM<br \/>\nPACULA<br \/>\nEICHENMOSS<br \/>\nVETIVERIE<br \/>\nAMBERHOLZ<br \/>\nDUFTBESCHREIBUNG:<\/p>\n<p>Ein Eau de Parfum f\u00fcr die ewig Gl\u00fccklichen, f\u00fcr die nichts unm\u00f6glich ist. Unser Gegenst\u00fcck zu Paco Rabanne One Million Lucky ist ein Angebot, das haupts\u00e4chlich aus aromatischen Holznoten besteht und wie ein Magnet anzieht. Dieser intensive und charismatische Duftcocktail l\u00e4sst Sie sowohl tags\u00fcber als auch abends aus der Masse herausstechen.<\/p>\n<p>EIGENSCHAFTEN DES \u00c4QUIVALENTS VON EINER MILLION LUCKY PARFUM:<br \/>\nDufttyp: holzig<br \/>\nF\u00fcr wen: m\u00e4nnlich<br \/>\nInhalt: 10 ML \/ 30 ml \/ 50 ml \/ 100 ml<br \/>\nProdukt-Code: 280M<br \/>\nDer Preis f\u00fcr dieses Parf\u00fcm h\u00e4ngt von der angegebenen Menge ab.<br \/>\nBitte geben Sie uns Ihr Feedback nach dem Kauf!<\/p>\n<p>Sehen Sie auch andere Paco Rabanne Parfums und ihre Substitute.<\/p>\n","protected":false},"excerpt":{"rendered":"<p>Inspiraci\u00f3n: Paco Rabanne One Million LUCKY EDT 50ML<\/p>\n<p class=\"product__text inline-richtext\"><strong>\u2705 Eau de Toilette 19-21% Perfume<\/strong><\/p>\n<p class=\"product__text inline-richtext\"><strong>\u2705 La fragancia dura un segundo d\u00eda<\/strong><\/p>\n<p class=\"product__text inline-richtext\"><strong>Compra la fragancia, no la marca: ahorra dinero<\/strong><\/p>\n","protected":false},"featured_media":0,"comment_status":"open","ping_status":"closed","template":"","meta":{"_acf_changed":false},"product_brand":[],"product_cat":[199],"product_tag":[],"class_list":{"0":"post-25958","1":"product","2":"type-product","3":"status-publish","5":"product_cat-para-hombre","7":"first","8":"instock","9":"shipping-taxable","10":"purchasable","11":"product-type-variable"},"acf":[],"aioseo_notices":[],"jetpack_sharing_enabled":true,"_links":{"self":[{"href":"https:\/\/dupescents.co\/es\/wp-json\/wp\/v2\/product\/25958","targetHints":{"allow":["GET"]}}],"collection":[{"href":"https:\/\/dupescents.co\/es\/wp-json\/wp\/v2\/product"}],"about":[{"href":"https:\/\/dupescents.co\/es\/wp-json\/wp\/v2\/types\/product"}],"replies":[{"embeddable":true,"href":"https:\/\/dupescents.co\/es\/wp-json\/wp\/v2\/comments?post=25958"}],"wp:attachment":[{"href":"https:\/\/dupescents.co\/es\/wp-json\/wp\/v2\/media?parent=25958"}],"wp:term":[{"taxonomy":"product_brand","embeddable":true,"href":"https:\/\/dupescents.co\/es\/wp-json\/wp\/v2\/product_brand?post=25958"},{"taxonomy":"product_cat","embeddable":true,"href":"https:\/\/dupescents.co\/es\/wp-json\/wp\/v2\/product_cat?post=25958"},{"taxonomy":"product_tag","embeddable":true,"href":"https:\/\/dupescents.co\/es\/wp-json\/wp\/v2\/product_tag?post=25958"}],"curies":[{"name":"wp","href":"https:\/\/api.w.org\/{rel}","templated":true}]}}