{"id":25931,"date":"2025-03-29T16:08:06","date_gmt":"2025-03-29T15:08:06","guid":{"rendered":"https:\/\/dupescents.co\/products\/huele-a-eternidad\/"},"modified":"2026-02-22T00:42:36","modified_gmt":"2026-02-21T23:42:36","slug":"huele-a-eternidad","status":"publish","type":"product","link":"https:\/\/dupescents.co\/es\/productos\/huele-a-eternidad\/","title":{"rendered":"Huele a&#8230; Eternidad"},"content":{"rendered":"<p>215M - Sustituci\u00f3n de Calvin Klein Eternity<br \/>\nEAU DE PARFUM NO 215M - SUSTITUCI\u00d3N DE CALVIN KLEIN ETERNITY<\/p>\n<p>NOTAS DE FRAGANCIA DE NUESTRO SUSTITUTO:<\/p>\n<p>LAWENDA<br \/>\nLTRY<br \/>\nBERGAMOT<br \/>\nSANDELWOOD<br \/>\nSAGE<br \/>\nBAYAS DE ENEBRO<br \/>\nMANDAR\u00cdN<br \/>\nVETIVERIO<br \/>\nGERANIO<br \/>\nCOLLENDRA<br \/>\nPJMO<br \/>\nBAZILIA<br \/>\nJASMINE<br \/>\nROSA DE BRASIL<br \/>\nFLOR NARANJA<br \/>\nLILY<br \/>\nCONWALIA<br \/>\nBURSHINE<br \/>\nDESCRIPCI\u00d3N DE LA FRAGANCIA:<\/p>\n<p>Un eau de parfum masculino que cautiva con sus ricos aromas. Nuestra hom\u00f3loga de la fragancia Calvin Klein Eternity es para hombres modernos con un firme dominio de la tierra. La mezcla de acordes contradictorios atrae e hipnotiza. Ideal para llevar a diario, pero tambi\u00e9n para reuniones de negocios, citas y otras ocasiones especiales.   <\/p>\n<p>CARACTER\u00cdSTICAS DEL PERFUME ETERNIDAD Art\u00edculo:<br \/>\nTipo de fragancia: arom\u00e1tica<br \/>\nPara qui\u00e9n: masculino<br \/>\nContenido: 10 ml \/ 30 ml \/ 50 ml \/ 100 ml<br \/>\nC\u00f3digo de producto: 215M<br \/>\nEl precio de este perfume depende de la cantidad indicada.<br \/>\n\u00a1Por favor, danos tu opini\u00f3n despu\u00e9s de la compra!<\/p>\n<p>Consulta tambi\u00e9n otros perfumes Calvin Klein y sus sustitutos.<\/p>\n<p>\u00bfA qu\u00e9 huele el perfume correspondiente Calvin Klein Eternity?<br \/>\nEste perfume masculino contiene numerosas notas de fragancia, como acordes de salvia, \u00e1mbar, s\u00e1ndalo, c\u00edtricos y bergamota, por nombrar s\u00f3lo algunas. Llama la atenci\u00f3n y aporta carisma. Como eau de parfum, es adecuado para cualquier ocasi\u00f3n, para uso diario o para ocasiones importantes.  <\/p>\n","protected":false},"excerpt":{"rendered":"<p>Inspiraci\u00f3n: Calvin Klein Eternity EDT 50ML<\/p>\n<p class=\"product__text inline-richtext\"><strong>\u2705 Eau de Toilette 19-21% Perfume<\/strong><\/p>\n<p class=\"product__text inline-richtext\"><strong>\u2705 La fragancia dura un segundo d\u00eda<\/strong><\/p>\n<p class=\"product__text inline-richtext\"><strong>Compra la fragancia, no la marca: ahorra dinero<\/strong><\/p>\n","protected":false},"featured_media":35936,"comment_status":"open","ping_status":"closed","template":"","meta":{"_acf_changed":false},"product_brand":[],"product_cat":[199],"product_tag":[],"class_list":{"0":"post-25931","1":"product","2":"type-product","3":"status-publish","4":"has-post-thumbnail","6":"product_cat-para-hombre","8":"first","9":"instock","10":"shipping-taxable","11":"purchasable","12":"product-type-variable"},"acf":[],"aioseo_notices":[],"jetpack_sharing_enabled":true,"_links":{"self":[{"href":"https:\/\/dupescents.co\/es\/wp-json\/wp\/v2\/product\/25931","targetHints":{"allow":["GET"]}}],"collection":[{"href":"https:\/\/dupescents.co\/es\/wp-json\/wp\/v2\/product"}],"about":[{"href":"https:\/\/dupescents.co\/es\/wp-json\/wp\/v2\/types\/product"}],"replies":[{"embeddable":true,"href":"https:\/\/dupescents.co\/es\/wp-json\/wp\/v2\/comments?post=25931"}],"wp:featuredmedia":[{"embeddable":true,"href":"https:\/\/dupescents.co\/es\/wp-json\/wp\/v2\/media\/35936"}],"wp:attachment":[{"href":"https:\/\/dupescents.co\/es\/wp-json\/wp\/v2\/media?parent=25931"}],"wp:term":[{"taxonomy":"product_brand","embeddable":true,"href":"https:\/\/dupescents.co\/es\/wp-json\/wp\/v2\/product_brand?post=25931"},{"taxonomy":"product_cat","embeddable":true,"href":"https:\/\/dupescents.co\/es\/wp-json\/wp\/v2\/product_cat?post=25931"},{"taxonomy":"product_tag","embeddable":true,"href":"https:\/\/dupescents.co\/es\/wp-json\/wp\/v2\/product_tag?post=25931"}],"curies":[{"name":"wp","href":"https:\/\/api.w.org\/{rel}","templated":true}]}}