{"id":25911,"date":"2025-03-29T16:10:38","date_gmt":"2025-03-29T15:10:38","guid":{"rendered":"https:\/\/dupescents.co\/products\/huele-a-212-sexy-hombres\/"},"modified":"2025-11-05T19:21:40","modified_gmt":"2025-11-05T18:21:40","slug":"huele-a-212-sexy-hombres","status":"publish","type":"product","link":"https:\/\/dupescents.co\/es\/productos\/huele-a-212-sexy-hombres\/","title":{"rendered":"Huele a&#8230; 212 SExy Hombres"},"content":{"rendered":"<p>323M - \u00c4quivalent von Carolina Herrera 212 Sexy Men<br \/>\nPARF\u00dcMWASSER NR. 323M - \u00c4QUIVALENT ZU CAROLINA HERRERA 212 SEXY MEN<\/p>\n<p>DUFTNOTEN VON UNSEREM ERSATZ:<\/p>\n<p>MANDARINE<br \/>\nBERGAMOT<br \/>\nGR\u00dcNE N\u00dcSSE<br \/>\nPRINZ<br \/>\nBLUMEN<br \/>\nKARDAMON<br \/>\nVANILLA<br \/>\nGUAIAC-HOLZ<br \/>\nSANDELHOLZ<br \/>\nPI\u017bMO<br \/>\nBURSHINE<br \/>\nDUFTBESCHREIBUNG:<\/p>\n<p>F\u00fchlen Sie sich attraktiv mit unserem Pendant Carolina Herrera 212 Sexy Men Parf\u00fcm! Es ist ein anziehender, verf\u00fchrerischer Duft f\u00fcr jeden Mann, der selbstbewusst die n\u00e4chtliche, pulsierende Stadt erobern m\u00f6chte. Aufgrund seines verf\u00fchrerischen Charakters eignet sich dieser Duft besonders gut f\u00fcr besondere Anl\u00e4sse. Die Mischung besteht unter anderem aus Noten von Vanille, Kardamom, Bergamotte, Amber, Sandelholz und Guajak.<\/p>\n<p>MERKMALE DES \u00c4QUIVALENTS VON CAROLINA HERRERA 212 SEXY MEN PERFUME:<br \/>\nDufttyp: orientalisch, Fougere<br \/>\nF\u00fcr wen: m\u00e4nnlich<br \/>\nVolumen: 10 ml \/ 30 ml \/ 50 ml \/ 100 ml<br \/>\nProdukt-Code: 323M<br \/>\nDer Preis f\u00fcr dieses Parf\u00fcm h\u00e4ngt von der angegebenen Menge ab.<br \/>\nBitte geben Sie uns nach dem Kauf eine R\u00fcckmeldung!<\/p>\n<p>Schauen Sie sich auch andere Parfums von Carolina Herrera an.<\/p>\n","protected":false},"excerpt":{"rendered":"<p>Inspiraci\u00f3n: Carolina Herrera 212 Sexy Men EDT 50ML<\/p>\n<p class=\"product__text inline-richtext\"><strong>\u2705 Eau de Toilette 19-21% Perfume<\/strong><\/p>\n<p class=\"product__text inline-richtext\"><strong>\u2705 La fragancia dura un segundo d\u00eda<\/strong><\/p>\n<p class=\"product__text inline-richtext\"><strong>Compra la fragancia, no la marca: ahorra dinero<\/strong><\/p>\n","protected":false},"featured_media":0,"comment_status":"open","ping_status":"closed","template":"","meta":{"_acf_changed":false},"product_brand":[],"product_cat":[199],"product_tag":[],"class_list":{"0":"post-25911","1":"product","2":"type-product","3":"status-publish","5":"product_cat-para-hombre","7":"first","8":"instock","9":"shipping-taxable","10":"purchasable","11":"product-type-variable"},"acf":[],"aioseo_notices":[],"jetpack_sharing_enabled":true,"_links":{"self":[{"href":"https:\/\/dupescents.co\/es\/wp-json\/wp\/v2\/product\/25911","targetHints":{"allow":["GET"]}}],"collection":[{"href":"https:\/\/dupescents.co\/es\/wp-json\/wp\/v2\/product"}],"about":[{"href":"https:\/\/dupescents.co\/es\/wp-json\/wp\/v2\/types\/product"}],"replies":[{"embeddable":true,"href":"https:\/\/dupescents.co\/es\/wp-json\/wp\/v2\/comments?post=25911"}],"wp:attachment":[{"href":"https:\/\/dupescents.co\/es\/wp-json\/wp\/v2\/media?parent=25911"}],"wp:term":[{"taxonomy":"product_brand","embeddable":true,"href":"https:\/\/dupescents.co\/es\/wp-json\/wp\/v2\/product_brand?post=25911"},{"taxonomy":"product_cat","embeddable":true,"href":"https:\/\/dupescents.co\/es\/wp-json\/wp\/v2\/product_cat?post=25911"},{"taxonomy":"product_tag","embeddable":true,"href":"https:\/\/dupescents.co\/es\/wp-json\/wp\/v2\/product_tag?post=25911"}],"curies":[{"name":"wp","href":"https:\/\/api.w.org\/{rel}","templated":true}]}}