{"id":25902,"date":"2025-03-29T16:17:24","date_gmt":"2025-03-29T15:17:24","guid":{"rendered":"https:\/\/dupescents.co\/products\/huele-a-acqua-di-gio-essenza\/"},"modified":"2025-11-05T19:21:39","modified_gmt":"2025-11-05T18:21:39","slug":"huele-a-acqua-di-gio-essenza","status":"publish","type":"product","link":"https:\/\/dupescents.co\/es\/productos\/huele-a-acqua-di-gio-essenza\/","title":{"rendered":"Huele a&#8230; Acqua di Gio Essenza"},"content":{"rendered":"<p>212M - Ersatz f\u00fcr Giorgio Armani Acqua di Gio Essenza<br \/>\nGIORGIO ARMANI ACQUA DI GIO ESSENZA \u00c4QUIVALENTES PARF\u00dcMWASSER NO 212M<\/p>\n<p>DUFTNOTEN VON UNSEREM ERSATZ:<\/p>\n<p>AQUATISCHE N\u00dcSSE<br \/>\nBERGAMOT<br \/>\nGREYFRUIT<br \/>\nCALONE<br \/>\nPRINZ<br \/>\nBASILIE<br \/>\nZEDER<br \/>\nVETIVERIEN<br \/>\nFLORALE NOTIZEN<br \/>\nPIZMO<br \/>\nJASMINE<br \/>\nSAGE<br \/>\nAMBRA<br \/>\nKLEINER SAGE<br \/>\nBURSHINE<br \/>\nPACULA<br \/>\nDUFTBESCHREIBUNG:<\/p>\n<p>Ein eleganter und luxuri\u00f6ser Duft f\u00fcr einen Mann mit feinem Geschmack. Als Gegenst\u00fcck zu Giorgio Armani Acqua di Gio Essenza ist dieses Eau de Parfum eine Kombination aus erfrischenden aquatischen Noten und markanten, maskulinen Holzaromen. Dieser verf\u00fchrerische Duft wird von einer Person gesch\u00e4tzt, die voller Enthusiasmus und Energie ist und keine Sch\u00fcchternheit kennt.<\/p>\n<p>MERKMALE DES PARFUMS ACQUA DI GIO ESSENZA EQUIVALENT:<br \/>\nDufttyp: aquatisch, holzig<br \/>\nF\u00fcr wen: m\u00e4nnlich<br \/>\nInhalt 10 ml \/ 30 ml \/ 50 ml \/ 100 ml<br \/>\nProdukt-Code: 212M<br \/>\nDer Preis f\u00fcr dieses Parf\u00fcm h\u00e4ngt von der angegebenen Menge ab.<br \/>\nBitte geben Sie uns Ihr Feedback nach dem Kauf!<\/p>\n<p>Sehen Sie auch andere Giorgio Armani Parfums und ihre Ersatzprodukte.<\/p>\n","protected":false},"excerpt":{"rendered":"<p class=\"product__text inline-richtext\">Inspiraci\u00f3n: Giorgio Armani Acqua di Gio Essenza EDP 75ML<\/p>\n<p class=\"product__text inline-richtext\"><strong>\u2705 Eau de Toilette 19-21% Perfume<\/strong><\/p>\n<p class=\"product__text inline-richtext\"><strong>\u2705 La fragancia dura un segundo d\u00eda<\/strong><\/p>\n<p class=\"product__text inline-richtext\"><strong>Compra la fragancia, no la marca: ahorra dinero<\/strong><\/p>\n","protected":false},"featured_media":36347,"comment_status":"open","ping_status":"closed","template":"","meta":{"_acf_changed":false},"product_brand":[],"product_cat":[199],"product_tag":[],"class_list":{"0":"post-25902","1":"product","2":"type-product","3":"status-publish","4":"has-post-thumbnail","6":"product_cat-para-hombre","8":"first","9":"instock","10":"shipping-taxable","11":"purchasable","12":"product-type-variable"},"acf":[],"aioseo_notices":[],"jetpack_sharing_enabled":true,"_links":{"self":[{"href":"https:\/\/dupescents.co\/es\/wp-json\/wp\/v2\/product\/25902","targetHints":{"allow":["GET"]}}],"collection":[{"href":"https:\/\/dupescents.co\/es\/wp-json\/wp\/v2\/product"}],"about":[{"href":"https:\/\/dupescents.co\/es\/wp-json\/wp\/v2\/types\/product"}],"replies":[{"embeddable":true,"href":"https:\/\/dupescents.co\/es\/wp-json\/wp\/v2\/comments?post=25902"}],"wp:featuredmedia":[{"embeddable":true,"href":"https:\/\/dupescents.co\/es\/wp-json\/wp\/v2\/media\/36347"}],"wp:attachment":[{"href":"https:\/\/dupescents.co\/es\/wp-json\/wp\/v2\/media?parent=25902"}],"wp:term":[{"taxonomy":"product_brand","embeddable":true,"href":"https:\/\/dupescents.co\/es\/wp-json\/wp\/v2\/product_brand?post=25902"},{"taxonomy":"product_cat","embeddable":true,"href":"https:\/\/dupescents.co\/es\/wp-json\/wp\/v2\/product_cat?post=25902"},{"taxonomy":"product_tag","embeddable":true,"href":"https:\/\/dupescents.co\/es\/wp-json\/wp\/v2\/product_tag?post=25902"}],"curies":[{"name":"wp","href":"https:\/\/api.w.org\/{rel}","templated":true}]}}