{"id":25885,"date":"2025-03-29T16:18:21","date_gmt":"2025-03-29T15:18:21","guid":{"rendered":"https:\/\/dupescents.co\/products\/huele-a-infinito-embotellado\/"},"modified":"2026-02-22T01:06:29","modified_gmt":"2026-02-22T00:06:29","slug":"huele-a-infinito-embotellado","status":"publish","type":"product","link":"https:\/\/dupescents.co\/es\/productos\/huele-a-infinito-embotellado\/","title":{"rendered":"Huele a&#8230; Infinito embotellado"},"content":{"rendered":"<p>301M - Hugo Boss BOTTLED INFINITE REEMPLAZO<br \/>\nEAU DE PARFUM NO 301M - HUGO BOSS BOTTLED INFINITE REEMPLAZO<\/p>\n<p>NOTAS DE FRAGANCIA DE NUESTRO SUSTITUTO:<\/p>\n<p>JABEL<br \/>\nMANDARINA<br \/>\nCANELA<br \/>\nSALVIA<br \/>\nPACULA<br \/>\nROMERO<br \/>\nLAVANDA<br \/>\nS\u00c1NDALO<br \/>\n\u00c1RBOL DEL ACEITE<br \/>\nDESCRIPCI\u00d3N DE LA FRAGANCIA:<\/p>\n<p>Una fragancia para hombres que se refugian de la jungla urbana en la naturaleza y sacan fuerzas de ella. La composici\u00f3n afrutada y arom\u00e1tica seduce de principio a fin y acent\u00faa suavemente los aromas amaderados con mandarina y canela. Una fragancia envolvente y calmante para el hombre natural y con estilo que quiere disfrutar plenamente de la vida.  <\/p>\n<p>Prueba el equivalente 301M -la inspiraci\u00f3n de la fragancia Hugo Boss Bottled Infinite- \u00a1y siente el poder de la naturaleza!<\/p>\n<p>CARACTER\u00cdSTICAS DEL PERFUME HUGO BOSS BOTTLED INFINITE Art\u00edculo:<br \/>\nTipo de fragancia: amaderada, arom\u00e1tica<br \/>\nPara qui\u00e9n: masculino<br \/>\nVolumen: 10 ml \/ 30 ml \/ 50 ml \/ 100 ml<br \/>\nC\u00f3digo de producto: 301M<br \/>\nEl precio de este perfume depende de la cantidad indicada.<br \/>\n\u00a1Por favor, danos tu opini\u00f3n despu\u00e9s de la compra!<\/p>\n<p>Mira tambi\u00e9n otros perfumes Hugo Boss y sus sustitutos.<\/p>\n<p>\u00bfA qu\u00e9 huele el equivalente del perfume Infinito Embotellado?<br \/>\nEs un perfume para hombre que se considera muy arom\u00e1tico y amaderado. Su fragancia incluye notas arom\u00e1ticas de lavanda, salvia refrescante, canela, madera de olivo y s\u00e1ndalo. Definitivamente desprende energ\u00eda y estilo.  <\/p>\n","protected":false},"excerpt":{"rendered":"<p class=\"product__text inline-richtext\">Inspiraci\u00f3n: Hugo Boss Bottled Infinite EDP 100ML<\/p>\n<p class=\"product__text inline-richtext\"><strong>\u2705 Eau de Toilette 19-21% Perfume<\/strong><\/p>\n<p class=\"product__text inline-richtext\"><strong>\u2705 La fragancia dura un segundo d\u00eda<\/strong><\/p>\n<p class=\"product__text inline-richtext\"><strong>Compra la fragancia, no la marca: ahorra dinero<\/strong><\/p>\n","protected":false},"featured_media":35977,"comment_status":"open","ping_status":"closed","template":"","meta":{"_acf_changed":false},"product_brand":[],"product_cat":[199],"product_tag":[],"class_list":{"0":"post-25885","1":"product","2":"type-product","3":"status-publish","4":"has-post-thumbnail","6":"product_cat-para-hombre","8":"first","9":"instock","10":"shipping-taxable","11":"purchasable","12":"product-type-variable"},"acf":[],"aioseo_notices":[],"jetpack_sharing_enabled":true,"_links":{"self":[{"href":"https:\/\/dupescents.co\/es\/wp-json\/wp\/v2\/product\/25885","targetHints":{"allow":["GET"]}}],"collection":[{"href":"https:\/\/dupescents.co\/es\/wp-json\/wp\/v2\/product"}],"about":[{"href":"https:\/\/dupescents.co\/es\/wp-json\/wp\/v2\/types\/product"}],"replies":[{"embeddable":true,"href":"https:\/\/dupescents.co\/es\/wp-json\/wp\/v2\/comments?post=25885"}],"wp:featuredmedia":[{"embeddable":true,"href":"https:\/\/dupescents.co\/es\/wp-json\/wp\/v2\/media\/35977"}],"wp:attachment":[{"href":"https:\/\/dupescents.co\/es\/wp-json\/wp\/v2\/media?parent=25885"}],"wp:term":[{"taxonomy":"product_brand","embeddable":true,"href":"https:\/\/dupescents.co\/es\/wp-json\/wp\/v2\/product_brand?post=25885"},{"taxonomy":"product_cat","embeddable":true,"href":"https:\/\/dupescents.co\/es\/wp-json\/wp\/v2\/product_cat?post=25885"},{"taxonomy":"product_tag","embeddable":true,"href":"https:\/\/dupescents.co\/es\/wp-json\/wp\/v2\/product_tag?post=25885"}],"curies":[{"name":"wp","href":"https:\/\/api.w.org\/{rel}","templated":true}]}}