{"id":25859,"date":"2025-03-29T17:03:03","date_gmt":"2025-03-29T16:03:03","guid":{"rendered":"https:\/\/dupescents.co\/products\/huele-a-black-xs-lexces-para-el\/"},"modified":"2026-02-22T01:13:53","modified_gmt":"2026-02-22T00:13:53","slug":"huele-a-black-xs-lexces-para-el","status":"publish","type":"product","link":"https:\/\/dupescents.co\/es\/productos\/huele-a-black-xs-lexces-para-el\/","title":{"rendered":"Huele a&#8230; Black XS L&#8217;Exces para \u00c9l"},"content":{"rendered":"<p>312M - Equivalente a Paco Rabanne Black XS L&#8217;Exces para \u00e9l<br \/>\nEAU DE PARFUM NO 312M - EL EQUIVALENTE DE PACO RABANNE BLACK XS L&#8217;EXCES PARA \u00c9L<\/p>\n<p>NOTAS DE FRAGANCIA DE NUESTRO SUSTITUTO:<\/p>\n<p>AMALPHIA LEMON<br \/>\nLAVANDA<br \/>\nCYPRIOL<br \/>\nNOTAS MARINAS<br \/>\nBURSHINE<br \/>\nPACULA<br \/>\nDESCRIPCI\u00d3N DE LA FRAGANCIA:<\/p>\n<p>La contrapartida del perfume Black XS L&#8217;Exces de Paco Rabanne es una fragancia creada para el rebelde rebelde. Un hombre que sabe lo que quiere, \u00a1que no ve obst\u00e1culos insuperables! La fragancia le envuelve con un aura magn\u00e9tica que resalta su carisma y su desenfrenada confianza en s\u00ed mismo. En su interior se esconden notas de salvia, lim\u00f3n, \u00e1mbar, lavanda y pachul\u00ed.   <\/p>\n<p>CARACTER\u00cdSTICAS DEL PERFUME PACO RABANNE BLACK XS L&#8217;EXCES FOR HIM :<br \/>\nTipo de fragancia: amaderada, arom\u00e1tica.<br \/>\nPara qui\u00e9n: masculino<br \/>\nContenido 10 ml \/ 30 ml \/ 50 ml \/ 100 ml<br \/>\nC\u00f3digo de producto: 312M<br \/>\nEl precio de este perfume depende de la cantidad indicada.<br \/>\n\u00a1Por favor, danos tu opini\u00f3n despu\u00e9s de la compra!<\/p>\n","protected":false},"excerpt":{"rendered":"<p>Inspiraci\u00f3n: Paco Rabanne Black XS L&#8217;Exces for Him EDT 100ML<\/p>\n<p class=\"product__text inline-richtext\"><strong>\u2705 Eau de Toilette 19-21% Perfume<\/strong><\/p>\n<p class=\"product__text inline-richtext\"><strong>\u2705 La fragancia dura un segundo d\u00eda<\/strong><\/p>\n<p class=\"product__text inline-richtext\"><strong>Compra la fragancia, no la marca: ahorra dinero<\/strong><\/p>\n","protected":false},"featured_media":35986,"comment_status":"open","ping_status":"closed","template":"","meta":{"_acf_changed":false},"product_brand":[],"product_cat":[199],"product_tag":[],"class_list":{"0":"post-25859","1":"product","2":"type-product","3":"status-publish","4":"has-post-thumbnail","6":"product_cat-para-hombre","8":"first","9":"instock","10":"shipping-taxable","11":"purchasable","12":"product-type-variable"},"acf":[],"aioseo_notices":[],"jetpack_sharing_enabled":true,"_links":{"self":[{"href":"https:\/\/dupescents.co\/es\/wp-json\/wp\/v2\/product\/25859","targetHints":{"allow":["GET"]}}],"collection":[{"href":"https:\/\/dupescents.co\/es\/wp-json\/wp\/v2\/product"}],"about":[{"href":"https:\/\/dupescents.co\/es\/wp-json\/wp\/v2\/types\/product"}],"replies":[{"embeddable":true,"href":"https:\/\/dupescents.co\/es\/wp-json\/wp\/v2\/comments?post=25859"}],"wp:featuredmedia":[{"embeddable":true,"href":"https:\/\/dupescents.co\/es\/wp-json\/wp\/v2\/media\/35986"}],"wp:attachment":[{"href":"https:\/\/dupescents.co\/es\/wp-json\/wp\/v2\/media?parent=25859"}],"wp:term":[{"taxonomy":"product_brand","embeddable":true,"href":"https:\/\/dupescents.co\/es\/wp-json\/wp\/v2\/product_brand?post=25859"},{"taxonomy":"product_cat","embeddable":true,"href":"https:\/\/dupescents.co\/es\/wp-json\/wp\/v2\/product_cat?post=25859"},{"taxonomy":"product_tag","embeddable":true,"href":"https:\/\/dupescents.co\/es\/wp-json\/wp\/v2\/product_tag?post=25859"}],"curies":[{"name":"wp","href":"https:\/\/api.w.org\/{rel}","templated":true}]}}