{"id":25841,"date":"2025-03-30T12:37:02","date_gmt":"2025-03-30T10:37:02","guid":{"rendered":"https:\/\/dupescents.co\/products\/huele-a-pachuli-blanco\/"},"modified":"2025-11-05T19:21:29","modified_gmt":"2025-11-05T18:21:29","slug":"huele-a-pachuli-blanco","status":"publish","type":"product","link":"https:\/\/dupescents.co\/es\/productos\/huele-a-pachuli-blanco\/","title":{"rendered":"Huele a&#8230; Pachul\u00ed blanco"},"content":{"rendered":"<p>156W - Tom Ford Wei\u00dfer Patchouli-Ersatz<br \/>\nEAU DE PARFUM NO 156W - TOM FORD WHITE PATCHOULI ERSATZ<\/p>\n<p>DUFTNOTEN UNSERES ERSATZES:<\/p>\n<p>PACULA<br \/>\nWEISSE BL\u00dcTEN<br \/>\nCOLLENDRA<br \/>\nPIWONIA<br \/>\nBERGAMOTTE<br \/>\nAMBRETTE<br \/>\nTADPOLE<br \/>\nROSE<br \/>\nHOLZIGE NOTEN<br \/>\nJASMINE<br \/>\nDUFTBESCHREIBUNG:<\/p>\n<p>Die berauschende Kraft des wei\u00dfen Patchouli verf\u00fchrt mit seiner Anziehungskraft und seinem Charme. Unser Gegenst\u00fcck zum Tom Ford White Patchouli Duft ist f\u00fcr elegante Frauen, die einen Hauch von Luxus lieben. Die einzigartige Anmut, die im Flakon dieses Eau de Parfums verk\u00f6rpert wird, unterstreicht die Sinnlichkeit und Sch\u00f6nheit seiner Tr\u00e4gerin.<\/p>\n<p>MERKMALE DES GEGENST\u00dcCKS:<br \/>\nDufttyp: blumig, Chypre<br \/>\nF\u00fcr wen: Frauen<br \/>\nInhalt: 10 ml \/ 30 ml \/ 50 ml \/ 100 ml<br \/>\nProdukt-Code: 156W<br \/>\nDer Preis f\u00fcr dieses Parf\u00fcm h\u00e4ngt von der angegebenen Menge ab.<br \/>\nBitte geben Sie uns Ihr Feedback nach dem Kauf!<\/p>\n<p>&nbsp;<\/p>\n<p>Wie riecht das \u00c4quivalent des Parfums Tom Ford White Patchouli?<br \/>\nDies ist ein sehr interessanter Duft, der als Chypre, aber auch als blumig eingestuft wird. Wenn Sie daran riechen, k\u00f6nnen Sie unter anderem Duftnoten von Jasmin und Rosenbl\u00fcten, Patchouli, Bergamotte oder blumige Akkorde von Pfingstrose wahrnehmen. Eine Komposition, die ideal f\u00fcr den Sommer ist, obwohl sie auch in anderen Jahreszeiten gut funktioniert, vor allem, wenn sie am Abend verwendet wird.<\/p>\n<p>Ist das Parf\u00fcm Tom Ford White Patchouli ein weiblicher Ersatz oder ein Unisex-Duft?<br \/>\nObwohl die White Patchouli Komposition f\u00fcr Frauen kreiert wurde und als solche pr\u00e4sentiert wird, gibt es Stimmen, die eine Unisex-Anwendung vorschlagen. Aufgrund des Vorhandenseins blumiger Noten l\u00e4sst sich dies jedoch am besten pers\u00f6nlich \u00fcberpr\u00fcfen.<\/p>\n","protected":false},"excerpt":{"rendered":"<p>Inspiraci\u00f3n: Tom Ford White Patchouli EDP 50ML<\/p>\n<p class=\"product__text inline-richtext\"><strong>\u2705 Eau de Toilette 19-21% Perfume<\/strong><\/p>\n<p class=\"product__text inline-richtext\"><strong>\u2705 La fragancia dura un segundo d\u00eda<\/strong><\/p>\n<p class=\"product__text inline-richtext\"><strong>Compra la fragancia, no la marca: ahorra dinero<\/strong><\/p>\n","protected":false},"featured_media":22051,"comment_status":"open","ping_status":"closed","template":"","meta":{"_acf_changed":false},"product_brand":[],"product_cat":[204],"product_tag":[],"class_list":{"0":"post-25841","1":"product","2":"type-product","3":"status-publish","4":"has-post-thumbnail","6":"product_cat-para-mujeres","8":"first","9":"instock","10":"shipping-taxable","11":"purchasable","12":"product-type-variable"},"acf":[],"aioseo_notices":[],"jetpack_sharing_enabled":true,"_links":{"self":[{"href":"https:\/\/dupescents.co\/es\/wp-json\/wp\/v2\/product\/25841","targetHints":{"allow":["GET"]}}],"collection":[{"href":"https:\/\/dupescents.co\/es\/wp-json\/wp\/v2\/product"}],"about":[{"href":"https:\/\/dupescents.co\/es\/wp-json\/wp\/v2\/types\/product"}],"replies":[{"embeddable":true,"href":"https:\/\/dupescents.co\/es\/wp-json\/wp\/v2\/comments?post=25841"}],"wp:featuredmedia":[{"embeddable":true,"href":"https:\/\/dupescents.co\/es\/wp-json\/wp\/v2\/media\/22051"}],"wp:attachment":[{"href":"https:\/\/dupescents.co\/es\/wp-json\/wp\/v2\/media?parent=25841"}],"wp:term":[{"taxonomy":"product_brand","embeddable":true,"href":"https:\/\/dupescents.co\/es\/wp-json\/wp\/v2\/product_brand?post=25841"},{"taxonomy":"product_cat","embeddable":true,"href":"https:\/\/dupescents.co\/es\/wp-json\/wp\/v2\/product_cat?post=25841"},{"taxonomy":"product_tag","embeddable":true,"href":"https:\/\/dupescents.co\/es\/wp-json\/wp\/v2\/product_tag?post=25841"}],"curies":[{"name":"wp","href":"https:\/\/api.w.org\/{rel}","templated":true}]}}