{"id":25823,"date":"2025-03-29T17:05:26","date_gmt":"2025-03-29T16:05:26","guid":{"rendered":"https:\/\/dupescents.co\/products\/huele-a-lhomme-parfum-intense\/"},"modified":"2025-11-05T19:21:27","modified_gmt":"2025-11-05T18:21:27","slug":"huele-a-lhomme-parfum-intense","status":"publish","type":"product","link":"https:\/\/dupescents.co\/es\/productos\/huele-a-lhomme-parfum-intense\/","title":{"rendered":"Huele a&#8230; L&#8217;Homme Parfum Intense"},"content":{"rendered":"<p>241M - Ersatz f\u00fcr Yves Saint Laurent L&#8217;Homme Parfum INTENSE<br \/>\nEAU DE PARFUM NO 241M - ERSATZ F\u00dcR YVES SAINT LAURENT L&#8217;HOMME PARFUM INTENSE<\/p>\n<p>DUFTNOTEN UNSERES ERSATZES:<\/p>\n<p>AMBRA<br \/>\nORANGENBL\u00dcTE<br \/>\nHOLZIGE NOTIZEN<br \/>\nZITRONE<br \/>\nSCHWARZER PFEFFER<br \/>\nHONIG<br \/>\nBERGAMOTTE<br \/>\nBENZOES<br \/>\nSIOALBLATT<br \/>\nLEATHER<br \/>\nSUEDE<br \/>\nZEDER<br \/>\nDUFTBESCHREIBUNG:<\/p>\n<p>Eine \u00e4u\u00dferst harmonische Mischung aus orientalischen Noten, die eine samtige und verf\u00fchrerische Wirkung erzeugen. Unser Eau de Parfum Nr. 241M ist das Gegenst\u00fcck zum Duft L&#8217;Homme Parfum Intense von Yves Saint Laurent, der sowohl f\u00fcr den Tag als auch f\u00fcr den Abend geeignet ist. Verf\u00fchrerische Holznoten treffen hier auf erfrischende Zitrusnoten und verleihen diesem Parfum eine zeitlose, intensive Dimension.<\/p>\n<p>MERKMALE DES \u00c4QUIVALENTS VON YSL L&#8217;HOMME PARFUM INTENSIVE:<br \/>\nDufttyp: orientalisch<br \/>\nF\u00fcr wen: m\u00e4nnlich<br \/>\nInhalt: 10 ml \/ 30 ml \/ 50 ml \/ 100 ml<br \/>\nProdukt-Code: 241M<br \/>\nDer Preis f\u00fcr dieses Parf\u00fcm h\u00e4ngt von der angegebenen Menge ab.<br \/>\nBitte geben Sie uns Ihr Feedback nach dem Kauf!<\/p>\n<p>Sehen Sie auch andere Yves Saint Laurent Parfums und ihre Ersatzprodukte.<\/p>\n","protected":false},"excerpt":{"rendered":"<p class=\"product__text inline-richtext\">Inspiraci\u00f3n: Yves Saint Laurent L&#8217;Homme Parfum INTENSE EDP 60ML<\/p>\n<p class=\"product__text inline-richtext\"><strong>\u2705 Eau de Toilette 19-21% Perfume<\/strong><\/p>\n<p class=\"product__text inline-richtext\"><strong>\u2705 La fragancia dura un segundo d\u00eda<\/strong><\/p>\n<p class=\"product__text inline-richtext\"><strong>Compra la fragancia, no la marca: ahorra dinero<\/strong><\/p>\n","protected":false},"featured_media":36332,"comment_status":"open","ping_status":"closed","template":"","meta":{"_acf_changed":false},"product_brand":[],"product_cat":[199],"product_tag":[],"class_list":{"0":"post-25823","1":"product","2":"type-product","3":"status-publish","4":"has-post-thumbnail","6":"product_cat-para-hombre","8":"first","9":"instock","10":"shipping-taxable","11":"purchasable","12":"product-type-variable"},"acf":[],"aioseo_notices":[],"jetpack_sharing_enabled":true,"_links":{"self":[{"href":"https:\/\/dupescents.co\/es\/wp-json\/wp\/v2\/product\/25823","targetHints":{"allow":["GET"]}}],"collection":[{"href":"https:\/\/dupescents.co\/es\/wp-json\/wp\/v2\/product"}],"about":[{"href":"https:\/\/dupescents.co\/es\/wp-json\/wp\/v2\/types\/product"}],"replies":[{"embeddable":true,"href":"https:\/\/dupescents.co\/es\/wp-json\/wp\/v2\/comments?post=25823"}],"wp:featuredmedia":[{"embeddable":true,"href":"https:\/\/dupescents.co\/es\/wp-json\/wp\/v2\/media\/36332"}],"wp:attachment":[{"href":"https:\/\/dupescents.co\/es\/wp-json\/wp\/v2\/media?parent=25823"}],"wp:term":[{"taxonomy":"product_brand","embeddable":true,"href":"https:\/\/dupescents.co\/es\/wp-json\/wp\/v2\/product_brand?post=25823"},{"taxonomy":"product_cat","embeddable":true,"href":"https:\/\/dupescents.co\/es\/wp-json\/wp\/v2\/product_cat?post=25823"},{"taxonomy":"product_tag","embeddable":true,"href":"https:\/\/dupescents.co\/es\/wp-json\/wp\/v2\/product_tag?post=25823"}],"curies":[{"name":"wp","href":"https:\/\/api.w.org\/{rel}","templated":true}]}}