{"id":25789,"date":"2025-03-30T13:38:27","date_gmt":"2025-03-30T11:38:27","guid":{"rendered":"https:\/\/dupescents.co\/products\/huele-a-opio-negro-nuit-blanche\/"},"modified":"2026-02-22T00:27:57","modified_gmt":"2026-02-21T23:27:57","slug":"huele-a-opio-negro-nuit-blanche","status":"publish","type":"product","link":"https:\/\/dupescents.co\/es\/productos\/huele-a-opio-negro-nuit-blanche\/","title":{"rendered":"Huele a&#8230; Opio negro Nuit Blanche"},"content":{"rendered":"<p>197W - Recambio para Yves Saint Laurent Black Opium Nuit Blanche<br \/>\nEAU DE PARFUM NO 197W - RECAMBIO PARA YVES SAINT LAURENT BLACK OPIUM NUIT BLANCHE<\/p>\n<p>NOTAS DE FRAGANCIA DE NUESTRO SUSTITUTO:<\/p>\n<p>VAINILLA<br \/>\nCAF\u00c9<br \/>\nCARAMELO<br \/>\nLECHE<br \/>\nARROZ<br \/>\nAZAHAR<br \/>\nS\u00c1NDALO<br \/>\nPIZMO BLANCO<br \/>\nPIVONIA<br \/>\nPERA BOURBON<br \/>\nAN\u00cdS<br \/>\nCOLLENDRA<br \/>\nDESCRIPCI\u00d3N DE LA FRAGANCIA:<\/p>\n<p>Una composici\u00f3n oriental que desprende una envoltura apasionada y misteriosa. Nuestro Eau de Parfum n\u00famero 197W es la contrapartida de la fragancia Black Opium Nuit Blanche de Yves Saint Laurent, que seduce con una maravillosa combinaci\u00f3n de vainilla, caf\u00e9 y caramelo con profundas notas amaderadas y florales. Un maravilloso c\u00f3ctel para los sentidos perfecto para la noche.  <\/p>\n<p>CARACTER\u00cdSTICAS DE LA FRAGANCIA EQUIVALENTE YSL NUIT BLANCHE:<br \/>\nTipo de fragancia: fragancia oriental<br \/>\nPara qui\u00e9n: mujeres<br \/>\nVolumen: 10 ml \/ 30 ml \/ 50 ml \/ 100 ml<br \/>\nC\u00f3digo del producto: 197W<br \/>\nEl precio de este perfume depende de la cantidad indicada.<br \/>\n\u00a1Por favor, danos tu opini\u00f3n despu\u00e9s de la compra!<\/p>\n<p>Mira tambi\u00e9n otros perfumes Yves Saint Laurent y sus sustitutos.<\/p>\n<p>\u00bfA qu\u00e9 huele el equivalente del perfume YSL Nuit Blanche?<br \/>\nEs un perfume oriental con bellas notas de peon\u00eda, an\u00eds, vainilla, s\u00e1ndalo o caf\u00e9, entre otras.<\/p>\n<p>Consulta tambi\u00e9n el sustituto del perfume Opio Negro y el equivalente Opio Intenso.<\/p>\n","protected":false},"excerpt":{"rendered":"<p class=\"product__text inline-richtext\">Inspiraci\u00f3n: Yves Saint Laurent Black Opium Nuit Blanche EDP 30ML<\/p>\n<p class=\"product__text inline-richtext\"><strong>\u2705 Eau de Toilette 19-21% Perfume<\/strong><\/p>\n<p class=\"product__text inline-richtext\"><strong>\u2705 La fragancia dura un segundo d\u00eda<\/strong><\/p>\n<p class=\"product__text inline-richtext\"><strong>Compra la fragancia, no la marca: ahorra dinero<\/strong><\/p>\n","protected":false},"featured_media":35915,"comment_status":"open","ping_status":"closed","template":"","meta":{"_acf_changed":false},"product_brand":[],"product_cat":[204],"product_tag":[],"class_list":{"0":"post-25789","1":"product","2":"type-product","3":"status-publish","4":"has-post-thumbnail","6":"product_cat-para-mujeres","8":"first","9":"instock","10":"shipping-taxable","11":"purchasable","12":"product-type-variable"},"acf":[],"aioseo_notices":[],"jetpack_sharing_enabled":true,"_links":{"self":[{"href":"https:\/\/dupescents.co\/es\/wp-json\/wp\/v2\/product\/25789","targetHints":{"allow":["GET"]}}],"collection":[{"href":"https:\/\/dupescents.co\/es\/wp-json\/wp\/v2\/product"}],"about":[{"href":"https:\/\/dupescents.co\/es\/wp-json\/wp\/v2\/types\/product"}],"replies":[{"embeddable":true,"href":"https:\/\/dupescents.co\/es\/wp-json\/wp\/v2\/comments?post=25789"}],"wp:featuredmedia":[{"embeddable":true,"href":"https:\/\/dupescents.co\/es\/wp-json\/wp\/v2\/media\/35915"}],"wp:attachment":[{"href":"https:\/\/dupescents.co\/es\/wp-json\/wp\/v2\/media?parent=25789"}],"wp:term":[{"taxonomy":"product_brand","embeddable":true,"href":"https:\/\/dupescents.co\/es\/wp-json\/wp\/v2\/product_brand?post=25789"},{"taxonomy":"product_cat","embeddable":true,"href":"https:\/\/dupescents.co\/es\/wp-json\/wp\/v2\/product_cat?post=25789"},{"taxonomy":"product_tag","embeddable":true,"href":"https:\/\/dupescents.co\/es\/wp-json\/wp\/v2\/product_tag?post=25789"}],"curies":[{"name":"wp","href":"https:\/\/api.w.org\/{rel}","templated":true}]}}