{"id":25788,"date":"2025-03-30T13:21:40","date_gmt":"2025-03-30T11:21:40","guid":{"rendered":"https:\/\/dupescents.co\/products\/huele-a-orquidea-negra\/"},"modified":"2026-02-21T23:34:39","modified_gmt":"2026-02-21T22:34:39","slug":"huele-a-orquidea-negra","status":"publish","type":"product","link":"https:\/\/dupescents.co\/es\/productos\/huele-a-orquidea-negra\/","title":{"rendered":"Huele a&#8230; Orqu\u00eddea negra"},"content":{"rendered":"<p>057W - REEMPLAZO PARA TOM FORD ORQU\u00cdDEA NEGRA<br \/>\nEAU DE PARFUM NO 057W - REEMPLAZO PARA TOM FORD ORQU\u00cdDEA NEGRA<\/p>\n<p>NOTAS DE FRAGANCIA DE NUESTRO SUSTITUTO:<\/p>\n<p>CHOCOLATE MEXICANO<br \/>\nTRUFLA<br \/>\nPACULA<br \/>\nORCHIDEE<br \/>\nVANILLA<br \/>\nBEBE<br \/>\nESPECIAS<br \/>\nGARDENIA<br \/>\nNOTAS DE FECUNDIDAD<br \/>\nBURTISMO<br \/>\nCURRANDO NEGRO<br \/>\nSANDALWOOD<br \/>\nYLANG-YLANG<br \/>\nJASMINE<br \/>\nVETIVERIO<br \/>\nLOTOS<br \/>\nBERGAMOTTE<br \/>\nMANDARINA<br \/>\nPIZZA BLANCA<br \/>\nAMALF\u00cdA LIM\u00d3N<br \/>\nDESCRIPCI\u00d3N DE LA FRAGANCIA:<\/p>\n<p>El misterio inherente al frasco de este perfume provoca una refinada sensaci\u00f3n de elegancia. El hom\u00f3logo de Tom Ford Orqu\u00eddea Negra es un eau de parfum \u00fanico y de larga duraci\u00f3n. La fluida fragancia oriental-floral te invita a descubrir una armon\u00eda y un lujo encantadores. Este perfume es ideal para la noche y los d\u00edas m\u00e1s frescos.   <\/p>\n<p>Al principio, tiene una agradable fragancia floral que es ideal para muchas mujeres. M\u00e1s tarde, se transforma en una fragancia oscura y dulce que llama la atenci\u00f3n, pero que es lo bastante sutil como para llevarla en la vida cotidiana. <\/p>\n<p>CARACTER\u00cdSTICAS DEL ART\u00cdCULO:<br \/>\nTipo de fragancia: oriental, floral<br \/>\nPara qui\u00e9n: mujer<br \/>\nContenido: 10ml \/ 30ml \/ 50ml \/ 100ml<br \/>\nC\u00f3digo del producto: 057W<br \/>\nEl precio de este perfume depende de la cantidad indicada.<br \/>\n\u00a1Por favor, danos tu opini\u00f3n despu\u00e9s de la compra!<\/p>\n<p>Mira tambi\u00e9n otros perfumes Tom Ford y sus sustitutos.<\/p>\n<p>\u00bfA qu\u00e9 huele el sustituto del perfume Tom Ford Orqu\u00eddea Negra?<br \/>\nEs una composici\u00f3n de aromas florales y orientales. Las notas incluyen mandarina, flor de loto, grosella negra, ylang-ylang, vainilla y, por supuesto, orqu\u00eddea. <\/p>\n","protected":false},"excerpt":{"rendered":"<p>Inspiraci\u00f3n: Tom Ford Orqu\u00eddea Negra EDP 30ML<\/p>\n<p class=\"product__text inline-richtext\"><strong>\u2705 Eau de Toilette 19-21% Perfume<\/strong><\/p>\n<p class=\"product__text inline-richtext\"><strong>\u2705 La fragancia dura un segundo d\u00eda<\/strong><\/p>\n<p class=\"product__text inline-richtext\"><strong>Compra la fragancia, no la marca: ahorra dinero<\/strong><\/p>\n","protected":false},"featured_media":35864,"comment_status":"open","ping_status":"closed","template":"","meta":{"_acf_changed":false},"product_brand":[],"product_cat":[204],"product_tag":[],"class_list":{"0":"post-25788","1":"product","2":"type-product","3":"status-publish","4":"has-post-thumbnail","6":"product_cat-para-mujeres","8":"first","9":"instock","10":"shipping-taxable","11":"purchasable","12":"product-type-variable"},"acf":[],"aioseo_notices":[],"jetpack_sharing_enabled":true,"_links":{"self":[{"href":"https:\/\/dupescents.co\/es\/wp-json\/wp\/v2\/product\/25788","targetHints":{"allow":["GET"]}}],"collection":[{"href":"https:\/\/dupescents.co\/es\/wp-json\/wp\/v2\/product"}],"about":[{"href":"https:\/\/dupescents.co\/es\/wp-json\/wp\/v2\/types\/product"}],"replies":[{"embeddable":true,"href":"https:\/\/dupescents.co\/es\/wp-json\/wp\/v2\/comments?post=25788"}],"wp:featuredmedia":[{"embeddable":true,"href":"https:\/\/dupescents.co\/es\/wp-json\/wp\/v2\/media\/35864"}],"wp:attachment":[{"href":"https:\/\/dupescents.co\/es\/wp-json\/wp\/v2\/media?parent=25788"}],"wp:term":[{"taxonomy":"product_brand","embeddable":true,"href":"https:\/\/dupescents.co\/es\/wp-json\/wp\/v2\/product_brand?post=25788"},{"taxonomy":"product_cat","embeddable":true,"href":"https:\/\/dupescents.co\/es\/wp-json\/wp\/v2\/product_cat?post=25788"},{"taxonomy":"product_tag","embeddable":true,"href":"https:\/\/dupescents.co\/es\/wp-json\/wp\/v2\/product_tag?post=25788"}],"curies":[{"name":"wp","href":"https:\/\/api.w.org\/{rel}","templated":true}]}}