{"id":25770,"date":"2025-03-30T13:23:26","date_gmt":"2025-03-30T11:23:26","guid":{"rendered":"https:\/\/dupescents.co\/products\/huele-a-linterdit-rouge\/"},"modified":"2025-11-05T19:21:24","modified_gmt":"2025-11-05T18:21:24","slug":"huele-a-linterdit-rouge","status":"publish","type":"product","link":"https:\/\/dupescents.co\/es\/productos\/huele-a-linterdit-rouge\/","title":{"rendered":"Huele a&#8230; L&#8217;Interdit Rouge"},"content":{"rendered":"<p>057W - Ersatz f\u00fcr Tom Ford Schwarze Orchidee<br \/>\nEAU DE PARFUM NO 057W - ERSATZ F\u00dcR TOM FORD BLACK ORCHID<\/p>\n<p>DUFTNOTEN UNSERES ERSATZES:<\/p>\n<p>MEXIKANISCHE SCHOKOLADE<br \/>\nTRUFLA<br \/>\nPACULA<br \/>\nORCHIDEE<br \/>\nVANILLA<br \/>\nGETR\u00c4NK<br \/>\nGEW\u00dcRZE<br \/>\nGARDENIA<br \/>\nFR\u00dcCHTIGKEITSNOTEN<br \/>\nBURTISMUS<br \/>\nSCHWARZER KURRANT<br \/>\nSANDALWOOD<br \/>\nYLANG-YLANG<br \/>\nJASMINE<br \/>\nVETIVERIE<br \/>\nLOTOS<br \/>\nBERGAMOTTE<br \/>\nMANDARINE<br \/>\nWEISSER PIZMUS<br \/>\nAMALPHIA-ZITRONE<br \/>\nDUFTBESCHREIBUNG:<\/p>\n<p>Das Geheimnis, das dem Flakon dieses Parfums innewohnt, l\u00f6st ein raffiniertes Gef\u00fchl der Eleganz aus. Das Gegenst\u00fcck zu Tom Ford Black Orchid ist ein einzigartiges Eau de Parfum mit einer langen Haltbarkeit. Der flie\u00dfende orientalisch-blumige Duft l\u00e4dt dazu ein, bezaubernde Harmonie und Luxus zu entdecken. Dieses Parf\u00fcm ist ideal f\u00fcr den Abend und k\u00fchlere Tage.<\/p>\n<p>Zu Beginn hat es einen angenehmen blumigen Duft, der f\u00fcr viele Frauen ideal geeignet ist. Sp\u00e4ter geht er in einen dunklen, s\u00fc\u00dfen Duft \u00fcber, der die Blicke auf sich zieht, aber dezent genug ist, um auch im Alltag getragen zu werden.<\/p>\n<p>EIGENSCHAFTEN DES GEGENST\u00dcCKS:<br \/>\nDufttyp: orientalisch, blumig<br \/>\nF\u00fcr wen: weiblich<br \/>\nInhalt: 10ml \/ 30ml \/ 50ml \/ 100ml<br \/>\nProdukt-Code: 057W<br \/>\nDer Preis f\u00fcr dieses Parf\u00fcm h\u00e4ngt von der angegebenen Menge ab.<br \/>\nBitte geben Sie uns Ihr Feedback nach dem Kauf!<\/p>\n<p>Sehen Sie auch andere Tom Ford Parfums und ihre Ersatzprodukte.<\/p>\n<p>Wonach riecht der Tom Ford Black Orchid Parf\u00fcmersatz?<br \/>\nEs ist eine Komposition aus blumigen und orientalischen Aromen. Zu den Noten geh\u00f6ren Mandarine, Lotusbl\u00fcte, schwarze Johannisbeere, Ylang-Ylang, Vanille und - nat\u00fcrlich - Orchidee.<\/p>\n","protected":false},"excerpt":{"rendered":"<p>Inspiraci\u00f3n: Givenchy L&#8217;Interdit Rouge EDP 50ML<\/p>\n<p class=\"product__text inline-richtext\"><strong>\u2705 Eau de Toilette 19-21% Perfume<\/strong><\/p>\n<p class=\"product__text inline-richtext\"><strong>\u2705 La fragancia dura un segundo d\u00eda<\/strong><\/p>\n<p class=\"product__text inline-richtext\"><strong>Compra la fragancia, no la marca: ahorra dinero<\/strong><\/p>\n","protected":false},"featured_media":22051,"comment_status":"open","ping_status":"closed","template":"","meta":{"_acf_changed":false},"product_brand":[],"product_cat":[204],"product_tag":[],"class_list":{"0":"post-25770","1":"product","2":"type-product","3":"status-publish","4":"has-post-thumbnail","6":"product_cat-para-mujeres","8":"first","9":"instock","10":"shipping-taxable","11":"purchasable","12":"product-type-variable"},"acf":[],"aioseo_notices":[],"jetpack_sharing_enabled":true,"_links":{"self":[{"href":"https:\/\/dupescents.co\/es\/wp-json\/wp\/v2\/product\/25770","targetHints":{"allow":["GET"]}}],"collection":[{"href":"https:\/\/dupescents.co\/es\/wp-json\/wp\/v2\/product"}],"about":[{"href":"https:\/\/dupescents.co\/es\/wp-json\/wp\/v2\/types\/product"}],"replies":[{"embeddable":true,"href":"https:\/\/dupescents.co\/es\/wp-json\/wp\/v2\/comments?post=25770"}],"wp:featuredmedia":[{"embeddable":true,"href":"https:\/\/dupescents.co\/es\/wp-json\/wp\/v2\/media\/22051"}],"wp:attachment":[{"href":"https:\/\/dupescents.co\/es\/wp-json\/wp\/v2\/media?parent=25770"}],"wp:term":[{"taxonomy":"product_brand","embeddable":true,"href":"https:\/\/dupescents.co\/es\/wp-json\/wp\/v2\/product_brand?post=25770"},{"taxonomy":"product_cat","embeddable":true,"href":"https:\/\/dupescents.co\/es\/wp-json\/wp\/v2\/product_cat?post=25770"},{"taxonomy":"product_tag","embeddable":true,"href":"https:\/\/dupescents.co\/es\/wp-json\/wp\/v2\/product_tag?post=25770"}],"curies":[{"name":"wp","href":"https:\/\/api.w.org\/{rel}","templated":true}]}}