{"id":25769,"date":"2025-03-30T13:39:19","date_gmt":"2025-03-30T11:39:19","guid":{"rendered":"https:\/\/dupescents.co\/products\/huele-a-humo-de-cereza\/"},"modified":"2026-02-21T20:43:20","modified_gmt":"2026-02-21T19:43:20","slug":"huele-a-humo-de-cereza","status":"publish","type":"product","link":"https:\/\/dupescents.co\/es\/productos\/huele-a-humo-de-cereza\/","title":{"rendered":"Huele a&#8230; Humo de cereza"},"content":{"rendered":"<p>434W - REPUESTO PARA EL PERFUME TOM FORD CHERRY SMOKE<br \/>\nEAU DE PARFUM NO 434W - REPUESTO PARA EL PERFUME TOM FORD CHERRY SMOKE<\/p>\n<p>NOTAS DE FRAGANCIA DE NUESTRO SUSTITUTO:<\/p>\n<p>CEREZA<br \/>\nAZAFR\u00c1N<br \/>\nCUERO<br \/>\nACEITE<br \/>\nOSMANTO CHINO<br \/>\nMORELA<br \/>\nHUMO<br \/>\nNOTAS AMADERADAS<br \/>\nCIPRIOL<br \/>\nDESCRIPCI\u00d3N DE LA FRAGANCIA:<\/p>\n<p>Acordes de madera ahumada, notas de cereza negra, albaricoque, oliva y cuero son una composici\u00f3n para los conocedores de perfumes m\u00e1s exigentes. El hom\u00f3logo de Tom Ford Cherry Smoke esconde el aroma del lujo puro y libera un aroma irreprimible, vigorizante y ardiente al contacto con la piel. Pru\u00e9balo si quieres descubrir algo completamente \u00fanico en el mundo del perfume.  <\/p>\n<p>CARACTER\u00cdSTICAS DE LA FRAGANCIA DE TOM FORD CHERRY SMOKE EQUIVALENT:<br \/>\nTipo de fragancia: oriental, especiada<br \/>\nPara qui\u00e9n: unisex<br \/>\nContenido: 10 ml \/ 30 ml \/ 50 ml \/ 100 ml<br \/>\nC\u00f3digo de producto: 434W<br \/>\nEl precio de este perfume depende de la cantidad indicada.<br \/>\n\u00a1Aseg\u00farate de darnos tu opini\u00f3n despu\u00e9s de la compra!<\/p>\n","protected":false},"excerpt":{"rendered":"<p>Inspiraci\u00f3n: Tom Ford Cherry Smoke EDP 50ML<\/p>\n<p class=\"product__text inline-richtext\"><strong>\u2705 Eau de Toilette 19-21% Perfume<\/strong><\/p>\n<p class=\"product__text inline-richtext\"><strong>\u2705 La fragancia dura un segundo d\u00eda<\/strong><\/p>\n<p class=\"product__text inline-richtext\"><strong>Compra la fragancia, no la marca: ahorra dinero<\/strong><\/p>\n","protected":false},"featured_media":35833,"comment_status":"open","ping_status":"closed","template":"","meta":{"_acf_changed":false},"product_brand":[],"product_cat":[204],"product_tag":[],"class_list":{"0":"post-25769","1":"product","2":"type-product","3":"status-publish","4":"has-post-thumbnail","6":"product_cat-para-mujeres","8":"first","9":"instock","10":"shipping-taxable","11":"purchasable","12":"product-type-variable"},"acf":[],"aioseo_notices":[],"jetpack_sharing_enabled":true,"_links":{"self":[{"href":"https:\/\/dupescents.co\/es\/wp-json\/wp\/v2\/product\/25769","targetHints":{"allow":["GET"]}}],"collection":[{"href":"https:\/\/dupescents.co\/es\/wp-json\/wp\/v2\/product"}],"about":[{"href":"https:\/\/dupescents.co\/es\/wp-json\/wp\/v2\/types\/product"}],"replies":[{"embeddable":true,"href":"https:\/\/dupescents.co\/es\/wp-json\/wp\/v2\/comments?post=25769"}],"wp:featuredmedia":[{"embeddable":true,"href":"https:\/\/dupescents.co\/es\/wp-json\/wp\/v2\/media\/35833"}],"wp:attachment":[{"href":"https:\/\/dupescents.co\/es\/wp-json\/wp\/v2\/media?parent=25769"}],"wp:term":[{"taxonomy":"product_brand","embeddable":true,"href":"https:\/\/dupescents.co\/es\/wp-json\/wp\/v2\/product_brand?post=25769"},{"taxonomy":"product_cat","embeddable":true,"href":"https:\/\/dupescents.co\/es\/wp-json\/wp\/v2\/product_cat?post=25769"},{"taxonomy":"product_tag","embeddable":true,"href":"https:\/\/dupescents.co\/es\/wp-json\/wp\/v2\/product_tag?post=25769"}],"curies":[{"name":"wp","href":"https:\/\/api.w.org\/{rel}","templated":true}]}}