{"id":25760,"date":"2025-03-30T13:44:05","date_gmt":"2025-03-30T11:44:05","guid":{"rendered":"https:\/\/dupescents.co\/products\/huele-a-la-panthere\/"},"modified":"2025-11-05T19:21:17","modified_gmt":"2025-11-05T18:21:17","slug":"huele-a-la-panthere","status":"publish","type":"product","link":"https:\/\/dupescents.co\/es\/productos\/huele-a-la-panthere\/","title":{"rendered":"Huele a&#8230; La Panthere"},"content":{"rendered":"<p>421W - Ersatz f\u00fcr Cartier La Panthere<br \/>\n421W PARF\u00dcMWASSER - ERSATZ F\u00dcR CARTIER LA PANTHERE<br \/>\nDUFTNOTEN UNSERES ERSATZES:<\/p>\n<p>Erdbeere<br \/>\nRhabarber<br \/>\nGetrocknete Fr\u00fcchte<br \/>\nGardenie<br \/>\nEichenmoos<br \/>\nMoschus<br \/>\nDUFTBESCHREIBUNG:<\/p>\n<p>Der Ersatz f\u00fcr das Parfum Cartier La Panth\u00e8re besticht durch seine Eleganz und Raffinesse. Es ist ein Duft, der die Aufmerksamkeit mit einer magischen Kombination aus Erdbeere, Rhabarber, Ylang-Ylang und Moschus anzieht, die durch Noten von Moos, Leder und Patchouli akzentuiert wird. Das Gegenst\u00fcck ist eine wahre Inspiration f\u00fcr viele Frauen! Er stimuliert Sie, macht Sie \u00e4u\u00dferst sinnlich und passt perfekt zu jedem eleganten Styling.<\/p>\n<p>EIGENSCHAFTEN VON CARTIER LA PANTHERE COUNTERPART<br \/>\nArt des Duftes: fruchtig, blumig, Chypre<br \/>\nF\u00fcr wen: Frauen<br \/>\nVolumen: 10 ml \/ 30 ml \/ 50 ml \/ 100 ml<br \/>\nProdukt-Code: 421W<br \/>\nDer Preis f\u00fcr dieses Parf\u00fcm h\u00e4ngt von der angegebenen Menge ab.<br \/>\nBitte geben Sie uns nach dem Kauf Ihr Feedback!<\/p>\n","protected":false},"excerpt":{"rendered":"<p class=\"product__text inline-richtext\">Inspiraci\u00f3n: Cartier La Panthere EDP 50ML<\/p>\n<p class=\"product__text inline-richtext\"><strong>\u2705 Eau de Toilette 19-21% Perfume<\/strong><\/p>\n<p class=\"product__text inline-richtext\"><strong>\u2705 La fragancia dura un segundo d\u00eda<\/strong><\/p>\n<p class=\"product__text inline-richtext\"><strong>Compra la fragancia, no la marca: ahorra dinero<\/strong><\/p>\n","protected":false},"featured_media":36236,"comment_status":"open","ping_status":"closed","template":"","meta":{"_acf_changed":false},"product_brand":[],"product_cat":[204],"product_tag":[],"class_list":{"0":"post-25760","1":"product","2":"type-product","3":"status-publish","4":"has-post-thumbnail","6":"product_cat-para-mujeres","8":"first","9":"instock","10":"shipping-taxable","11":"purchasable","12":"product-type-variable"},"acf":[],"aioseo_notices":[],"jetpack_sharing_enabled":true,"_links":{"self":[{"href":"https:\/\/dupescents.co\/es\/wp-json\/wp\/v2\/product\/25760","targetHints":{"allow":["GET"]}}],"collection":[{"href":"https:\/\/dupescents.co\/es\/wp-json\/wp\/v2\/product"}],"about":[{"href":"https:\/\/dupescents.co\/es\/wp-json\/wp\/v2\/types\/product"}],"replies":[{"embeddable":true,"href":"https:\/\/dupescents.co\/es\/wp-json\/wp\/v2\/comments?post=25760"}],"wp:featuredmedia":[{"embeddable":true,"href":"https:\/\/dupescents.co\/es\/wp-json\/wp\/v2\/media\/36236"}],"wp:attachment":[{"href":"https:\/\/dupescents.co\/es\/wp-json\/wp\/v2\/media?parent=25760"}],"wp:term":[{"taxonomy":"product_brand","embeddable":true,"href":"https:\/\/dupescents.co\/es\/wp-json\/wp\/v2\/product_brand?post=25760"},{"taxonomy":"product_cat","embeddable":true,"href":"https:\/\/dupescents.co\/es\/wp-json\/wp\/v2\/product_cat?post=25760"},{"taxonomy":"product_tag","embeddable":true,"href":"https:\/\/dupescents.co\/es\/wp-json\/wp\/v2\/product_tag?post=25760"}],"curies":[{"name":"wp","href":"https:\/\/api.w.org\/{rel}","templated":true}]}}