{"id":25742,"date":"2025-03-30T13:44:43","date_gmt":"2025-03-30T11:44:43","guid":{"rendered":"https:\/\/dupescents.co\/products\/huele-a-rush\/"},"modified":"2025-11-05T19:21:15","modified_gmt":"2025-11-05T18:21:15","slug":"huele-a-rush","status":"publish","type":"product","link":"https:\/\/dupescents.co\/es\/productos\/huele-a-rush\/","title":{"rendered":"Huele a&#8230; Rush"},"content":{"rendered":"<p>167W - Ersatz f\u00fcr Gucci Rush<br \/>\nEAU DE PARFUM NR. 167W - ERSATZ F\u00dcR GUCCI RUSH<\/p>\n<p>DUFTNOTEN VON UNSEREM ERSATZ:<\/p>\n<p>BRUSSWIN<br \/>\nPACULA<br \/>\nCOLLENDRA<br \/>\nKALIFORNISCHE GARDENIE<br \/>\nNAT\u00dcRLICHE VANILLE<br \/>\nAFRIKANISCHE FREESIENBL\u00dcTEN<br \/>\nVETIVERIE<br \/>\nDAMASK-ROSE<br \/>\nJASMINE<br \/>\nDUFTBESCHREIBUNG:<\/p>\n<p>Ein Cocktail positiver Emotionen in einem Parf\u00fcmflakon verk\u00f6rpert. Das Parf\u00fcm Nr. 167W ist das \u00c4quivalent zu Gucci Rush. Mit seiner einzigartigen Kombination aus saftigem Pfirsich, blumigen Akkorden und Vanille vermittelt er einen Hauch von Geheimnis, kombiniert mit unwiderstehlicher Freude. Dieses Eau de Parfum ist perfekt f\u00fcr den Abend und besondere Anl\u00e4sse.<\/p>\n<p>Eigenschaften des Gegenst\u00fccks zu Gucci Rush:<br \/>\nDufttyp: blumig, holzig<br \/>\nF\u00fcr wen: Frauen<br \/>\nInhalt: 30 ml \/ 50 ml \/ 100 ml<br \/>\nProdukt-Code: 167W<br \/>\nDer Preis f\u00fcr dieses Parf\u00fcm h\u00e4ngt von der angegebenen Menge ab.<br \/>\nBitte geben Sie uns nach dem Kauf Ihr Feedback!<\/p>\n<p>Gucci Rush - Parf\u00fcmflakon<br \/>\nSie k\u00f6nnen eine von Gucci Rush inspirierte Parf\u00fcmflasche in 10 ml oder 30 ml im Fragrance Factory Shop bestellen. Perfekt f\u00fcr Frauen, die st\u00e4ndig in Bewegung sind! Dank seines kleinen Fassungsverm\u00f6gens k\u00f6nnen Sie ihn leicht mitnehmen und Ihren Duft jederzeit auffrischen.<\/p>\n<p>Wie riecht das entsprechende Parf\u00fcm Gucci Rush?<br \/>\nEs ist ein sehr attraktiver und sch\u00f6ner Duft, der mit seinem Aroma sogar s\u00fcchtig macht. Er wird als holzig, aber auch - oder sogar haupts\u00e4chlich - als blumig eingestuft. Zu den Duftnoten, die man in diesem Eau de Parfum wahrnehmen kann, geh\u00f6ren Jasminbl\u00fcte, Rose und Gardenie, Vanille und Patchouli. Die Gesamtwirkung ist s\u00fc\u00df und angenehm, aber auch etwas geheimnisvoll.<\/p>\n","protected":false},"excerpt":{"rendered":"<p class=\"product__text inline-richtext\">Inspiraci\u00f3n: Gucci Rush EDT 30ML<\/p>\n<p class=\"product__text inline-richtext\"><strong>\u2705 Eau de Toilette 19-21% Perfume<\/strong><\/p>\n<p class=\"product__text inline-richtext\"><strong>\u2705 La fragancia dura un segundo d\u00eda<\/strong><\/p>\n<p class=\"product__text inline-richtext\"><strong>Compra la fragancia, no la marca: ahorra dinero<\/strong><\/p>\n","protected":false},"featured_media":36233,"comment_status":"open","ping_status":"closed","template":"","meta":{"_acf_changed":false},"product_brand":[],"product_cat":[204],"product_tag":[],"class_list":{"0":"post-25742","1":"product","2":"type-product","3":"status-publish","4":"has-post-thumbnail","6":"product_cat-para-mujeres","8":"first","9":"instock","10":"shipping-taxable","11":"purchasable","12":"product-type-variable"},"acf":[],"aioseo_notices":[],"jetpack_sharing_enabled":true,"_links":{"self":[{"href":"https:\/\/dupescents.co\/es\/wp-json\/wp\/v2\/product\/25742","targetHints":{"allow":["GET"]}}],"collection":[{"href":"https:\/\/dupescents.co\/es\/wp-json\/wp\/v2\/product"}],"about":[{"href":"https:\/\/dupescents.co\/es\/wp-json\/wp\/v2\/types\/product"}],"replies":[{"embeddable":true,"href":"https:\/\/dupescents.co\/es\/wp-json\/wp\/v2\/comments?post=25742"}],"wp:featuredmedia":[{"embeddable":true,"href":"https:\/\/dupescents.co\/es\/wp-json\/wp\/v2\/media\/36233"}],"wp:attachment":[{"href":"https:\/\/dupescents.co\/es\/wp-json\/wp\/v2\/media?parent=25742"}],"wp:term":[{"taxonomy":"product_brand","embeddable":true,"href":"https:\/\/dupescents.co\/es\/wp-json\/wp\/v2\/product_brand?post=25742"},{"taxonomy":"product_cat","embeddable":true,"href":"https:\/\/dupescents.co\/es\/wp-json\/wp\/v2\/product_cat?post=25742"},{"taxonomy":"product_tag","embeddable":true,"href":"https:\/\/dupescents.co\/es\/wp-json\/wp\/v2\/product_tag?post=25742"}],"curies":[{"name":"wp","href":"https:\/\/api.w.org\/{rel}","templated":true}]}}