{"id":25735,"date":"2025-03-30T13:42:36","date_gmt":"2025-03-30T11:42:36","guid":{"rendered":"https:\/\/dupescents.co\/products\/huele-a-flora\/"},"modified":"2026-02-22T00:19:36","modified_gmt":"2026-02-21T23:19:36","slug":"huele-a-flora","status":"publish","type":"product","link":"https:\/\/dupescents.co\/es\/productos\/huele-a-flora\/","title":{"rendered":"Huele a&#8230; Flora"},"content":{"rendered":"<p>162W - Recambio para Gucci Flora<br \/>\nEAU DE PARFUM 162W - RECAMBIO PARA GUCCI FLORA<\/p>\n<p>NOTAS DE FRAGANCIA DE NUESTRO SUSTITUTO:<\/p>\n<p>OSMANTUS<br \/>\nPIWONIA<br \/>\nC\u00cdTRICOS<br \/>\nMANDARINA<br \/>\nROSA<br \/>\nS\u00c1NDALO<br \/>\nPACULA<br \/>\nPIMIENTA ROSA<br \/>\nDESCRIPCI\u00d3N DE LA FRAGANCIA:<\/p>\n<p>Un c\u00f3ctel floral y encantador para mujeres rom\u00e1nticas que aprecian la dimensi\u00f3n elegante de un perfume. Nuestro hom\u00f3logo de larga duraci\u00f3n de Gucci Flora es adecuado tanto para llevar a diario como para ocasiones especiales. Las bellas notas florales son prueba de buen gusto y estilo, que tambi\u00e9n transmiten a su portadora.  <\/p>\n<p>CARACTER\u00cdSTICAS DEL ART\u00cdCULO:<br \/>\nTipo de fragancia: floral<br \/>\nPara qui\u00e9n: Mujeres<br \/>\nVolumen: 30 ml \/ 50 ml \/ 100 ml<br \/>\nC\u00f3digo del producto: 162W<br \/>\nEl precio de este perfume depende de la cantidad indicada.<br \/>\n\u00a1Por favor, danos tu opini\u00f3n despu\u00e9s de la compra!<\/p>\n<p>Consulta tambi\u00e9n otros perfumes Gucci y sus sustitutos.<\/p>\n<p>\u00bfA qu\u00e9 huele el perfume correspondiente Gucci Flora?<br \/>\nEs una fragancia seductora y absolutamente femenina que toca profundamente los sentidos. La fragancia de este hermoso perfume de mujer se caracteriza por los contrastes y, sin duda, es perfecta para cualquier mujer moderna con una personalidad juvenil. La composici\u00f3n de la fragancia es ligera y fresca, y simboliza la energ\u00eda de su portadora.  <\/p>\n<p>\u00bfPara qui\u00e9n es adecuado el perfume Gucci Flora?<br \/>\nEs la elecci\u00f3n ideal para las mujeres que aprecian las fragancias frescas y florales, y a las que les encanta sorprender.<\/p>\n","protected":false},"excerpt":{"rendered":"<p class=\"product__text inline-richtext\">Inspiraci\u00f3n: Gucci Flora EDP 30ML<\/p>\n<p class=\"product__text inline-richtext\"><strong>\u2705 Eau de Toilette 19-21% Perfume<\/strong><\/p>\n<p class=\"product__text inline-richtext\"><strong>\u2705 La fragancia dura un segundo d\u00eda<\/strong><\/p>\n<p class=\"product__text inline-richtext\"><strong>Compra la fragancia, no la marca: ahorra dinero<\/strong><\/p>\n","protected":false},"featured_media":35902,"comment_status":"open","ping_status":"closed","template":"","meta":{"_acf_changed":false},"product_brand":[],"product_cat":[204],"product_tag":[],"class_list":{"0":"post-25735","1":"product","2":"type-product","3":"status-publish","4":"has-post-thumbnail","6":"product_cat-para-mujeres","8":"first","9":"instock","10":"shipping-taxable","11":"purchasable","12":"product-type-variable"},"acf":[],"aioseo_notices":[],"jetpack_sharing_enabled":true,"_links":{"self":[{"href":"https:\/\/dupescents.co\/es\/wp-json\/wp\/v2\/product\/25735","targetHints":{"allow":["GET"]}}],"collection":[{"href":"https:\/\/dupescents.co\/es\/wp-json\/wp\/v2\/product"}],"about":[{"href":"https:\/\/dupescents.co\/es\/wp-json\/wp\/v2\/types\/product"}],"replies":[{"embeddable":true,"href":"https:\/\/dupescents.co\/es\/wp-json\/wp\/v2\/comments?post=25735"}],"wp:featuredmedia":[{"embeddable":true,"href":"https:\/\/dupescents.co\/es\/wp-json\/wp\/v2\/media\/35902"}],"wp:attachment":[{"href":"https:\/\/dupescents.co\/es\/wp-json\/wp\/v2\/media?parent=25735"}],"wp:term":[{"taxonomy":"product_brand","embeddable":true,"href":"https:\/\/dupescents.co\/es\/wp-json\/wp\/v2\/product_brand?post=25735"},{"taxonomy":"product_cat","embeddable":true,"href":"https:\/\/dupescents.co\/es\/wp-json\/wp\/v2\/product_cat?post=25735"},{"taxonomy":"product_tag","embeddable":true,"href":"https:\/\/dupescents.co\/es\/wp-json\/wp\/v2\/product_tag?post=25735"}],"curies":[{"name":"wp","href":"https:\/\/api.w.org\/{rel}","templated":true}]}}