{"id":25708,"date":"2025-03-30T13:47:03","date_gmt":"2025-03-30T11:47:03","guid":{"rendered":"https:\/\/dupescents.co\/products\/huele-a-rojo-intenso\/"},"modified":"2026-02-21T23:28:14","modified_gmt":"2026-02-21T22:28:14","slug":"huele-a-rojo-intenso","status":"publish","type":"product","link":"https:\/\/dupescents.co\/es\/productos\/huele-a-rojo-intenso\/","title":{"rendered":"Huele a&#8230; Rojo intenso"},"content":{"rendered":"<p>022W - Hugo Boss Rojo Profundo Sustituci\u00f3n<br \/>\nEAU DE PARFUM NO 022W - HUGO BOSS ROJO PROFUNDO SUSTITUCI\u00d3N<\/p>\n<p>NOTAS DE FRAGANCIA DE NUESTRO SUSTITUTO:<\/p>\n<p>NARANJA ROJA<br \/>\nVAINILLA<br \/>\nGROSELLERO NEGRO<br \/>\nS\u00c1NDALO<br \/>\nIMBIR<br \/>\nRECLAMO<br \/>\nPIZMO<br \/>\nNARDO<br \/>\nGRUSH<br \/>\nMANDARINA<br \/>\nSEMILLA DE HIBISCO<br \/>\nFRESIA<br \/>\nCEDRO DE CALIFORNIA<br \/>\nDESCRIPCI\u00d3N DE LA FRAGANCIA:<\/p>\n<p>Esta sofisticada fragancia oriental es perfecta para la noche y las ocasiones especiales. Nuestro Eau de Parfum 022W es la contrapartida de la fragancia Hugo Boss Deep Red, que se caracteriza por su despreocupaci\u00f3n y energ\u00eda pura. Esta fragancia gusta a las mujeres atrevidas que aman la vida. Una maravillosa combinaci\u00f3n de acordes de naranja roja, grosella negra y s\u00e1ndalo despliega un aroma hermoso y sensual.   <\/p>\n<p>CARACTER\u00cdSTICAS DEL PERFUME DEEP RED EQUIVALENT:<br \/>\nTipo de fragancia: oriental<br \/>\nPara qui\u00e9n: mujer<br \/>\nContenido: 10ml \/ 30ml \/ 50ml \/ 100ml<br \/>\nC\u00f3digo de producto: 022W<br \/>\nEl precio de este perfume depende de la cantidad indicada.<br \/>\n\u00a1Por favor, danos tu opini\u00f3n despu\u00e9s de la compra!<\/p>\n<p>Mira tambi\u00e9n otros perfumes Hugo Boss y sus sustitutos.<\/p>\n","protected":false},"excerpt":{"rendered":"<p class=\"product__text inline-richtext\">Inspiraci\u00f3n: Hugo Boss Deep Red EDP 50ML<\/p>\n<p class=\"product__text inline-richtext\"><strong>\u2705 Eau de Toilette 19-21% Perfume<\/strong><\/p>\n<p class=\"product__text inline-richtext\"><strong>\u2705 La fragancia dura un segundo d\u00eda<\/strong><\/p>\n<p class=\"product__text inline-richtext\"><strong>Compra la fragancia, no la marca: ahorra dinero<\/strong><\/p>\n","protected":false},"featured_media":35855,"comment_status":"open","ping_status":"closed","template":"","meta":{"_acf_changed":false},"product_brand":[],"product_cat":[204],"product_tag":[],"class_list":{"0":"post-25708","1":"product","2":"type-product","3":"status-publish","4":"has-post-thumbnail","6":"product_cat-para-mujeres","8":"first","9":"instock","10":"shipping-taxable","11":"purchasable","12":"product-type-variable"},"acf":[],"aioseo_notices":[],"jetpack_sharing_enabled":true,"_links":{"self":[{"href":"https:\/\/dupescents.co\/es\/wp-json\/wp\/v2\/product\/25708","targetHints":{"allow":["GET"]}}],"collection":[{"href":"https:\/\/dupescents.co\/es\/wp-json\/wp\/v2\/product"}],"about":[{"href":"https:\/\/dupescents.co\/es\/wp-json\/wp\/v2\/types\/product"}],"replies":[{"embeddable":true,"href":"https:\/\/dupescents.co\/es\/wp-json\/wp\/v2\/comments?post=25708"}],"wp:featuredmedia":[{"embeddable":true,"href":"https:\/\/dupescents.co\/es\/wp-json\/wp\/v2\/media\/35855"}],"wp:attachment":[{"href":"https:\/\/dupescents.co\/es\/wp-json\/wp\/v2\/media?parent=25708"}],"wp:term":[{"taxonomy":"product_brand","embeddable":true,"href":"https:\/\/dupescents.co\/es\/wp-json\/wp\/v2\/product_brand?post=25708"},{"taxonomy":"product_cat","embeddable":true,"href":"https:\/\/dupescents.co\/es\/wp-json\/wp\/v2\/product_cat?post=25708"},{"taxonomy":"product_tag","embeddable":true,"href":"https:\/\/dupescents.co\/es\/wp-json\/wp\/v2\/product_tag?post=25708"}],"curies":[{"name":"wp","href":"https:\/\/api.w.org\/{rel}","templated":true}]}}