{"id":25690,"date":"2025-03-30T13:47:48","date_gmt":"2025-03-30T11:47:48","guid":{"rendered":"https:\/\/dupescents.co\/products\/huele-a-bloom\/"},"modified":"2025-11-05T19:21:07","modified_gmt":"2025-11-05T18:21:07","slug":"huele-a-bloom","status":"publish","type":"product","link":"https:\/\/dupescents.co\/es\/productos\/huele-a-bloom\/","title":{"rendered":"Huele a&#8230; BLOOM"},"content":{"rendered":"<p>051W - Ersatz f\u00fcr Gucci BLOOM<br \/>\nEAU DE PARFUM NR. 051W - ERSATZ F\u00dcR GUCCI BLOOM<\/p>\n<p>DUFTNOTEN VON UNSEREM ERSATZ:<\/p>\n<p>TUBEROZA<br \/>\nGROSSBL\u00c4TTRIGER JASMIN<br \/>\nVISZER<br \/>\nIRIS BARK<br \/>\nGR\u00dcNE N\u00dcSSE<br \/>\nSANDELWOOD<br \/>\nORANGE<br \/>\nVANILLE<br \/>\nDUFTBESCHREIBUNG:<\/p>\n<p>Stellen Sie sich vor, Sie besuchen einen herrlichen Blumengarten, der Sie mit dem wunderbaren Duft der Natur berauscht&#8230; Das ist das Pendant zu Gucci Bloom, das Sie mit seinem zarten Duft nach bl\u00fchenden Blumen begeistert. Dieses Parf\u00fcm wird von jedem unverbesserlichen Romantiker geliebt, der es ohne zu z\u00f6gern jeden Tag benutzen wird. Die sch\u00f6ne Komposition mit einer tiefen Dimension verspr\u00fcht Weiblichkeit und einen Hauch von Eleganz.<\/p>\n<p>Eigenschaften des Gegenst\u00fccks zu Gucci Bloom:<br \/>\nDufttyp: blumig<br \/>\nF\u00fcr wen: Frauen<br \/>\nVolumen: 10ml \/ 30ml \/ 50ml \/ 100ml<br \/>\nProdukt-Code: 051W<br \/>\nDer Preis f\u00fcr dieses Parf\u00fcm h\u00e4ngt von der angegebenen Menge ab.<br \/>\nBitte geben Sie uns nach dem Kauf Ihr Feedback!<\/p>\n<p>Gucci Bloom - Parf\u00fcmflakon<br \/>\nEntdecken Sie gerne neue D\u00fcfte? Entscheiden Sie sich f\u00fcr Parf\u00fcmflakons! Das sind Flakons mit 10 oder 30 ml Inhalt, die Sie praktisch \u00fcberallhin mitnehmen k\u00f6nnen.<\/p>\n<p>Wie riecht das \u00c4quivalent des Parfums Gucci Bloom?<br \/>\nEs ist ein \u00e4u\u00dferst reichhaltiger Blumenduft, der durch die Duftnoten besticht, die Sie riechen k\u00f6nnen. Dazu geh\u00f6ren Akkorde von Vanille, Jasminbl\u00fcten, Tuberose und gr\u00fcne Noten. Die gesamte Komposition ist sehr sch\u00f6n und verbindet Modernit\u00e4t mit einem Hauch von Klassik. Es ist eine gute Wahl f\u00fcr wirklich elegante Frauen!<\/p>\n","protected":false},"excerpt":{"rendered":"<p class=\"product__text inline-richtext\">Inspiraci\u00f3n: Gucci BLOOM EDP 30ML<\/p>\n<p class=\"product__text inline-richtext\"><strong>\u2705 Eau de Toilette 19-21% Perfume<\/strong><\/p>\n<p class=\"product__text inline-richtext\"><strong>\u2705 La fragancia dura un segundo d\u00eda<\/strong><\/p>\n<p class=\"product__text inline-richtext\"><strong>Compra la fragancia, no la marca: ahorra dinero<\/strong><\/p>\n","protected":false},"featured_media":0,"comment_status":"open","ping_status":"closed","template":"","meta":{"_acf_changed":false},"product_brand":[],"product_cat":[204],"product_tag":[],"class_list":{"0":"post-25690","1":"product","2":"type-product","3":"status-publish","5":"product_cat-para-mujeres","7":"first","8":"instock","9":"shipping-taxable","10":"purchasable","11":"product-type-variable"},"acf":[],"aioseo_notices":[],"jetpack_sharing_enabled":true,"_links":{"self":[{"href":"https:\/\/dupescents.co\/es\/wp-json\/wp\/v2\/product\/25690","targetHints":{"allow":["GET"]}}],"collection":[{"href":"https:\/\/dupescents.co\/es\/wp-json\/wp\/v2\/product"}],"about":[{"href":"https:\/\/dupescents.co\/es\/wp-json\/wp\/v2\/types\/product"}],"replies":[{"embeddable":true,"href":"https:\/\/dupescents.co\/es\/wp-json\/wp\/v2\/comments?post=25690"}],"wp:attachment":[{"href":"https:\/\/dupescents.co\/es\/wp-json\/wp\/v2\/media?parent=25690"}],"wp:term":[{"taxonomy":"product_brand","embeddable":true,"href":"https:\/\/dupescents.co\/es\/wp-json\/wp\/v2\/product_brand?post=25690"},{"taxonomy":"product_cat","embeddable":true,"href":"https:\/\/dupescents.co\/es\/wp-json\/wp\/v2\/product_cat?post=25690"},{"taxonomy":"product_tag","embeddable":true,"href":"https:\/\/dupescents.co\/es\/wp-json\/wp\/v2\/product_tag?post=25690"}],"curies":[{"name":"wp","href":"https:\/\/api.w.org\/{rel}","templated":true}]}}