{"id":25683,"date":"2025-03-31T17:09:55","date_gmt":"2025-03-31T15:09:55","guid":{"rendered":"https:\/\/dupescents.co\/products\/huele-a-el-unico\/"},"modified":"2025-11-05T19:23:17","modified_gmt":"2025-11-05T18:23:17","slug":"huele-a-el-unico","status":"publish","type":"product","link":"https:\/\/dupescents.co\/es\/productos\/huele-a-el-unico\/","title":{"rendered":"Huele a&#8230; El \u00danico"},"content":{"rendered":"<p>094W - Eau de Parfum<br \/>\nEAU DE PARFUM NR. 094W<\/p>\n<p>DUFTNOTEN VON UNSEREM ERSATZ:<\/p>\n<p>VANILIA<br \/>\nBROSCOSE<br \/>\nNICE<br \/>\nLILIE<br \/>\nBURSHINE<br \/>\nPFLAUME<br \/>\nPI\u017bMO<br \/>\nJASMINE<br \/>\nMANDARINE<br \/>\nCONVALIA<br \/>\nVETIVIA<br \/>\nBERGAMOT<br \/>\nDUFTBESCHREIBUNG:<\/p>\n<p>Die in diesem Flakon verkapselten Klassiker werden schnell zu \u201edem einen\u201c Parf\u00fcm. Unser Pendant ist eine ungew\u00f6hnliche Kombination aus erfrischenden Fr\u00fcchten und klassischen Bl\u00fcten. Die markante orientalisch-florale Dimension dieses Parfums unterstreicht die Anmut und Sinnlichkeit seiner Tr\u00e4gerin. Sie werden von der Frau gesch\u00e4tzt, die unabh\u00e4ngig ist und keine Angst vor neuen Herausforderungen hat.<\/p>\n<p>MERKMALE DES GEGENST\u00dcCKS:<br \/>\nDufttyp: orientalisch, blumig<br \/>\nF\u00fcr wen: weiblich<br \/>\nInhalt: 10ml \/ 30ml \/ 50ml \/ 100ml<br \/>\nProdukt-Code: 094W<br \/>\nDer Preis f\u00fcr dieses Parf\u00fcm h\u00e4ngt von der angegebenen Menge ab.<br \/>\nAchten Sie darauf, uns nach dem Kauf Ihr Feedback zu geben!<\/p>\n","protected":false},"excerpt":{"rendered":"<p class=\"product__text inline-richtext\">Inspiraci\u00f3n: Dolce &amp; Gabbana The One EDP 30ML<\/p>\n<p class=\"product__text inline-richtext\"><strong>\u2705 Eau de Toilette 19-21% Perfume<\/strong><\/p>\n<p class=\"product__text inline-richtext\"><strong>\u2705 La fragancia dura un segundo d\u00eda<\/strong><\/p>\n<p class=\"product__text inline-richtext\"><strong>Compra la fragancia, no la marca: ahorra dinero<\/strong><\/p>\n","protected":false},"featured_media":36224,"comment_status":"open","ping_status":"closed","template":"","meta":{"_acf_changed":false},"product_brand":[],"product_cat":[204],"product_tag":[],"class_list":{"0":"post-25683","1":"product","2":"type-product","3":"status-publish","4":"has-post-thumbnail","6":"product_cat-para-mujeres","8":"first","9":"instock","10":"shipping-taxable","11":"purchasable","12":"product-type-variable"},"acf":[],"aioseo_notices":[],"jetpack_sharing_enabled":true,"_links":{"self":[{"href":"https:\/\/dupescents.co\/es\/wp-json\/wp\/v2\/product\/25683","targetHints":{"allow":["GET"]}}],"collection":[{"href":"https:\/\/dupescents.co\/es\/wp-json\/wp\/v2\/product"}],"about":[{"href":"https:\/\/dupescents.co\/es\/wp-json\/wp\/v2\/types\/product"}],"replies":[{"embeddable":true,"href":"https:\/\/dupescents.co\/es\/wp-json\/wp\/v2\/comments?post=25683"}],"wp:featuredmedia":[{"embeddable":true,"href":"https:\/\/dupescents.co\/es\/wp-json\/wp\/v2\/media\/36224"}],"wp:attachment":[{"href":"https:\/\/dupescents.co\/es\/wp-json\/wp\/v2\/media?parent=25683"}],"wp:term":[{"taxonomy":"product_brand","embeddable":true,"href":"https:\/\/dupescents.co\/es\/wp-json\/wp\/v2\/product_brand?post=25683"},{"taxonomy":"product_cat","embeddable":true,"href":"https:\/\/dupescents.co\/es\/wp-json\/wp\/v2\/product_cat?post=25683"},{"taxonomy":"product_tag","embeddable":true,"href":"https:\/\/dupescents.co\/es\/wp-json\/wp\/v2\/product_tag?post=25683"}],"curies":[{"name":"wp","href":"https:\/\/api.w.org\/{rel}","templated":true}]}}