{"id":25650,"date":"2025-03-26T16:32:25","date_gmt":"2025-03-26T15:32:25","guid":{"rendered":"https:\/\/dupescents.co\/products\/un-millon\/"},"modified":"2026-02-21T12:25:28","modified_gmt":"2026-02-21T11:25:28","slug":"un-millon","status":"publish","type":"product","link":"https:\/\/dupescents.co\/es\/productos\/un-millon\/","title":{"rendered":"Un mill\u00f3n"},"content":{"rendered":"<p class=\"\" data-start=\"105\" data-end=\"150\"><strong data-start=\"105\" data-end=\"148\">Inspiriert von Paco Rabanne One Million<\/strong><\/p>\n<p class=\"\" data-start=\"152\" data-end=\"281\">\u2714 <strong data-start=\"154\" data-end=\"166\">Dufttyp:<\/strong> W\u00fcrzig, holzig<br data-start=\"181\" data-end=\"184\" \/>\u2714 <strong data-start=\"186\" data-end=\"198\">F\u00fcr wen:<\/strong> Herren<br data-start=\"205\" data-end=\"208\" \/>\u2714 <strong data-start=\"210\" data-end=\"221\">Inhalt:<\/strong> 10 ml \/ 30 ml \/ 50 ml \/ 100 ml<br data-start=\"252\" data-end=\"255\" \/>\u2714 <strong data-start=\"257\" data-end=\"274\">Produkt-Code:<\/strong> 275M<\/p>\n<h3 class=\"\" data-start=\"283\" data-end=\"303\"><strong data-start=\"287\" data-end=\"301\">Duftnoten:<\/strong><\/h3>\n<p class=\"\" data-start=\"304\" data-end=\"457\"><strong data-start=\"304\" data-end=\"318\">Kopfnoten:<\/strong> Rote Mandarine, Grapefruit, Minze<br data-start=\"352\" data-end=\"355\" \/><strong data-start=\"355\" data-end=\"369\">Herznoten:<\/strong> Zimt, Rose, w\u00fcrzige Noten<br data-start=\"395\" data-end=\"398\" \/><strong data-start=\"398\" data-end=\"413\">Basisnoten:<\/strong> Leder, holzige Noten, indisches Patchouli<\/p>\n<h3 class=\"\" data-start=\"459\" data-end=\"482\"><strong data-start=\"463\" data-end=\"480\">Beschreibung:<\/strong><\/h3>\n<p class=\"\" data-start=\"483\" data-end=\"838\"><strong data-start=\"483\" data-end=\"491\">275M<\/strong> verk\u00f6rpert pure M\u00e4nnlichkeit und Erfolg \u2013 ein Duft f\u00fcr selbstbewusste M\u00e4nner, die wissen, was sie wollen. Die belebende Frische von <strong data-start=\"624\" data-end=\"665\">roter Mandarine, Grapefruit und Minze<\/strong> trifft auf die sinnliche W\u00e4rme von <strong data-start=\"701\" data-end=\"734\">Zimt, Rose und w\u00fcrzigen Noten<\/strong>. Die Basis aus <strong data-start=\"750\" data-end=\"782\">Leder, H\u00f6lzern und Patchouli<\/strong> verleiht der Komposition eine unwiderstehliche Tiefe.<\/p>\n<p class=\"\" data-start=\"840\" data-end=\"1040\">Ein idealer Begleiter f\u00fcr M\u00e4nner, die nach den Sternen greifen und jede Herausforderung meistern. Ob im Alltag oder bei besonderen Anl\u00e4ssen \u2013 mit <strong data-start=\"986\" data-end=\"994\">275M<\/strong> hinterlassen Sie einen bleibenden Eindruck.<\/p>\n<p class=\"\" data-start=\"1042\" data-end=\"1233\">\ud83d\udca1 <strong data-start=\"1045\" data-end=\"1060\">Warum 275M?<\/strong><br data-start=\"1060\" data-end=\"1063\" \/>\u2714 Hochwertige Duftkomposition inspiriert von Paco Rabanne One Million<br data-start=\"1132\" data-end=\"1135\" \/>\u2714 Kraftvoll, maskulin &amp; langanhaltend<br data-start=\"1172\" data-end=\"1175\" \/>\u2714 Perfekt f\u00fcr charismatische M\u00e4nner mit Siegermentalit\u00e4t<\/p>\n<p class=\"\" data-start=\"1235\" data-end=\"1294\">\ud83d\uded2 <strong data-start=\"1238\" data-end=\"1292\">Jetzt bestellen und den Duft des Erfolgs genie\u00dfen!<\/strong><\/p>\n","protected":false},"excerpt":{"rendered":"<p>Inspiraci\u00f3n: Paco Rabanne One Million EDT 100ML<\/p>\n<p class=\"product__text inline-richtext\"><strong>\u2705 Eau de Toilette 19-21% Perfume<\/strong><\/p>\n<p class=\"product__text inline-richtext\"><strong>\u2705 La fragancia dura un segundo d\u00eda<\/strong><\/p>\n<p class=\"product__text inline-richtext\"><strong>Compra la fragancia, no la marca: ahorra dinero<\/strong><\/p>\n","protected":false},"featured_media":35284,"comment_status":"open","ping_status":"closed","template":"","meta":{"_acf_changed":false},"product_brand":[],"product_cat":[212,199],"product_tag":[],"class_list":{"0":"post-25650","1":"product","2":"type-product","3":"status-publish","4":"has-post-thumbnail","6":"product_cat-los-mas-vendidos","7":"product_cat-para-hombre","9":"first","10":"instock","11":"shipping-taxable","12":"purchasable","13":"product-type-variable"},"acf":[],"aioseo_notices":[],"jetpack_sharing_enabled":true,"_links":{"self":[{"href":"https:\/\/dupescents.co\/es\/wp-json\/wp\/v2\/product\/25650","targetHints":{"allow":["GET"]}}],"collection":[{"href":"https:\/\/dupescents.co\/es\/wp-json\/wp\/v2\/product"}],"about":[{"href":"https:\/\/dupescents.co\/es\/wp-json\/wp\/v2\/types\/product"}],"replies":[{"embeddable":true,"href":"https:\/\/dupescents.co\/es\/wp-json\/wp\/v2\/comments?post=25650"}],"wp:featuredmedia":[{"embeddable":true,"href":"https:\/\/dupescents.co\/es\/wp-json\/wp\/v2\/media\/35284"}],"wp:attachment":[{"href":"https:\/\/dupescents.co\/es\/wp-json\/wp\/v2\/media?parent=25650"}],"wp:term":[{"taxonomy":"product_brand","embeddable":true,"href":"https:\/\/dupescents.co\/es\/wp-json\/wp\/v2\/product_brand?post=25650"},{"taxonomy":"product_cat","embeddable":true,"href":"https:\/\/dupescents.co\/es\/wp-json\/wp\/v2\/product_cat?post=25650"},{"taxonomy":"product_tag","embeddable":true,"href":"https:\/\/dupescents.co\/es\/wp-json\/wp\/v2\/product_tag?post=25650"}],"curies":[{"name":"wp","href":"https:\/\/api.w.org\/{rel}","templated":true}]}}