{"id":25585,"date":"2025-03-26T16:55:01","date_gmt":"2025-03-26T15:55:01","guid":{"rendered":"https:\/\/dupescents.co\/products\/huele-a-mas-fuerte-contigo-intensamente\/"},"modified":"2026-02-15T11:06:23","modified_gmt":"2026-02-15T10:06:23","slug":"huele-a-mas-fuerte-contigo-intensamente","status":"publish","type":"product","link":"https:\/\/dupescents.co\/es\/productos\/huele-a-mas-fuerte-contigo-intensamente\/","title":{"rendered":"Huele a&#8230; M\u00e1s Fuerte Contigo Intensamente"},"content":{"rendered":"<p class=\"\" data-start=\"100\" data-end=\"178\"><strong data-start=\"100\" data-end=\"176\">Inspiriert von Giorgio Armani Emporio Armani Stronger With You Intensely<\/strong><\/p>\n<p class=\"\" data-start=\"180\" data-end=\"316\">\u2714 <strong data-start=\"182\" data-end=\"194\">Dufttyp:<\/strong> Orientalisch, Fougere<br data-start=\"216\" data-end=\"219\" \/>\u2714 <strong data-start=\"221\" data-end=\"233\">F\u00fcr wen:<\/strong> Herren<br data-start=\"240\" data-end=\"243\" \/>\u2714 <strong data-start=\"245\" data-end=\"256\">Inhalt:<\/strong> 10 ml \/ 30 ml \/ 50 ml \/ 100 ml<br data-start=\"287\" data-end=\"290\" \/>\u2714 <strong data-start=\"292\" data-end=\"309\">Produkt-Code:<\/strong> 318M<\/p>\n<h3 class=\"\" data-start=\"318\" data-end=\"338\"><strong data-start=\"322\" data-end=\"336\">Duftnoten:<\/strong><\/h3>\n<p class=\"\" data-start=\"339\" data-end=\"504\"><strong data-start=\"339\" data-end=\"353\">Kopfnoten:<\/strong> Rosa Pfeffer, Wacholder, Stiefm\u00fctterchen<br data-start=\"394\" data-end=\"397\" \/><strong data-start=\"397\" data-end=\"411\">Herznoten:<\/strong> Toffee, Lavendel, Salbei, Zimt<br data-start=\"442\" data-end=\"445\" \/><strong data-start=\"445\" data-end=\"460\">Basisnoten:<\/strong> Vanille, Tonkabohne, Bernstein, Wildleder<\/p>\n<h3 class=\"\" data-start=\"506\" data-end=\"529\"><strong data-start=\"510\" data-end=\"527\">Beschreibung:<\/strong><\/h3>\n<p class=\"\" data-start=\"530\" data-end=\"912\"><strong data-start=\"530\" data-end=\"538\">318M<\/strong> ist ein verf\u00fchrerischer und intensiver Duft, der die Sinne mit <strong data-start=\"602\" data-end=\"638\">w\u00fcrzigen, warmen und s\u00fc\u00dfen Noten<\/strong> fesselt. <strong data-start=\"648\" data-end=\"673\">Pfeffer und Wacholder<\/strong> sorgen f\u00fcr eine aufregende Frische, w\u00e4hrend <strong data-start=\"718\" data-end=\"747\">Toffee, Lavendel und Zimt<\/strong> dem Duft eine unwiderstehlich sinnliche Tiefe verleihen. <strong data-start=\"805\" data-end=\"841\">Vanille, Bernstein und Wildleder<\/strong> runden die Komposition mit einem markanten, maskulinen Charakter ab.<\/p>\n<p class=\"\" data-start=\"914\" data-end=\"1046\">Dieser Duft erz\u00e4hlt die Geschichte eines Mannes, der sich mutig jeder Herausforderung stellt \u2013 inspiriert von der Kraft der Liebe.<\/p>\n<p class=\"\" data-start=\"1048\" data-end=\"1298\">\ud83d\udca1 <strong data-start=\"1051\" data-end=\"1066\">Warum 318M?<\/strong><br data-start=\"1066\" data-end=\"1069\" \/>\u2714 Hochwertige Duftkomposition inspiriert von Giorgio Armani Emporio Armani Stronger With You Intensely<br data-start=\"1171\" data-end=\"1174\" \/>\u2714 Intensiv, sinnlich &amp; langanhaltend<br data-start=\"1210\" data-end=\"1213\" \/>\u2714 Perfekt f\u00fcr selbstbewusste M\u00e4nner mit einer Leidenschaft f\u00fcr das Au\u00dfergew\u00f6hnliche<\/p>\n<p class=\"\" data-start=\"1300\" data-end=\"1373\">\ud83d\uded2 <strong data-start=\"1303\" data-end=\"1371\">Jetzt bestellen und den unwiderstehlichen Duft von 318M erleben!<\/strong><\/p>\n","protected":false},"excerpt":{"rendered":"<p class=\"product__text inline-richtext\">Inspiraci\u00f3n: Giorgio Armani Emporio Armani Stronger With You Intensely EDP 50ML<\/p>\n<p class=\"product__text inline-richtext\"><strong>\u2705 Eau de Toilette 19-21% Perfume<\/strong><\/p>\n<p class=\"product__text inline-richtext\"><strong>\u2705 La fragancia dura un segundo d\u00eda<\/strong><\/p>\n<p class=\"product__text inline-richtext\"><strong>Compra la fragancia, no la marca: ahorra dinero<\/strong><\/p>\n","protected":false},"featured_media":35318,"comment_status":"open","ping_status":"closed","template":"","meta":{"_acf_changed":false},"product_brand":[],"product_cat":[199],"product_tag":[],"class_list":{"0":"post-25585","1":"product","2":"type-product","3":"status-publish","4":"has-post-thumbnail","6":"product_cat-para-hombre","8":"first","9":"instock","10":"shipping-taxable","11":"purchasable","12":"product-type-variable"},"acf":[],"aioseo_notices":[],"jetpack_sharing_enabled":true,"_links":{"self":[{"href":"https:\/\/dupescents.co\/es\/wp-json\/wp\/v2\/product\/25585","targetHints":{"allow":["GET"]}}],"collection":[{"href":"https:\/\/dupescents.co\/es\/wp-json\/wp\/v2\/product"}],"about":[{"href":"https:\/\/dupescents.co\/es\/wp-json\/wp\/v2\/types\/product"}],"replies":[{"embeddable":true,"href":"https:\/\/dupescents.co\/es\/wp-json\/wp\/v2\/comments?post=25585"}],"wp:featuredmedia":[{"embeddable":true,"href":"https:\/\/dupescents.co\/es\/wp-json\/wp\/v2\/media\/35318"}],"wp:attachment":[{"href":"https:\/\/dupescents.co\/es\/wp-json\/wp\/v2\/media?parent=25585"}],"wp:term":[{"taxonomy":"product_brand","embeddable":true,"href":"https:\/\/dupescents.co\/es\/wp-json\/wp\/v2\/product_brand?post=25585"},{"taxonomy":"product_cat","embeddable":true,"href":"https:\/\/dupescents.co\/es\/wp-json\/wp\/v2\/product_cat?post=25585"},{"taxonomy":"product_tag","embeddable":true,"href":"https:\/\/dupescents.co\/es\/wp-json\/wp\/v2\/product_tag?post=25585"}],"curies":[{"name":"wp","href":"https:\/\/api.w.org\/{rel}","templated":true}]}}