{"id":25541,"date":"2025-03-26T16:59:36","date_gmt":"2025-03-26T15:59:36","guid":{"rendered":"https:\/\/dupescents.co\/products\/huele-a-invictus\/"},"modified":"2025-12-08T15:16:46","modified_gmt":"2025-12-08T14:16:46","slug":"huele-a-invictus","status":"publish","type":"product","link":"https:\/\/dupescents.co\/es\/productos\/huele-a-invictus\/","title":{"rendered":"Huele a&#8230; Invictus"},"content":{"rendered":"<p>228M - Ersatz f\u00fcr Paco Rabanne Invictus<br \/>\nEAU DE PARFUM NO 228M - ERSATZ F\u00dcR PACO RABANNE INVICTUS<\/p>\n<p>DUFTNOTEN UNSERES ERSATZES:<\/p>\n<p>MARINE-NOTEN<br \/>\nGREYFRUIT<br \/>\nBLATT DER L\u00c4RCHE<br \/>\nMANDARINE<br \/>\nAMBRA<br \/>\nJASMINE<br \/>\nGUAIAC-HOLZ<br \/>\nEICHENMOSS<br \/>\nPACULA<br \/>\nDUFTBESCHREIBUNG:<\/p>\n<p>Ein frischer und zugleich vor Sinnlichkeit brodelnder Duft f\u00fcr unbesiegbare M\u00e4nner. Unser Eau de Parfum Nr. 228M ist das Gegenst\u00fcck zur ber\u00fchmten Komposition Paco Rabanne Invictus, die bei vielen Anwendern gro\u00dfen Anklang gefunden hat. Umwerfend erfrischende Meeresnoten zusammen mit Zitrusfr\u00fcchten, Jasmin und Patchouli bilden ein einzigartig verlockendes Aroma.<\/p>\n<p>Als Kuriosit\u00e4t sei hinzugef\u00fcgt, dass es von dem gleichwertigen Herrenparf\u00fcm Invictus auch eine eigene Version f\u00fcr Frauen gibt, das Ersatzparf\u00fcm Olympea. Die sch\u00f6nen D\u00fcfte, die sich in diesen beiden Eau de Parfums verbergen, sind intensiv und werden von aktiven Menschen geliebt.<\/p>\n<p>MERKMALE DES PARF\u00dcM-ERSATZES VON PACO INVICTUS:<br \/>\nDufttyp: aquatisch, holzig<br \/>\nF\u00fcr wen: m\u00e4nnlich<br \/>\nVolumen: 10 ml \/ 30 ml \/ 50 ml \/ 100 ml<br \/>\nProdukt-Code: 228M<br \/>\nDer Preis f\u00fcr dieses Parf\u00fcm h\u00e4ngt von der angegebenen Menge ab.<br \/>\nBitte geben Sie uns Ihr Feedback nach dem Kauf!<\/p>\n<p>\u00c4hnliche Parfums wie Invictus<br \/>\nEau de Toilette 228M von Fragrance Factory ist ein von Paco Rabanne Invictus inspirierter Duft. Die Komposition ist dem Original sehr \u00e4hnlich und wurde mit den hochwertigsten Duftstoffen hergestellt. Bestellen Sie und erleben Sie die Parf\u00fcm-Ersatzprodukte von Fragrance Factory!<\/p>\n<p>Sehen Sie auch andere Paco Rabanne Parfums und ihre Ersatzprodukte.<\/p>\n<p>Wie riecht der Ersatz f\u00fcr das Parf\u00fcm Paco Rabanne Invictus?<br \/>\nEs ist ein intensiver Duft, der als holzig und aquatisch eingestuft wird. Zu seinen Duftnoten geh\u00f6ren Ambra, Eichenmoos, Lorbeer, aber auch Meeresnoten, die einen noch st\u00e4rkeren Akzent setzen.<\/p>\n<p>Woran erinnert der Duft des Parfums Invictus replacement?<br \/>\nVor allem Energie, Dynamik, aber auch Frische - dank der Duftnoten, die es enth\u00e4lt.<\/p>\n<p>Wie gut ist das Ersatzparf\u00fcm von Paco Rabanne Invictus?<br \/>\nEs ist ein Eau de Parfum, das ebenso empfehlenswert ist wie das \u00c4quivalent des Parfums 1 Million, aber im Vergleich dazu wird es eher mit Selbstvertrauen assoziiert.<\/p>\n<p>Kann das \u00c4quivalent des Invictus-Parfums als Sportduft verwendet werden?<br \/>\nJa - und es funktioniert sowohl beim Training als auch au\u00dferhalb des Trainings gut. In dieser Hinsicht ist er einfach sehr vielseitig.<\/p>\n","protected":false},"excerpt":{"rendered":"<p class=\"product__text inline-richtext\">Inspiraci\u00f3n: Paco Rabanne Invictus EDT 100ML<\/p>\n<p class=\"product__text inline-richtext\"><strong>\u2705 Eau de Toilette 19-21% Perfume<\/strong><\/p>\n<p class=\"product__text inline-richtext\"><strong>\u2705 La fragancia dura un segundo d\u00eda<\/strong><\/p>\n<p class=\"product__text inline-richtext\"><strong>Compra la fragancia, no la marca: ahorra dinero<\/strong><\/p>\n","protected":false},"featured_media":36399,"comment_status":"open","ping_status":"closed","template":"","meta":{"_acf_changed":false},"product_brand":[],"product_cat":[199],"product_tag":[],"class_list":{"0":"post-25541","1":"product","2":"type-product","3":"status-publish","4":"has-post-thumbnail","6":"product_cat-para-hombre","8":"first","9":"instock","10":"shipping-taxable","11":"purchasable","12":"product-type-variable"},"acf":[],"aioseo_notices":[],"jetpack_sharing_enabled":true,"_links":{"self":[{"href":"https:\/\/dupescents.co\/es\/wp-json\/wp\/v2\/product\/25541","targetHints":{"allow":["GET"]}}],"collection":[{"href":"https:\/\/dupescents.co\/es\/wp-json\/wp\/v2\/product"}],"about":[{"href":"https:\/\/dupescents.co\/es\/wp-json\/wp\/v2\/types\/product"}],"replies":[{"embeddable":true,"href":"https:\/\/dupescents.co\/es\/wp-json\/wp\/v2\/comments?post=25541"}],"wp:featuredmedia":[{"embeddable":true,"href":"https:\/\/dupescents.co\/es\/wp-json\/wp\/v2\/media\/36399"}],"wp:attachment":[{"href":"https:\/\/dupescents.co\/es\/wp-json\/wp\/v2\/media?parent=25541"}],"wp:term":[{"taxonomy":"product_brand","embeddable":true,"href":"https:\/\/dupescents.co\/es\/wp-json\/wp\/v2\/product_brand?post=25541"},{"taxonomy":"product_cat","embeddable":true,"href":"https:\/\/dupescents.co\/es\/wp-json\/wp\/v2\/product_cat?post=25541"},{"taxonomy":"product_tag","embeddable":true,"href":"https:\/\/dupescents.co\/es\/wp-json\/wp\/v2\/product_tag?post=25541"}],"curies":[{"name":"wp","href":"https:\/\/api.w.org\/{rel}","templated":true}]}}