{"id":25486,"date":"2025-03-26T17:14:15","date_gmt":"2025-03-26T16:14:15","guid":{"rendered":"https:\/\/dupescents.co\/products\/huele-a-ultra-masculino\/"},"modified":"2026-02-21T20:03:07","modified_gmt":"2026-02-21T19:03:07","slug":"huele-a-ultra-masculino","status":"publish","type":"product","link":"https:\/\/dupescents.co\/es\/productos\/huele-a-ultra-masculino\/","title":{"rendered":"Huele a&#8230; Ultra Masculino"},"content":{"rendered":"<p>349M - REPUESTO JEAN PAUL GAULTIER ULTRA MASCULINO<br \/>\nPARF\u00dcMWASSER NR. 349M - REPUESTO JEAN PAUL GAULTIER ULTRA MASCULINO<\/p>\n<p>NOTAS DE FRAGANCIA DE NUESTRO SUSTITUTO:<\/p>\n<p>GRUSH<br \/>\nLAVANDA<br \/>\nCOIN<br \/>\nBERGAMOTA<br \/>\nLTRY<br \/>\nCANELA<br \/>\nPEQUE\u00d1A SALVIA<br \/>\nKMINE<br \/>\nC\u00d3CTEL DE C\u00c1SCARA DE VAINILLA NEGRA<br \/>\nBURSHINE<br \/>\nPACULA<br \/>\nCEDRO<br \/>\nDESCRIPCI\u00d3N DE LA FRAGANCIA:<\/p>\n<p>La contrapartida de Ultra Male es una fragancia masculina y seductora con car\u00e1cter oriental y un toque de dulzura. En el interior del frasco se esconden pera, lavanda calmante, menta y lim\u00f3n refrescantes, canela, salvia, alcaravea, pachul\u00ed y madera de cedro con un aroma profundo y c\u00e1lido. Sus propiedades calentadoras lo hacen perfecto para los meses m\u00e1s fr\u00edos. \u00a1Pru\u00e9balo en ti y reg\u00e1late cumplidos!   <\/p>\n<p>CARACTER\u00cdSTICAS DEL EQUIVALENTE DE UN PERFUME ULTRA-MASCULINO:<br \/>\nTipo de fragancia: oriental, fougere<br \/>\nPara qui\u00e9n: masculino<br \/>\nVolumen: 10 ml \/ 30 ml \/ 50 ml \/ 100 ml<br \/>\nC\u00f3digo del producto: 349M<br \/>\nEl precio de este perfume depende de la cantidad indicada.<br \/>\n\u00a1Por favor, danos tu opini\u00f3n despu\u00e9s de la compra!<\/p>\n<p>Echa un vistazo a otros perfumes de Jean Paul Gaultier.<\/p>\n","protected":false},"excerpt":{"rendered":"<p>Inspiraci\u00f3n: Jean Paul Gaultier Ultra Male EDT 75ML<\/p>\n<p class=\"product__text inline-richtext\"><strong>\u2705 Eau de Toilette 19-21% Perfume<\/strong><\/p>\n<p class=\"product__text inline-richtext\"><strong>\u2705 La fragancia dura un segundo d\u00eda<\/strong><\/p>\n<p class=\"product__text inline-richtext\"><strong>Compra la fragancia, no la marca: ahorra dinero<\/strong><\/p>\n","protected":false},"featured_media":35816,"comment_status":"open","ping_status":"closed","template":"","meta":{"_acf_changed":false},"product_brand":[],"product_cat":[199],"product_tag":[],"class_list":{"0":"post-25486","1":"product","2":"type-product","3":"status-publish","4":"has-post-thumbnail","6":"product_cat-para-hombre","8":"first","9":"instock","10":"shipping-taxable","11":"purchasable","12":"product-type-variable"},"acf":[],"aioseo_notices":[],"jetpack_sharing_enabled":true,"_links":{"self":[{"href":"https:\/\/dupescents.co\/es\/wp-json\/wp\/v2\/product\/25486","targetHints":{"allow":["GET"]}}],"collection":[{"href":"https:\/\/dupescents.co\/es\/wp-json\/wp\/v2\/product"}],"about":[{"href":"https:\/\/dupescents.co\/es\/wp-json\/wp\/v2\/types\/product"}],"replies":[{"embeddable":true,"href":"https:\/\/dupescents.co\/es\/wp-json\/wp\/v2\/comments?post=25486"}],"wp:featuredmedia":[{"embeddable":true,"href":"https:\/\/dupescents.co\/es\/wp-json\/wp\/v2\/media\/35816"}],"wp:attachment":[{"href":"https:\/\/dupescents.co\/es\/wp-json\/wp\/v2\/media?parent=25486"}],"wp:term":[{"taxonomy":"product_brand","embeddable":true,"href":"https:\/\/dupescents.co\/es\/wp-json\/wp\/v2\/product_brand?post=25486"},{"taxonomy":"product_cat","embeddable":true,"href":"https:\/\/dupescents.co\/es\/wp-json\/wp\/v2\/product_cat?post=25486"},{"taxonomy":"product_tag","embeddable":true,"href":"https:\/\/dupescents.co\/es\/wp-json\/wp\/v2\/product_tag?post=25486"}],"curies":[{"name":"wp","href":"https:\/\/api.w.org\/{rel}","templated":true}]}}