{"id":25253,"date":"2025-03-14T21:43:16","date_gmt":"2025-03-14T20:43:16","guid":{"rendered":"https:\/\/dupescents.co\/products\/huele-a-sauvage-elixir\/"},"modified":"2026-02-15T06:14:47","modified_gmt":"2026-02-15T05:14:47","slug":"huele-a-sauvage-elixir","status":"publish","type":"product","link":"https:\/\/dupescents.co\/es\/productos\/huele-a-sauvage-elixir\/","title":{"rendered":"Huele a&#8230; Sauvage Elixir"},"content":{"rendered":"<p class=\"\" data-start=\"105\" data-end=\"145\"><strong data-start=\"105\" data-end=\"143\">Inspiriert von Dior Sauvage Elixir<\/strong><\/p>\n<p class=\"\" data-start=\"147\" data-end=\"272\">\u2714 <strong data-start=\"149\" data-end=\"161\">Dufttyp:<\/strong> Aromatisch<br data-start=\"172\" data-end=\"175\" \/>\u2714 <strong data-start=\"177\" data-end=\"189\">F\u00fcr wen:<\/strong> Herren<br data-start=\"196\" data-end=\"199\" \/>\u2714 <strong data-start=\"201\" data-end=\"212\">Inhalt:<\/strong> 10 ml \/ 30 ml \/ 50 ml \/ 100 ml<br data-start=\"243\" data-end=\"246\" \/>\u2714 <strong data-start=\"248\" data-end=\"265\">Produkt-Code:<\/strong> 366M<\/p>\n<h3 class=\"\" data-start=\"274\" data-end=\"294\"><strong data-start=\"278\" data-end=\"292\">Duftnoten:<\/strong><\/h3>\n<p class=\"\" data-start=\"295\" data-end=\"456\"><strong data-start=\"295\" data-end=\"309\">Kopfnoten:<\/strong> Grapefruit, Lavendel<br data-start=\"330\" data-end=\"333\" \/><strong data-start=\"333\" data-end=\"347\">Herznoten:<\/strong> Zimt, Muskatnuss, Kardamom, Lakritze<br data-start=\"384\" data-end=\"387\" \/><strong data-start=\"387\" data-end=\"402\">Basisnoten:<\/strong> Sandelholz, Amber, Patchouli, Haitianischer Vetiver<\/p>\n<h3 class=\"\" data-start=\"458\" data-end=\"481\"><strong data-start=\"462\" data-end=\"479\">Beschreibung:<\/strong><\/h3>\n<p class=\"\" data-start=\"482\" data-end=\"880\">Erleben Sie die geheimnisvolle Kraft von <strong data-start=\"523\" data-end=\"531\">366M<\/strong>, einem intensiven Duft voller Tiefe und Raffinesse. Die belebenden Noten von <strong data-start=\"609\" data-end=\"636\">Grapefruit und Lavendel<\/strong> er\u00f6ffnen die Komposition, w\u00e4hrend die w\u00fcrzige W\u00e4rme von <strong data-start=\"693\" data-end=\"726\">Zimt, Muskatnuss und Kardamom<\/strong> eine faszinierende S\u00fc\u00dfe entfaltet. <strong data-start=\"762\" data-end=\"795\">Patchouli, Amber und Lakritze<\/strong> verleihen dem Duft eine wilde, verf\u00fchrerische Note, die lange auf der Haut bleibt.<\/p>\n<p class=\"\" data-start=\"882\" data-end=\"998\">Ein perfekter Duft f\u00fcr <strong data-start=\"905\" data-end=\"955\">lange Sommerabende oder frostige Morgenstunden<\/strong> \u2013 kraftvoll, maskulin und unvergesslich.<\/p>\n<p class=\"\" data-start=\"1000\" data-end=\"1189\">\ud83d\udca1 <strong data-start=\"1003\" data-end=\"1018\">Warum 366M?<\/strong><br data-start=\"1018\" data-end=\"1021\" \/>\u2714 Hochwertige Duftkomposition inspiriert von Dior Sauvage Elixir<br data-start=\"1085\" data-end=\"1088\" \/>\u2714 Langanhaltend &amp; intensiv \u2013 ideal f\u00fcr selbstbewusste M\u00e4nner<br data-start=\"1148\" data-end=\"1151\" \/>\u2714 Erh\u00e4ltlich in verschiedenen Gr\u00f6\u00dfen<\/p>\n<p class=\"\" data-start=\"1191\" data-end=\"1267\">\ud83d\uded2 <strong data-start=\"1194\" data-end=\"1267\" data-is-last-node=\"\">Jetzt bestellen und die Magie dieses au\u00dfergew\u00f6hnlichen Dufts erleben!<\/strong><\/p>\n","protected":false},"excerpt":{"rendered":"<p class=\"product__text inline-richtext\">Inspiraci\u00f3n: Dior Sauvage Elixir 60ML<\/p>\n<p class=\"product__text inline-richtext\"><strong>\u2705 Eau de Toilette 19-21% Perfume<\/strong><\/p>\n<p class=\"product__text inline-richtext\"><strong>\u2705 La fragancia dura un segundo d\u00eda<\/strong><\/p>\n<p class=\"product__text inline-richtext\"><strong>Compra la fragancia, no la marca: ahorra dinero<\/strong><\/p>\n","protected":false},"featured_media":35291,"comment_status":"open","ping_status":"closed","template":"","meta":{"_acf_changed":false},"product_brand":[],"product_cat":[199],"product_tag":[],"class_list":{"0":"post-25253","1":"product","2":"type-product","3":"status-publish","4":"has-post-thumbnail","6":"product_cat-para-hombre","8":"first","9":"instock","10":"shipping-taxable","11":"purchasable","12":"product-type-variable"},"acf":[],"aioseo_notices":[],"jetpack_sharing_enabled":true,"_links":{"self":[{"href":"https:\/\/dupescents.co\/es\/wp-json\/wp\/v2\/product\/25253","targetHints":{"allow":["GET"]}}],"collection":[{"href":"https:\/\/dupescents.co\/es\/wp-json\/wp\/v2\/product"}],"about":[{"href":"https:\/\/dupescents.co\/es\/wp-json\/wp\/v2\/types\/product"}],"replies":[{"embeddable":true,"href":"https:\/\/dupescents.co\/es\/wp-json\/wp\/v2\/comments?post=25253"}],"wp:featuredmedia":[{"embeddable":true,"href":"https:\/\/dupescents.co\/es\/wp-json\/wp\/v2\/media\/35291"}],"wp:attachment":[{"href":"https:\/\/dupescents.co\/es\/wp-json\/wp\/v2\/media?parent=25253"}],"wp:term":[{"taxonomy":"product_brand","embeddable":true,"href":"https:\/\/dupescents.co\/es\/wp-json\/wp\/v2\/product_brand?post=25253"},{"taxonomy":"product_cat","embeddable":true,"href":"https:\/\/dupescents.co\/es\/wp-json\/wp\/v2\/product_cat?post=25253"},{"taxonomy":"product_tag","embeddable":true,"href":"https:\/\/dupescents.co\/es\/wp-json\/wp\/v2\/product_tag?post=25253"}],"curies":[{"name":"wp","href":"https:\/\/api.w.org\/{rel}","templated":true}]}}