{"id":29502,"date":"2025-11-09T21:36:20","date_gmt":"2025-11-09T20:36:20","guid":{"rendered":"https:\/\/dupescents.co\/condiciones-de-uso\/"},"modified":"2025-11-14T12:47:20","modified_gmt":"2025-11-14T11:47:20","slug":"condiciones-de-uso","status":"publish","type":"page","link":"https:\/\/dupescents.co\/es\/condiciones-de-uso\/","title":{"rendered":"Condiciones de uso"},"content":{"rendered":"<h2><strong>Condiciones generales de la tienda online magischesparfum.de<\/strong><\/h2>\n<p>\u00c9stas regulan, entre otras cosas, los principios para la celebraci\u00f3n de contratos de compraventa a trav\u00e9s de la tienda y contienen la informaci\u00f3n m\u00e1s importante sobre el vendedor, la tienda y los derechos del consumidor.<br \/>\n<em>Las disposiciones relativas al contratista privilegiado se aplican a los contratos celebrados a partir del 31 de octubre de 2025.<\/em><\/p>\n<hr>\n<h2><strong>\u00cdNDICE<\/strong><\/h2>\n<p>\u00a7 1 Definiciones<br \/>\u00a7 2 Contacto con el vendedor<br \/>\u00a7 3 Requisitos t\u00e9cnicos<br \/>\u00a7 4 Compras en la tienda<br \/>\u00a7 5 Pagos<br \/>\u00a7 6 Tramitaci\u00f3n de pedidos<br \/>\u00a7 7 Derecho de cancelaci\u00f3n<br \/>\u00a7 8 Excepciones al derecho de cancelaci\u00f3n<br \/>\u00a7 9 Denuncias<br \/>\u00a7 10 Datos personales<br \/>\u00a7 11 Disposiciones finales<\/p>\n<hr>\n<h2><strong>\u00a7 1 DEFINICIONES<\/strong><\/h2>\n<p><strong>D\u00edas laborables<\/strong>: d\u00edas de lunes a viernes, a excepci\u00f3n de los d\u00edas festivos.<br \/><strong>Consumidor<\/strong> - un consumidor en el sentido de las disposiciones del C\u00f3digo Civil.<br \/><strong>Cuenta<\/strong> - una funci\u00f3n gratuita de la Tienda (servicio prestado electr\u00f3nicamente) regulada por disposiciones separadas, gracias a la cual el Comprador puede crear su cuenta individual en la Tienda.<br \/><strong>Comprador<\/strong> - cualquier persona f\u00edsica o jur\u00eddica que realice una compra en la Tienda.<br \/><strong>Comprador privilegiado<\/strong>: un consumidor o un empresario privilegiado.<br \/><strong>Empresario privilegiado<\/strong> - persona f\u00edsica que celebra con el vendedor un contrato directamente relacionado con su actividad empresarial, pero que no tiene para \u00e9l car\u00e1cter profesional (definici\u00f3n v\u00e1lida para los contratos celebrados a partir del 1 de octubre de 2025).<br \/><strong>AGB<\/strong> - las presentes Condiciones Generales.<br \/><strong>Tienda<\/strong> - la tienda online stylidekor.pl operada por el vendedor en la direcci\u00f3n <a rel=\"noopener\" href=\"https:\/\/stylidekor.pl\">https:\/\/stylidekor.pl<\/a>.<br \/><strong>Vendedor<\/strong> - Magic Perufme Sp. z o.o. con domicilio social en Marsza\u0142ka Jana D\u0105bskiego 31c\/15, 72-300 Gryfice, Polonia, inscrita en el Registro Nacional Judicial - Registro de Empresarios por el Tribunal de Distrito de Szczecin, con el n\u00famero KRS 0001138079, NIP (n\u00famero de IVA) PL8571940901. <\/p>\n<hr>\n<h2><strong>\u00a7 2 CONTACTO CON EL VENDEDOR<\/strong><\/h2>\n<p>Direcci\u00f3n postal: Marsza\u0142ka Jana D\u0105bskiego 31c\/15, 72-300 Gryfice, Polonia<br \/>Direcci\u00f3n de correo electr\u00f3nico:  <strong><a href=\"mailto:kontakt@dupescents.co\" rel=\"noopener\">kontakt@dupescents.co<\/a><\/strong><\/p>\n<hr>\n<h2><strong>\u00a7 3 REQUISITOS T\u00c9CNICOS<\/strong><\/h2>\n<p>Para el buen funcionamiento de la tienda se necesita lo siguiente:<\/p>\n<ol>\n<li>\nun dispositivo con acceso a Internet,\n<\/li>\n<li>\nun navegador web que admita JavaScript y cookies.\n<\/li>\n<\/ol>\n<p>Para hacer un pedido en la tienda, se requiere una cuenta de correo electr\u00f3nico activa, adem\u00e1s de los requisitos anteriores.<\/p>\n<hr>\n<h2><strong>\u00a7 4 COMPRAS EN LA TIENDA<\/strong><\/h2>\n<ol>\n<li>\nLos precios de las mercanc\u00edas visibles en la tienda son precios totales.\n<\/li>\n<li>\nEl precio total del pedido se compone del precio de los bienes y -si procede- de los gastos de env\u00edo.\n<\/li>\n<li>\nLos productos seleccionados deben colocarse en la cesta de la compra.\n<\/li>\n<li>\nEl comprador selecciona la forma de env\u00edo, la forma de pago e introduce los datos necesarios para realizar el pedido.\n<\/li>\n<li>\nEl pedido se realiza una vez confirmado su contenido y aceptadas las presentes CGC.\n<\/li>\n<li>\nHacer un pedido equivale a celebrar un contrato de compraventa.\n<\/li>\n<li>\nEl vendedor enviar\u00e1 al comprador privilegiado una confirmaci\u00f3n de la celebraci\u00f3n del contrato de compra en un soporte duradero a m\u00e1s tardar en el momento de la entrega de la mercanc\u00eda.\n<\/li>\n<li>\nEl comprador puede realizar compras con o sin registrar una cuenta.\n<\/li>\n<\/ol>\n<hr>\n<h2><strong>\u00a7 5 PAGOS<\/strong><\/h2>\n<p>Formas de pago disponibles:<\/p>\n<ul>\n<li>\nTransferencia bancaria,\n<\/li>\n<li>\nTarjeta de pago (Visa, MasterCard, Maestro),\n<\/li>\n<li>\nplataformas de pago (Przelewy24).\n<\/li>\n<\/ul>\n<p>El comprador est\u00e1 obligado a pagar el pedido en el plazo de 1 d\u00eda laborable a partir de la realizaci\u00f3n del pedido (en caso de pago por adelantado).<br \/>El comprador acepta el uso de facturas electr\u00f3nicas por parte del vendedor.<\/p>\n<hr>\n<h2><strong>\u00a7 6 TRAMITACI\u00d3N DEL PEDIDO<\/strong><\/h2>\n<ol>\n<li>\nEl vendedor entregar\u00e1 mercanc\u00edas sin defectos.\n<\/li>\n<li>\nEl plazo para procesar el pedido se especifica en la tienda.\n<\/li>\n<li>\nEn caso de pago por adelantado, la tramitaci\u00f3n tiene lugar despu\u00e9s de la reserva del pago.\n<\/li>\n<li>\nPara los pedidos que comprenden varios productos, se aplica el plazo del producto con el tiempo de procesamiento m\u00e1s largo.\n<\/li>\n<li>\nLa mercanc\u00eda se entrega exclusivamente en el territorio de la Rep\u00fablica de Polonia.\n<\/li>\n<\/ol>\n<hr>\n<h2><strong>\u00a7 7 DERECHO DE CANCELACI\u00d3N<\/strong><\/h2>\n<p>El comprador privilegiado tiene derecho a rescindir el contrato en un plazo de 14 d\u00edas sin indicar los motivos.<br \/>Las condiciones detalladas para la cancelaci\u00f3n, el reembolso de los pagos y las obligaciones de las partes se establecen en el Art. 7-8 de estas CGC.<\/p>\n<hr>\n<h2><strong>\u00a7 8 EXCEPCIONES AL DERECHO DE CANCELACI\u00d3N<\/strong><\/h2>\n<ol>\n<li>El derecho de cancelaci\u00f3n de los contratos de venta a distancia de acuerdo con el \u00a7 7 de las CGC no se aplica a los contratos:\n<ol>\n<li>cuando el objeto del servicio sea un art\u00edculo no prefabricado que se haya fabricado seg\u00fan las especificaciones del comprador privilegiado o sirva para satisfacer sus necesidades individuales;<\/li>\n<li>cuando el objeto del servicio es un art\u00edculo que puede estropearse r\u00e1pidamente o cuya fecha de caducidad es corta;<\/li>\n<li>cuando el objeto del servicio sea un art\u00edculo entregado en un embalaje precintado que no pueda devolverse tras abrir el embalaje por razones de protecci\u00f3n de la salud o de higiene, si el embalaje se ha abierto despu\u00e9s de la entrega;<\/li>\n<li>cuando el objeto del servicio sean bienes que, por su naturaleza, se combinen inseparablemente con otros bienes despu\u00e9s de la entrega;<\/li>\n<li>cuando el objeto del servicio sean grabaciones sonoras o de v\u00eddeo o programas inform\u00e1ticos entregados en un embalaje precintado, si el embalaje se abri\u00f3 despu\u00e9s de la entrega;<\/li>\n<li>para la entrega de diarios, revistas o publicaciones peri\u00f3dicas, a excepci\u00f3n de los contratos de suscripci\u00f3n;<\/li>\n<li>cuando el precio o la remuneraci\u00f3n dependen de fluctuaciones del mercado financiero sobre las que el vendedor no tiene control y que pueden producirse antes de que venza el plazo de cancelaci\u00f3n.<\/li>\n<\/ol>\n<\/li>\n<\/ol>\n<hr>\n<h2><strong>\u00a7 9 QUEJAS<\/strong><\/h2>\n<ol>\n<li>\nEl comprador puede presentar una reclamaci\u00f3n basada en la garant\u00eda (si se concede).\n<\/li>\n<li>\nLas reclamaciones deben enviarse a la direcci\u00f3n de correo electr\u00f3nico <strong><a href=\"mailto:kontakt@dupescents.co\" rel=\"noopener\">kontakt@dupescents.co<\/a><\/strong>.\n<\/li>\n<li>\nEl vendedor tramita las reclamaciones en un plazo de 14 d\u00edas.\n<\/li>\n<li>\nEn el caso de un comprador privilegiado, el vendedor corre con los gastos de devoluci\u00f3n de la mercanc\u00eda.\n<\/li>\n<\/ol>\n<p><\/p>\n<hr>\n<h2><strong>\u00a7 10 DATOS PERSONALES<\/strong><\/h2>\n<p>El administrador de los datos personales es <strong>Magic Perufme Sp. z o.o.<\/strong><br \/>Las normas detalladas para el tratamiento de los datos personales se pueden encontrar en la <strong>pol\u00edtica de privacidad<\/strong> disponible en la tienda.<\/p>\n<hr>\n<h2><strong>\u00a7 11 DISPOSICIONES FINALES<\/strong><\/h2>\n<ol>\n<li>\nSe proh\u00edbe al comprador proporcionar contenidos de naturaleza ilegal.\n<\/li>\n<li>\nCada pedido constituye un contrato independiente.\n<\/li>\n<li>\nLos contratos se celebran en polaco.\n<\/li>\n<li>\nEn el caso de un comprador que no sea consumidor, el tribunal competente es el del domicilio social del vendedor.\n<\/li>\n<\/ol>\n","protected":false},"excerpt":{"rendered":"<p>Condiciones generales de la tienda online magischesparfum.de \u00c9stas regulan, entre otras cosas, los principios para la celebraci\u00f3n de contratos de compraventa a trav\u00e9s de la tienda y contienen la informaci\u00f3n m\u00e1s importante sobre el vendedor, la tienda y los derechos del consumidor. Las disposiciones relativas al contratista privilegiado se aplican a los contratos celebrados a [&hellip;]<\/p>\n","protected":false},"author":2,"featured_media":0,"parent":0,"menu_order":0,"comment_status":"closed","ping_status":"closed","template":"","meta":{"_acf_changed":false,"footnotes":""},"class_list":["post-29502","page","type-page","status-publish","hentry"],"acf":[],"aioseo_notices":[],"jetpack_sharing_enabled":true,"_links":{"self":[{"href":"https:\/\/dupescents.co\/es\/wp-json\/wp\/v2\/pages\/29502","targetHints":{"allow":["GET"]}}],"collection":[{"href":"https:\/\/dupescents.co\/es\/wp-json\/wp\/v2\/pages"}],"about":[{"href":"https:\/\/dupescents.co\/es\/wp-json\/wp\/v2\/types\/page"}],"author":[{"embeddable":true,"href":"https:\/\/dupescents.co\/es\/wp-json\/wp\/v2\/users\/2"}],"replies":[{"embeddable":true,"href":"https:\/\/dupescents.co\/es\/wp-json\/wp\/v2\/comments?post=29502"}],"version-history":[{"count":1,"href":"https:\/\/dupescents.co\/es\/wp-json\/wp\/v2\/pages\/29502\/revisions"}],"predecessor-version":[{"id":29503,"href":"https:\/\/dupescents.co\/es\/wp-json\/wp\/v2\/pages\/29502\/revisions\/29503"}],"wp:attachment":[{"href":"https:\/\/dupescents.co\/es\/wp-json\/wp\/v2\/media?parent=29502"}],"curies":[{"name":"wp","href":"https:\/\/api.w.org\/{rel}","templated":true}]}}