{"id":25668,"date":"2025-06-26T22:46:23","date_gmt":"2025-06-26T20:46:23","guid":{"rendered":"https:\/\/dupescents.co\/sobre-nosotros\/"},"modified":"2025-11-05T19:20:44","modified_gmt":"2025-11-05T18:20:44","slug":"sobre-nosotros","status":"publish","type":"page","link":"https:\/\/dupescents.co\/es\/sobre-nosotros\/","title":{"rendered":"Sobre nosotros"},"content":{"rendered":"\n<h1 class=\"wp-block-heading\">Sobre nosotros - Perfume m\u00e1gico<\/h1>\n\n<p>Bienvenido a Magisches Parfum, un lugar donde las fragancias inspiran la imaginaci\u00f3n y se convierten en parte de tu vida cotidiana. Nuestra pasi\u00f3n por los aromas excepcionales nos ha inspirado para crear una colecci\u00f3n que combina la m\u00e1xima calidad con precios asequibles. <\/p>\n\n<p>En Magisches Parfum, creemos que todo el mundo deber\u00eda tener la oportunidad de expresarse a trav\u00e9s de fragancias que desprendan elegancia, energ\u00eda y car\u00e1cter. Nuestras creaciones se desarrollan con el m\u00e1ximo cuidado para satisfacer las necesidades de los clientes m\u00e1s exigentes y reflejan la belleza y la armon\u00eda de las composiciones de fragancias ic\u00f3nicas que conoces y amas. <\/p>\n\n<h2 class=\"wp-block-heading\">\u00bfQu\u00e9 nos diferencia?<\/h2>\n\n<ul class=\"wp-block-list\">\n<li><strong>Calidad excepcional:<\/strong> Cada una de nuestras fragancias se crea prestando atenci\u00f3n a los detalles para garantizar una intensidad y longevidad que duren todo el d\u00eda.<\/li>\n\n\n\n<li><strong>Aromas inspiradores:<\/strong> Ofrecemos una colecci\u00f3n de fragancias inspiradas en las composiciones m\u00e1s famosas y populares del mundo.<\/li>\n\n\n\n<li><strong>Asequible para todos:<\/strong> Nuestra misi\u00f3n es hacer que los sabores excepcionales sean accesibles para todos, sin comprometer la calidad ni el estilo.<\/li>\n<\/ul>\n\n<p>Nuestro objetivo no es s\u00f3lo ofrecer productos, sino tambi\u00e9n crear una experiencia: una fragancia que resalte tu car\u00e1cter \u00fanico y haga que cada momento sea especial.<\/p>\n\n<p>Descubre nuestra colecci\u00f3n y encuentra la fragancia que se convertir\u00e1 en tu marca personal.<\/p>\n\n<p><strong>Perfume m\u00e1gico: la magia de las fragancias al alcance de tu mano.<\/strong><\/p>\n","protected":false},"excerpt":{"rendered":"<p>Sobre nosotros - Perfume m\u00e1gico Bienvenido a Magisches Parfum, un lugar donde las fragancias inspiran la imaginaci\u00f3n y se convierten en parte de tu vida cotidiana. Nuestra pasi\u00f3n por los aromas excepcionales nos ha inspirado para crear una colecci\u00f3n que combina la m\u00e1xima calidad con precios asequibles. En Magisches Parfum, creemos que todo el mundo [&hellip;]<\/p>\n","protected":false},"author":1,"featured_media":0,"parent":0,"menu_order":0,"comment_status":"closed","ping_status":"closed","template":"","meta":{"_acf_changed":false,"footnotes":""},"class_list":["post-25668","page","type-page","status-publish","hentry"],"acf":[],"aioseo_notices":[],"jetpack_sharing_enabled":true,"_links":{"self":[{"href":"https:\/\/dupescents.co\/es\/wp-json\/wp\/v2\/pages\/25668","targetHints":{"allow":["GET"]}}],"collection":[{"href":"https:\/\/dupescents.co\/es\/wp-json\/wp\/v2\/pages"}],"about":[{"href":"https:\/\/dupescents.co\/es\/wp-json\/wp\/v2\/types\/page"}],"author":[{"embeddable":true,"href":"https:\/\/dupescents.co\/es\/wp-json\/wp\/v2\/users\/1"}],"replies":[{"embeddable":true,"href":"https:\/\/dupescents.co\/es\/wp-json\/wp\/v2\/comments?post=25668"}],"version-history":[{"count":1,"href":"https:\/\/dupescents.co\/es\/wp-json\/wp\/v2\/pages\/25668\/revisions"}],"predecessor-version":[{"id":25669,"href":"https:\/\/dupescents.co\/es\/wp-json\/wp\/v2\/pages\/25668\/revisions\/25669"}],"wp:attachment":[{"href":"https:\/\/dupescents.co\/es\/wp-json\/wp\/v2\/media?parent=25668"}],"curies":[{"name":"wp","href":"https:\/\/api.w.org\/{rel}","templated":true}]}}